{"id":8983,"date":"2022-07-12T10:40:07","date_gmt":"2022-07-12T08:40:07","guid":{"rendered":"https:\/\/www.bahnmedien.at\/new_2017-08-09\/?post_type=product&#038;p=8983"},"modified":"2026-03-24T19:43:33","modified_gmt":"2026-03-24T18:43:33","slug":"schmalspurig-durch-alt-oesterreich-2","status":"publish","type":"product","link":"https:\/\/www.bahnmedien.at\/new_2017-08-09\/produkt\/schmalspurig-durch-alt-oesterreich-2\/","title":{"rendered":"Schmalspurig durch Alt-\u00d6sterreich"},"content":{"rendered":"<p>Die drei B\u00e4nde aus dem Slezak-Verlag zum Thema \u201eSchmalspurbahnen in \u00d6sterreich\u201c z\u00e4hlen zu den Klassikern der \u00f6sterreichischen Eisenbahnliteratur. Sie behandeln alle schmalspurigen Bahnen innerhalb der Grenzen des heutigen \u00d6sterreich.<\/p>\n<p>bahnmedien.at hat sich der Aufgabe gestellt, \u00e4hnlich wie schon mit den Stra\u00dfenbahnbetrieben der Donaumonarchie, einen \u00dcbersichtsband zum Thema \u201eSchmalspurbahnen in Alt-\u00d6sterreich\u201c zusammenzustellen. Unter Alt-\u00d6sterreich ist dabei der \u00f6sterreichische Teil \u00d6sterreich-Ungarns zu verstehen, also jene Landesteile, die auch als \u201eCisleithanien\u201c bezeichnet wurden. Dazu z\u00e4hlen auch Galizien und die Bukowina sowie Dalmatien und Bosnien-Herzegowina. In diese enzyklop\u00e4dische Zusammenstellung finden sowohl private als auch staatliche Bahnen Aufnahme. Grundvoraussetzung war, dass auf den behandelten Bahnen \u00f6ffentlicher Verkehr stattgefunden hat. Schmalspurige \u00dcberlandbahnen werden auch dann besprochen, wenn sie sp\u00e4ter zu Stra\u00dfenbahnbetrieben mutierten. Diese Vorgehensweise f\u00fchrt zwar zu kleinen inhaltlichen \u00dcberschneidungen mit unserem Buch \u00fcber die Stra\u00dfenbahnbetriebe, was wir aber angesichts der unterschiedlichen Interessensgruppen, Stra\u00dfenbahn \u2013 Schmalspur, f\u00fcr entschuldbar halten.<\/p>\n<p>Zus\u00e4tzlich zu den wichtigsten Eckdaten, wie Er\u00f6ffnungs- und Einstellungsdatum, haben wir f\u00fcr jede Bahn eine Karte sowie Fotos, deren Aufnahmedatum vor dem Ende der Donaumonarchie datieren, zusammengestellt. Au\u00dferdem werden die Bahnen in einem kurzen Textteil beschrieben und ihre bis 1918 vorhandenen Triebfahrzeuge tabellarisch aufgelistet. Bei vielen Bahnen gab es auch Fotos aus den 1950er und 1960er Jahren, die von \u00f6sterreichischen Fotografen oft kurz vor der Einstellung aufgenommen worden sind. Auch diese wollen wir den Leserinnen und Lesern nicht vorenthalten. Ein ausf\u00fchrlicher Index erleichtert die Suche, die umfangreiche Angabe weiterf\u00fchrender Literatur das tiefere Eindringen in die Geschichte einzelner Bahnen.<\/p>\n<p>Das Buch hat einen Umfang von 368 Seiten im Format 280 x 215 mm und zahlreiche SW-Abbildungen.<\/p>\n<p>Dieses Buch wurde <a href=\"https:\/\/fpm.climatepartner.com\/tracking\/11066-2207-1002\/de\">klimaneutral produziert<\/a><\/p>\n<p>Korrekturen und Erg\u00e4nzungen sind <a href=\"https:\/\/www.bahnmedien.at\/new_2017-08-09\/wp-content\/uploads\/2022\/11\/Korr_37_1.pdf\">hier<\/a> zu finden.<\/p>\n<p><iframe scrolling=no width=\"100%\" onload=\"this.style.height=this.contentDocument.body.scrollHeight +'px';\" src=\"https:\/\/www.bahnmedien.at\/new_2017-08-09\/anhang.html\" seamless><\/iframe><\/p>\n","protected":false},"excerpt":{"rendered":"<p>Schmalspurig durch Alt-\u00d6sterreich<br \/>\n<strong>Autoren:<\/strong> Johann Blieberger, Arthur Meyer, Josef Pospichal<\/p>\n","protected":false},"featured_media":8979,"template":"","meta":{"_acf_changed":false,"kt_blocks_editor_width":""},"product_brand":[],"product_cat":[25],"product_tag":[],"class_list":{"0":"post-8983","1":"product","2":"type-product","3":"status-publish","4":"has-post-thumbnail","6":"product_cat-strassenbahn","8":"first","9":"instock","10":"taxable","11":"shipping-taxable","12":"purchasable","13":"product-type-simple"},"acf":[],"post_mailing_queue_ids":[],"_links":{"self":[{"href":"https:\/\/www.bahnmedien.at\/new_2017-08-09\/wp-json\/wp\/v2\/product\/8983","targetHints":{"allow":["GET"]}}],"collection":[{"href":"https:\/\/www.bahnmedien.at\/new_2017-08-09\/wp-json\/wp\/v2\/product"}],"about":[{"href":"https:\/\/www.bahnmedien.at\/new_2017-08-09\/wp-json\/wp\/v2\/types\/product"}],"wp:featuredmedia":[{"embeddable":true,"href":"https:\/\/www.bahnmedien.at\/new_2017-08-09\/wp-json\/wp\/v2\/media\/8979"}],"wp:attachment":[{"href":"https:\/\/www.bahnmedien.at\/new_2017-08-09\/wp-json\/wp\/v2\/media?parent=8983"}],"wp:term":[{"taxonomy":"product_brand","embeddable":true,"href":"https:\/\/www.bahnmedien.at\/new_2017-08-09\/wp-json\/wp\/v2\/product_brand?post=8983"},{"taxonomy":"product_cat","embeddable":true,"href":"https:\/\/www.bahnmedien.at\/new_2017-08-09\/wp-json\/wp\/v2\/product_cat?post=8983"},{"taxonomy":"product_tag","embeddable":true,"href":"https:\/\/www.bahnmedien.at\/new_2017-08-09\/wp-json\/wp\/v2\/product_tag?post=8983"}],"curies":[{"name":"wp","href":"https:\/\/api.w.org\/{rel}","templated":true}]}}