{"id":8496,"date":"2021-03-20T16:08:41","date_gmt":"2021-03-20T15:08:41","guid":{"rendered":"https:\/\/www.bahnmedien.at\/new_2017-08-09\/?post_type=product&#038;p=8496"},"modified":"2026-03-06T14:27:21","modified_gmt":"2026-03-06T13:27:21","slug":"linie-2-die-grazer-ringlinie","status":"publish","type":"product","link":"https:\/\/www.bahnmedien.at\/new_2017-08-09\/produkt\/linie-2-die-grazer-ringlinie\/","title":{"rendered":"Linie 2 &#8211; die Grazer Ringlinie"},"content":{"rendered":"<p><strong>Lieferbar ab 13.7.2021.<\/strong><\/p>\n<p>Am 16. J\u00e4nner des Jahres 1971, also vor etwas mehr als 50 Jahren, kam das Aus f\u00fcr die legend\u00e4re Stra\u00dfenbahnlinie 2. Als \u201eRinglinie\u201c f\u00fchrte sie vom heutigen Hauptbahnhof in einer Schleife rund um den Schlossberg. Ins Leben gerufen wurde die sp\u00e4tere Linie 2 am 28. Juni 1879 als Pferde-Tramway. Zu Beginn befuhr die Ringlinie nur die Teilstrecke vom S\u00fcdbahnhof durch die Innenstadt bis zum Geidorfplatz. 1888 wurde die Strecke \u00fcber den Lendplatz bis zum Roseggerhaus verl\u00e4ngert. Damit war der Ring um den Schlossberg bereits in der \u00c4ra der Pferde-Tramway geschlossen. Mit der Elektrifizierung der Grazer Stra\u00dfenbahn 1899 wurde die Streckenf\u00fchrung der Ringlinie abge\u00e4ndert. Ab diesem Zeitpunkt fuhr die Linie 2 vom Lendplatz \u00fcber die Keplerstra\u00dfe direkt zum S\u00fcdbahnhof.<\/p>\n<p>Unser Bildband pr\u00e4sentiert die Strecke des 2er in zahlreichen Ansichtskarten und Fotografien aus allen Epochen des Betriebes \u2013 von der Pferde-Tramway bis zu den modernen Wagen kurz vor der Einstellung.<\/p>\n<p>132 Seiten im Format 240 x 205 mm enthalten 124 SW- und Farbaufnahmen.<\/p>\n<p><iframe scrolling=no width=\"100%\" onload=\"this.style.height=this.contentDocument.body.scrollHeight +'px';\" src=\"https:\/\/www.bahnmedien.at\/new_2017-08-09\/anhang.html\" seamless><\/iframe><\/p>\n","protected":false},"excerpt":{"rendered":"<p>Linie 2 &#8211; die Grazer Ringlinie<br \/>\nErscheinungsjahr: 2021<\/p>\n<p><strong>Autor:<\/strong> Martin Bauer<\/p>\n<p><strong>Dieser Band ist verlagseitig vergriffen. Sie k\u00f6nnen Ihr Exemplar aber direkt beim <a href=\"https:\/\/www.tramway-museum-graz.at\/shop\/OShop\/\">Tramwaymuseum in Graz<\/a> bestellen.<\/strong><\/p>\n","protected":false},"featured_media":8690,"template":"","meta":{"_acf_changed":false,"kt_blocks_editor_width":""},"product_brand":[],"product_cat":[29,25],"product_tag":[],"class_list":{"0":"post-8496","1":"product","2":"type-product","3":"status-publish","4":"has-post-thumbnail","6":"product_cat-bildband","7":"product_cat-strassenbahn","9":"first","10":"instock","11":"taxable","12":"shipping-taxable","13":"purchasable","14":"product-type-simple"},"acf":[],"post_mailing_queue_ids":[],"_links":{"self":[{"href":"https:\/\/www.bahnmedien.at\/new_2017-08-09\/wp-json\/wp\/v2\/product\/8496","targetHints":{"allow":["GET"]}}],"collection":[{"href":"https:\/\/www.bahnmedien.at\/new_2017-08-09\/wp-json\/wp\/v2\/product"}],"about":[{"href":"https:\/\/www.bahnmedien.at\/new_2017-08-09\/wp-json\/wp\/v2\/types\/product"}],"wp:featuredmedia":[{"embeddable":true,"href":"https:\/\/www.bahnmedien.at\/new_2017-08-09\/wp-json\/wp\/v2\/media\/8690"}],"wp:attachment":[{"href":"https:\/\/www.bahnmedien.at\/new_2017-08-09\/wp-json\/wp\/v2\/media?parent=8496"}],"wp:term":[{"taxonomy":"product_brand","embeddable":true,"href":"https:\/\/www.bahnmedien.at\/new_2017-08-09\/wp-json\/wp\/v2\/product_brand?post=8496"},{"taxonomy":"product_cat","embeddable":true,"href":"https:\/\/www.bahnmedien.at\/new_2017-08-09\/wp-json\/wp\/v2\/product_cat?post=8496"},{"taxonomy":"product_tag","embeddable":true,"href":"https:\/\/www.bahnmedien.at\/new_2017-08-09\/wp-json\/wp\/v2\/product_tag?post=8496"}],"curies":[{"name":"wp","href":"https:\/\/api.w.org\/{rel}","templated":true}]}}