{"id":6712,"date":"2021-02-19T06:30:20","date_gmt":"2021-02-19T05:30:20","guid":{"rendered":"https:\/\/www.bahnmedien.at\/new_2017-08-09\/?post_type=product&#038;p=6712"},"modified":"2026-01-05T18:42:21","modified_gmt":"2026-01-05T17:42:21","slug":"oebb-reihe-86","status":"publish","type":"product","link":"https:\/\/www.bahnmedien.at\/new_2017-08-09\/produkt\/oebb-reihe-86\/","title":{"rendered":"\u00d6BB-Reihe 86"},"content":{"rendered":"<p>Die Deutsche Reichsbahn versuchte ab 1925, den Bestand an Nebenbahnlokomotiven zu vereinheitlichen. Im Zuge dieses Vorhabens entstand die formsch\u00f6ne 1&#8217;D1&#8242;-Baureihe 86, von der 775 Exemplare gebaut wurden. Die Lokmotivfabrik Floridsdorf lieferte davon 191 St\u00fcck.<\/p>\n<p>Nach Ende des Zweiten Weltkrieges f\u00fchrten die \u00d6BB schlie\u00dflich 28 Lokomotiven dieser Bauart in ihrem Stand. Sie waren haupts\u00e4chlich bei den Heizh\u00e4usern Hieflau, Selzthal, Attnang-Puchheim und St. Veit an der Glan stationiert. Ihr Einsatzgebiet war breit gef\u00e4chert. Am bekanntesten ist wohl, dass sie als Vorspann vor Erzz\u00fcgen die Loks der Reihe 52 im Erzbachtal und im Ennstal unterst\u00fctzten . Die Loks der Reihe 86 wurden in der Zeit von 1966 bis 1972 ausgemustert.<\/p>\n<p>Der Bildband zeigt Fotos aller bei den \u00d6BB verbliebenen Maschinen der Reihe 86 und w\u00fcrdigt ihre unterschiedlichen Eins\u00e4tze f\u00fcr die \u00d6sterreichischen Bundesbahnen.<\/p>\n<p>132 Seiten im Format 240 x 205 mm enthalten 124 SW- und Farbaufnahmen.<\/p>\n<p><iframe scrolling=no width=\"100%\" onload=\"this.style.height=this.contentDocument.body.scrollHeight +'px';\" src=\"https:\/\/www.bahnmedien.at\/new_2017-08-09\/anhang.html\" seamless><\/iframe><\/p>\n","protected":false},"excerpt":{"rendered":"<p>\u00d6BB-Reihe 86<br \/>\nErscheinungsjahr: 2021<\/p>\n<p><strong>Autoren:<\/strong> G\u00fcnter Kettler, Josef Pospichal und Johann Blieberger<\/p>\n","protected":false},"featured_media":7934,"template":"","meta":{"_acf_changed":false,"kt_blocks_editor_width":""},"product_brand":[],"product_cat":[29,24],"product_tag":[],"class_list":{"0":"post-6712","1":"product","2":"type-product","3":"status-publish","4":"has-post-thumbnail","6":"product_cat-bildband","7":"product_cat-fahrzeuggeschichte","9":"first","10":"instock","11":"taxable","12":"shipping-taxable","13":"purchasable","14":"product-type-simple"},"acf":[],"post_mailing_queue_ids":[],"_links":{"self":[{"href":"https:\/\/www.bahnmedien.at\/new_2017-08-09\/wp-json\/wp\/v2\/product\/6712","targetHints":{"allow":["GET"]}}],"collection":[{"href":"https:\/\/www.bahnmedien.at\/new_2017-08-09\/wp-json\/wp\/v2\/product"}],"about":[{"href":"https:\/\/www.bahnmedien.at\/new_2017-08-09\/wp-json\/wp\/v2\/types\/product"}],"wp:featuredmedia":[{"embeddable":true,"href":"https:\/\/www.bahnmedien.at\/new_2017-08-09\/wp-json\/wp\/v2\/media\/7934"}],"wp:attachment":[{"href":"https:\/\/www.bahnmedien.at\/new_2017-08-09\/wp-json\/wp\/v2\/media?parent=6712"}],"wp:term":[{"taxonomy":"product_brand","embeddable":true,"href":"https:\/\/www.bahnmedien.at\/new_2017-08-09\/wp-json\/wp\/v2\/product_brand?post=6712"},{"taxonomy":"product_cat","embeddable":true,"href":"https:\/\/www.bahnmedien.at\/new_2017-08-09\/wp-json\/wp\/v2\/product_cat?post=6712"},{"taxonomy":"product_tag","embeddable":true,"href":"https:\/\/www.bahnmedien.at\/new_2017-08-09\/wp-json\/wp\/v2\/product_tag?post=6712"}],"curies":[{"name":"wp","href":"https:\/\/api.w.org\/{rel}","templated":true}]}}