{"id":6103,"date":"2021-08-05T23:38:54","date_gmt":"2021-08-05T21:38:54","guid":{"rendered":"https:\/\/www.bahnmedien.at\/new_2017-08-09\/?post_type=product&#038;p=6103"},"modified":"2026-04-20T15:08:26","modified_gmt":"2026-04-20T13:08:26","slug":"die-kkstb-reisezugwagen-lokalbahnwagen-der-baugruppe-ib-ic-und-ie","status":"publish","type":"product","link":"https:\/\/www.bahnmedien.at\/new_2017-08-09\/produkt\/die-kkstb-reisezugwagen-lokalbahnwagen-der-baugruppe-ib-ic-und-ie\/","title":{"rendered":"die kkStB Reise&shy;zug&shy;wagen, Lbw. der Bau&shy;grup&shy;pen Ib, Ic und Ie"},"content":{"rendered":"<h3>Der 4. Band der Reihe \u00fcber die kkStB-Reisezugwagen<\/h3>\n<p>Fahrbetriebsmittel von Eisenbahnunternehmungen bestehen nicht nur aus Lokomotiven und Triebwagen, sondern zum weit gr\u00f6\u00dferen Teil aus Wagen. Dennoch ist dieses Thema in der \u00f6sterreichischen Eisenbahnliteratur bis dato nur in geringem Umfang behandelt worden. Mit diesem Werk hat sich erstmals ein Autorenteam der Herausforderung gestellt, den Wagenpark einer gro\u00dfen \u00f6sterreichischen Eisenbahngesellschaft mit gr\u00f6\u00dftm\u00f6glichem Anspruch auf Vollst\u00e4ndigkeit zu dokumentieren.<\/p>\n<p>Die Autoren \u2013 Hermann Heless, der \u00f6sterreichische Waggonexperte, Johann Blieberger als Statistiker und Erwin Hauke als Grafiker \u2013 behandeln in dieser Reihe die Reisezugwagen der kkStB. Dieser Band widmet sich den Lokalbahnwagen der Baugruppen Ib, Ic und Ie sowie den zweiachsigen Post- und Gep\u00e4ckwagen der Baugruppe Ib.<\/p>\n<p>Das Buch hat einen Umfang von 304 Seiten im Format 280 x 215 mm und enth\u00e4lt umfangreiches Statistikmaterial sowie ca. 230 Fotos, Typenskizzen und sonstige Abbildungen.<\/p>\n<p>Dieses Buch wurde <a href=\"https:\/\/fpm.climatepartner.com\/tracking\/13996-2108-1021\/de\">klimaneutral produziert<\/a>.<\/p>\n<p>&nbsp;<\/p>\n<h3>Die DVDs<\/h3>\n<p>Da die B\u00fccher jeweils mehr als 3000 Einzelfahrzeuge behandeln, war ein Einzelnummernverzeichnis in gedruckter Form nicht unterzubringen. Die DVDs enthalten ein solches Verzeichnis im PDF-Format, das \u2013 soweit ermittelbar \u2013 Aufschluss \u00fcber den weiteren Lebenslauf, Verbleib und Ausmusterung jedes einzelnen Fahrzeuges gibt.<br \/>\nDar\u00fcber hinaus sind die Typenzeichnungen in mehreren digitalen Formaten enthalten, sodass diese detailreichen Grafiken in einer weit \u00fcber das Abdruckbare hinaus gehenden Aufl\u00f6sung auf dem Bildschirm betrachtet werden k\u00f6nnen.<\/p>\n<p>Unabh\u00e4ngig von Ihrem installierten Betriebssystem sind die Inhalte der DVD \u201edie Reisezugwagen der k.k. \u00f6sterreichischen Staatsbahnen \u2013 Fernverkehrswagen der Gruppe Ib&#8220; denkbar einfach auf jedem Computer mit DVD-Laufwerk darstellbar: Klicken Sie auf die Datei start.html und das Navigationsmen\u00fc wird im Webbrowser ge\u00f6ffnet. Sie k\u00f6nnen die Inhalte nun wie auf einer Internetseite abrufen. Es ist keine Installation zus\u00e4tzlicher Software notwendig.<\/p>\n<p><iframe scrolling=no width=\"100%\" onload=\"this.style.height=this.contentDocument.body.scrollHeight +'px';\" src=\"https:\/\/www.bahnmedien.at\/new_2017-08-09\/anhang.html\" seamless><\/iframe><\/p>\n","protected":false},"excerpt":{"rendered":"<p>Die Reisezugwagen der k.k. \u00f6sterreichischen Staatsbahnen, Lokalbahnwagenwagen der Baugruppen Ib, Ic und Ie<\/p>\n<p>Erscheinungsjahr: 2021<\/p>\n<p><strong>Autoren:<\/strong> <a href=\"http:\/\/www.bahnmedien.at\/new_2017-08-09\/hermann-heless\/\">Hermann Heless<\/a>, <a href=\"http:\/\/www.bahnmedien.at\/new_2017-08-09\/johann-blieberger\/\">Johann Blieberger<\/a>, <a href=\"http:\/\/www.bahnmedien.at\/new_2017-08-09\/erwin-hauke\/\">Erwin Hauke<\/a><\/p>\n","protected":false},"featured_media":5609,"template":"","meta":{"_acf_changed":false,"kt_blocks_editor_width":""},"product_brand":[],"product_cat":[24],"product_tag":[],"class_list":{"0":"post-6103","1":"product","2":"type-product","3":"status-publish","4":"has-post-thumbnail","6":"product_cat-fahrzeuggeschichte","8":"first","9":"instock","10":"taxable","11":"shipping-taxable","12":"purchasable","13":"product-type-simple"},"acf":[],"post_mailing_queue_ids":[],"_links":{"self":[{"href":"https:\/\/www.bahnmedien.at\/new_2017-08-09\/wp-json\/wp\/v2\/product\/6103","targetHints":{"allow":["GET"]}}],"collection":[{"href":"https:\/\/www.bahnmedien.at\/new_2017-08-09\/wp-json\/wp\/v2\/product"}],"about":[{"href":"https:\/\/www.bahnmedien.at\/new_2017-08-09\/wp-json\/wp\/v2\/types\/product"}],"wp:featuredmedia":[{"embeddable":true,"href":"https:\/\/www.bahnmedien.at\/new_2017-08-09\/wp-json\/wp\/v2\/media\/5609"}],"wp:attachment":[{"href":"https:\/\/www.bahnmedien.at\/new_2017-08-09\/wp-json\/wp\/v2\/media?parent=6103"}],"wp:term":[{"taxonomy":"product_brand","embeddable":true,"href":"https:\/\/www.bahnmedien.at\/new_2017-08-09\/wp-json\/wp\/v2\/product_brand?post=6103"},{"taxonomy":"product_cat","embeddable":true,"href":"https:\/\/www.bahnmedien.at\/new_2017-08-09\/wp-json\/wp\/v2\/product_cat?post=6103"},{"taxonomy":"product_tag","embeddable":true,"href":"https:\/\/www.bahnmedien.at\/new_2017-08-09\/wp-json\/wp\/v2\/product_tag?post=6103"}],"curies":[{"name":"wp","href":"https:\/\/api.w.org\/{rel}","templated":true}]}}