{"id":5453,"date":"2020-11-01T08:59:10","date_gmt":"2020-11-01T07:59:10","guid":{"rendered":"https:\/\/www.bahnmedien.at\/new_2017-08-09\/?post_type=product&#038;p=5453"},"modified":"2026-01-05T18:42:20","modified_gmt":"2026-01-05T17:42:20","slug":"auf-den-spuren-von-franz-kraus-auf-wiener-bahnhoefen","status":"publish","type":"product","link":"https:\/\/www.bahnmedien.at\/new_2017-08-09\/produkt\/auf-den-spuren-von-franz-kraus-auf-wiener-bahnhoefen\/","title":{"rendered":"Auf den Spuren von Franz Kraus, Auf Wiener Bahnh\u00f6fen"},"content":{"rendered":"<p><strong>Franz Kraus<\/strong> (*11.08.1901, \u202027.12.1997), zu Lebzeiten der Doyen der \u00f6sterreichischen Eisenbahnfotografen, hat unz\u00e4hlige Fotos auf den Bahnh\u00f6fen der \u00f6sterreichischen Bundeshauptstadt geschossen. Dabei entstand ein repr\u00e4sentativer Querschnitt durch die dort anzutreffenden Triebfahrzeuge und Zuggarnituren. Das Bouquet umfasst Dampflokomotiven, E-Loks und Diesellokomotiven genauso wie Triebwagen. Neben Fahrzeugen der \u00d6BB finden sich solche der DR und \u010cSD als \u201eVindobona\u201c, aber auch der M\u00c1V, GySEV und DB. Ebenso wie die Triebfahrzeuge verdient die Zusammenstellung der Wagengarnituren \u2013 von altgedientem Material aus k.u.k. Zeiten \u00fcber Wagen aus der Ersten Republik bis zu damals gerade in Dienst gestellten Neubauwagen \u2013 Beachtung. Des Weiteren finden sich auch ausl\u00e4ndische Wagen auf den Fotos, die nach dem Ende des Zweiten Weltkriegs in \u00d6sterreich verblieben. En passant gewinnt der Betrachter Einblicke in die Abwicklung des Bahnbetriebs vergangener Zeiten.<\/p>\n<p>Der Zeitrahmen, in dem die Aufnahmen entstanden, erstreckt sich von den ersten Jahren nach Ende des Zweiten Weltkriegs bis in die 1980er Jahre.<\/p>\n<p>144 Seiten im Format 240 x 205 mm enthalten 140 SW-Aufnahmen.<\/p>\n<p><iframe scrolling=no width=\"100%\" onload=\"this.style.height=this.contentDocument.body.scrollHeight +'px';\" src=\"https:\/\/www.bahnmedien.at\/new_2017-08-09\/anhang.html\" seamless><\/iframe><\/p>\n","protected":false},"excerpt":{"rendered":"<p>Auf den Spuren von Franz Kraus, Auf Wiener Bahnh\u00f6fen<br \/>\nErscheinungsjahr: 2020<\/p>\n<p><strong>Autoren:<\/strong> Johann Blieberger und Josef Pospichal<\/p>\n","protected":false},"featured_media":6148,"template":"","meta":{"_acf_changed":false,"kt_blocks_editor_width":""},"product_brand":[],"product_cat":[29,26],"product_tag":[],"class_list":{"0":"post-5453","1":"product","2":"type-product","3":"status-publish","4":"has-post-thumbnail","6":"product_cat-bildband","7":"product_cat-streckenbiografie","9":"first","10":"instock","11":"taxable","12":"shipping-taxable","13":"purchasable","14":"product-type-simple"},"acf":[],"post_mailing_queue_ids":[],"_links":{"self":[{"href":"https:\/\/www.bahnmedien.at\/new_2017-08-09\/wp-json\/wp\/v2\/product\/5453","targetHints":{"allow":["GET"]}}],"collection":[{"href":"https:\/\/www.bahnmedien.at\/new_2017-08-09\/wp-json\/wp\/v2\/product"}],"about":[{"href":"https:\/\/www.bahnmedien.at\/new_2017-08-09\/wp-json\/wp\/v2\/types\/product"}],"wp:featuredmedia":[{"embeddable":true,"href":"https:\/\/www.bahnmedien.at\/new_2017-08-09\/wp-json\/wp\/v2\/media\/6148"}],"wp:attachment":[{"href":"https:\/\/www.bahnmedien.at\/new_2017-08-09\/wp-json\/wp\/v2\/media?parent=5453"}],"wp:term":[{"taxonomy":"product_brand","embeddable":true,"href":"https:\/\/www.bahnmedien.at\/new_2017-08-09\/wp-json\/wp\/v2\/product_brand?post=5453"},{"taxonomy":"product_cat","embeddable":true,"href":"https:\/\/www.bahnmedien.at\/new_2017-08-09\/wp-json\/wp\/v2\/product_cat?post=5453"},{"taxonomy":"product_tag","embeddable":true,"href":"https:\/\/www.bahnmedien.at\/new_2017-08-09\/wp-json\/wp\/v2\/product_tag?post=5453"}],"curies":[{"name":"wp","href":"https:\/\/api.w.org\/{rel}","templated":true}]}}