{"id":53,"date":"2017-06-10T12:14:44","date_gmt":"2017-06-10T10:14:44","guid":{"rendered":"http:\/\/www.bahnmedien.at\/new_2017-08-09\/?post_type=product&#038;p=53"},"modified":"2026-04-20T15:08:25","modified_gmt":"2026-04-20T13:08:25","slug":"kkstb-triebfahrzeuge-band-1","status":"publish","type":"product","link":"https:\/\/www.bahnmedien.at\/new_2017-08-09\/produkt\/kkstb-triebfahrzeuge-band-1\/","title":{"rendered":"kkStB-Triebfahrzeuge Band 1"},"content":{"rendered":"<h4>Das Werk<\/h4>\n<p>Als erstes eigenproduziertes Buch in der Verlagst\u00e4tigkeit von bahnmedien.at erschien Ende 2008 der erste Teil eines vierb\u00e4ndigen Standardwerkes \u00fcber der Triebfahrzeuge der k.k. \u00f6sterreichischen Staatsbahnen. Das Buch behandelt auf 352 Seiten alle Lokomotiven der Baureihen 1 bis 228. Der zweite Band behandelt die Baureihengruppen 29 bis 760. Im dritten Band werden die Baureihen 61 bis 380 besprochen. Der vierte Band behandelt abschlie\u00dfend die restlichen Normalspurbaureihen, alle Schmalspurbaureihen sowie alle sonstigen Fahrzeugarten (u.a. Dampftriebwagen, Elektro- und Verbrennungsfahrzeuge). Im Erg\u00e4nzungsband werden alle Tender und Wasserwagen der kkStB dokumentiert.<\/p>\n<p>Die Autoren Johann Blieberger und Josef Pospichal sind ausgewiesene Lokomotivhistoriker. Beide haben schon jahrelang im Bereich Eisenbahngeschichte publiziert.<\/p>\n<p>&nbsp;<\/p>\n<h4>Die Quellen<\/h4>\n<p>Pospichal ist Nachlassverwalter des europaweit renommierten Lokomotivhistorikers Bernhard Schmeiser. Der Basisbestand der Informationen des Buches stammt aus Schmeisers Lebenswerk. Blieberger &#8211; Universit\u00e4tsdozent an der TU Wien &#8211; konnte zahlreiche lokomotivhistorisch wertvolle Unterlagen im Archiv dieser Universit\u00e4t auffinden. Beide Autoren erweiterten das Faktenmaterial durch intensive Zusammenarbeit mit anderen europ\u00e4ischen Experten und Archiven und zogen auch j\u00fcngste Forschungsergebnisse f\u00fcr dieses Buch heran.<\/p>\n<p>&nbsp;<\/p>\n<h4>Die Idee<\/h4>\n<p>Im Gegensatz zu anderen Publikationen setzt <em>die kkStB-Triebfahrzeuge<\/em> den Anspruch der Autoren auf Vollst\u00e4ndigkeit um. Ausgewiesenes Ziel der Autoren ist eine Komplettdarstellung nicht nur aller Baureihen. Detaillierte Tabellen dokumentieren die Technik jeder Baureihe, deren Baudaten und die Geschichte jeder einzelnen Lokomotive.<\/p>\n<p>&nbsp;<\/p>\n<h4>Der Erg\u00e4nzungsband (2013)<\/h4>\n<p>In der Regel werden Tender nur als \u201eAnh\u00e4ngsel\u201d an Dampflokomotiven wahrgenommen. Erstmals beleuchtet ein umfangreiches Werk die Tender einer Bahnverwaltung als Fahrzeuge mit einer eigenen wechselvollen Geschichte.<\/p>\n<p>Auch mit dem Angebot von vielen, h\u00e4ufig unver\u00f6ffentlichten Fotos, zumeist aus kkStB-Zeiten, Typenskizzen und anderen Zeichnungen in allen B\u00e4nden, legt bahnmedien.at seinen Lesern hier ein Angebot vor, das es in dieser Form in \u00d6sterreich noch nicht gab.<\/p>\n<p>&nbsp;<\/p>\n<p>Korrekturseiten im pdf-Format k\u00f6nnen Sie <a href=\"http:\/\/www.bahnmedien.at\/download\/kkStB_korrektur.pdf\" target=\"_blank\" rel=\"noopener noreferrer\">hier\u00a0<\/a>beziehen.<\/p>\n<p>Eine <em>Leseprobe<\/em> (pdf-Format) finden Sie <a href=\"http:\/\/www.bahnmedien.at\/files\/kkStB-1_5.pdf\" target=\"_blank\" rel=\"noopener noreferrer\">hier<\/a><\/p>\n<p>Eine Rezension aus der bekannten Fachzeitschrift LOK-Report (pdf-Format) ist <a href=\"http:\/\/www.bahnmedien.at\/presse\/LokReport_2010_01_57-58.pdf\" target=\"_blank\" rel=\"noopener noreferrer\">unter diesem Link<\/a> abrufbar.<\/p>\n<p><iframe scrolling=no width=\"100%\" onload=\"this.style.height=this.contentDocument.body.scrollHeight +'px';\" src=\"https:\/\/www.bahnmedien.at\/new_2017-08-09\/anhang.html\" seamless><\/iframe><\/p>\n","protected":false},"excerpt":{"rendered":"<p>Band 1: Die Reihen 1 bis 228<br \/>\nBand 2: Die Reihen 29 bis 760<br \/>\nBand 3: Die Reihen 61 bis 380<br \/>\nBand 4: Die Reihen 83 bis 100, Schmalspur- und nicht mit Dampf betriebene Bauarten.<br \/>\nErg\u00e4nzungsband: Die Tender und Wasserwagen der kkStB<\/p>\n<p>Erscheinungsjahr: 2008<\/p>\n<p><strong>Autoren:<\/strong> <a href=\"http:\/\/www.bahnmedien.at\/new_2017-08-09\/johann-blieberger\/\">Johann Blieberger<\/a>, <a href=\"http:\/\/www.bahnmedien.at\/new_2017-08-09\/unsere-autoren\/josef-pospichal\/\">Josef Pospichal<\/a><\/p>\n","protected":false},"featured_media":513,"template":"","meta":{"_acf_changed":false,"kt_blocks_editor_width":""},"product_brand":[],"product_cat":[24],"product_tag":[],"class_list":{"0":"post-53","1":"product","2":"type-product","3":"status-publish","4":"has-post-thumbnail","6":"product_cat-fahrzeuggeschichte","8":"first","9":"instock","10":"taxable","11":"shipping-taxable","12":"purchasable","13":"product-type-simple"},"acf":[],"post_mailing_queue_ids":[],"_links":{"self":[{"href":"https:\/\/www.bahnmedien.at\/new_2017-08-09\/wp-json\/wp\/v2\/product\/53","targetHints":{"allow":["GET"]}}],"collection":[{"href":"https:\/\/www.bahnmedien.at\/new_2017-08-09\/wp-json\/wp\/v2\/product"}],"about":[{"href":"https:\/\/www.bahnmedien.at\/new_2017-08-09\/wp-json\/wp\/v2\/types\/product"}],"wp:featuredmedia":[{"embeddable":true,"href":"https:\/\/www.bahnmedien.at\/new_2017-08-09\/wp-json\/wp\/v2\/media\/513"}],"wp:attachment":[{"href":"https:\/\/www.bahnmedien.at\/new_2017-08-09\/wp-json\/wp\/v2\/media?parent=53"}],"wp:term":[{"taxonomy":"product_brand","embeddable":true,"href":"https:\/\/www.bahnmedien.at\/new_2017-08-09\/wp-json\/wp\/v2\/product_brand?post=53"},{"taxonomy":"product_cat","embeddable":true,"href":"https:\/\/www.bahnmedien.at\/new_2017-08-09\/wp-json\/wp\/v2\/product_cat?post=53"},{"taxonomy":"product_tag","embeddable":true,"href":"https:\/\/www.bahnmedien.at\/new_2017-08-09\/wp-json\/wp\/v2\/product_tag?post=53"}],"curies":[{"name":"wp","href":"https:\/\/api.w.org\/{rel}","templated":true}]}}