{"id":5178,"date":"2020-03-11T12:25:02","date_gmt":"2020-03-11T11:25:02","guid":{"rendered":"https:\/\/www.bahnmedien.at\/new_2017-08-09\/?post_type=product&#038;p=5178"},"modified":"2026-03-21T08:22:18","modified_gmt":"2026-03-21T07:22:18","slug":"auf-den-spuren-von-andreas-schreyer-moderne-zeiten","status":"publish","type":"product","link":"https:\/\/www.bahnmedien.at\/new_2017-08-09\/produkt\/auf-den-spuren-von-andreas-schreyer-moderne-zeiten\/","title":{"rendered":"Auf den Spuren von Andreas Schreyer &#8211; Moderne Zeiten"},"content":{"rendered":"<p>Andreas Schreyer z\u00e4hlte zu den Nachwuchshoffnungen in der Szene der Eisenbahnfotografen. Er bereiste bis zu seinem fr\u00fchen Ableben haupts\u00e4chlich die Bahnlinien im Osten \u00d6sterreichs und hinterlie\u00df  hunderte interessante Bilder. Neben den Normalspurlinien dieser Region standen auch die schmalspurigen Strecken von Mariazeller- und Waldviertelbahn im Zentrum seines fotografischen Interesses. Der vorliegende Band ist seinem Andenken gewidmet und zeigt einen kleinen \u00dcberblick \u00fcber sein Schaffen.<\/p>\n<p>120 Seiten im Format 240 x 205 mm enthalten 114 gro\u00dfformatige Farbfotos.<\/p>\n<p><iframe scrolling=no width=\"100%\" onload=\"this.style.height=this.contentDocument.body.scrollHeight +'px';\" src=\"https:\/\/www.bahnmedien.at\/new_2017-08-09\/anhang.html\" seamless><\/iframe><\/p>\n","protected":false},"excerpt":{"rendered":"<p>Auf den Spuren von Andreas Schreyer &#8211; Moderne Zeiten<br \/>\nErscheinungsjahr: 2020<\/p>\n<p><strong>Fotos:<\/strong> Andreas Schreyer<br \/>\n<strong>Autor:<\/strong> Erwin Hauke<\/p>\n","protected":false},"featured_media":5374,"template":"","meta":{"_acf_changed":false,"kt_blocks_editor_width":""},"product_brand":[],"product_cat":[29],"product_tag":[],"class_list":{"0":"post-5178","1":"product","2":"type-product","3":"status-publish","4":"has-post-thumbnail","6":"product_cat-bildband","8":"first","9":"instock","10":"taxable","11":"shipping-taxable","12":"purchasable","13":"product-type-simple"},"acf":[],"post_mailing_queue_ids":[],"_links":{"self":[{"href":"https:\/\/www.bahnmedien.at\/new_2017-08-09\/wp-json\/wp\/v2\/product\/5178","targetHints":{"allow":["GET"]}}],"collection":[{"href":"https:\/\/www.bahnmedien.at\/new_2017-08-09\/wp-json\/wp\/v2\/product"}],"about":[{"href":"https:\/\/www.bahnmedien.at\/new_2017-08-09\/wp-json\/wp\/v2\/types\/product"}],"wp:featuredmedia":[{"embeddable":true,"href":"https:\/\/www.bahnmedien.at\/new_2017-08-09\/wp-json\/wp\/v2\/media\/5374"}],"wp:attachment":[{"href":"https:\/\/www.bahnmedien.at\/new_2017-08-09\/wp-json\/wp\/v2\/media?parent=5178"}],"wp:term":[{"taxonomy":"product_brand","embeddable":true,"href":"https:\/\/www.bahnmedien.at\/new_2017-08-09\/wp-json\/wp\/v2\/product_brand?post=5178"},{"taxonomy":"product_cat","embeddable":true,"href":"https:\/\/www.bahnmedien.at\/new_2017-08-09\/wp-json\/wp\/v2\/product_cat?post=5178"},{"taxonomy":"product_tag","embeddable":true,"href":"https:\/\/www.bahnmedien.at\/new_2017-08-09\/wp-json\/wp\/v2\/product_tag?post=5178"}],"curies":[{"name":"wp","href":"https:\/\/api.w.org\/{rel}","templated":true}]}}