{"id":4964,"date":"2020-01-15T06:45:07","date_gmt":"2020-01-15T05:45:07","guid":{"rendered":"https:\/\/www.bahnmedien.at\/new_2017-08-09\/?post_type=product&#038;p=4964"},"modified":"2025-04-27T10:00:18","modified_gmt":"2025-04-27T08:00:18","slug":"semmeringbahn-1953-1959","status":"publish","type":"product","link":"https:\/\/www.bahnmedien.at\/new_2017-08-09\/produkt\/semmeringbahn-1953-1959\/","title":{"rendered":"Semmeringbahn 1953\u20131959"},"content":{"rendered":"<p>Dieser Band ist <strong>vergriffen<\/strong>. Ein Nachdruck ist nicht geplant.<\/p>\n<p>Alfred Luft nimmt uns in diesem Bildband mit auf eine Fotozeitreise an der Semmeringbahn von Gloggnitz nach M\u00fcrzzuschlag. Alle Bahnh\u00f6fe, alle Kunstbauten wurden &#8211; nat\u00fcrlich mit Z\u00fcgen &#8211; festgehalten. Der Zeitraum beschr\u00e4nkt sich auf die letzten sieben Jahre vor der Elektrifizierung der Strecke \u00fcber den Semmering. Die gr\u00f6\u00dftenteils noch nicht ver\u00f6ffentlichten Fotos stammen von Gerhard Luft, Harald Nav\u00e9 und vom Autor selbst. Das Vorwort und am\u00fcsante Bonmots in den Bildtexten lassen die Zeit auferstehen, als noch Dampfloks und erste Dieseltriebfahrzeuge den Verkehr \u00fcber den Berg beherrschten.<\/p>\n<p>144 Seiten im Format 240 x 205 mm enthalten 138 gro\u00dfformatige Schwarzwei\u00dffotos.<\/p>\n<p><iframe scrolling=no width=\"100%\" onload=\"this.style.height=this.contentDocument.body.scrollHeight +'px';\" src=\"https:\/\/www.bahnmedien.at\/new_2017-08-09\/anhang.html\" seamless><\/iframe><\/p>\n","protected":false},"excerpt":{"rendered":"<p>Semmeringbahn 1953 &#8211; 1959<br \/>\nErscheinungsjahr: 2020<\/p>\n<p><strong>Fotos:<\/strong> Alfred Luft, Gerhard Luft, Harald Nav\u00e9<br \/>\n<strong>Autor:<\/strong> Alfred Luft<\/p>\n","protected":false},"featured_media":4981,"template":"","meta":{"_acf_changed":false,"kt_blocks_editor_width":""},"product_brand":[],"product_cat":[32],"product_tag":[],"class_list":{"0":"post-4964","1":"product","2":"type-product","3":"status-publish","4":"has-post-thumbnail","6":"product_cat-vergriffen","8":"first","9":"outofstock","10":"taxable","11":"shipping-taxable","12":"purchasable","13":"product-type-simple"},"acf":[],"post_mailing_queue_ids":[],"_links":{"self":[{"href":"https:\/\/www.bahnmedien.at\/new_2017-08-09\/wp-json\/wp\/v2\/product\/4964","targetHints":{"allow":["GET"]}}],"collection":[{"href":"https:\/\/www.bahnmedien.at\/new_2017-08-09\/wp-json\/wp\/v2\/product"}],"about":[{"href":"https:\/\/www.bahnmedien.at\/new_2017-08-09\/wp-json\/wp\/v2\/types\/product"}],"wp:featuredmedia":[{"embeddable":true,"href":"https:\/\/www.bahnmedien.at\/new_2017-08-09\/wp-json\/wp\/v2\/media\/4981"}],"wp:attachment":[{"href":"https:\/\/www.bahnmedien.at\/new_2017-08-09\/wp-json\/wp\/v2\/media?parent=4964"}],"wp:term":[{"taxonomy":"product_brand","embeddable":true,"href":"https:\/\/www.bahnmedien.at\/new_2017-08-09\/wp-json\/wp\/v2\/product_brand?post=4964"},{"taxonomy":"product_cat","embeddable":true,"href":"https:\/\/www.bahnmedien.at\/new_2017-08-09\/wp-json\/wp\/v2\/product_cat?post=4964"},{"taxonomy":"product_tag","embeddable":true,"href":"https:\/\/www.bahnmedien.at\/new_2017-08-09\/wp-json\/wp\/v2\/product_tag?post=4964"}],"curies":[{"name":"wp","href":"https:\/\/api.w.org\/{rel}","templated":true}]}}