{"id":4570,"date":"2019-10-28T16:43:16","date_gmt":"2019-10-28T15:43:16","guid":{"rendered":"https:\/\/www.bahnmedien.at\/new_2017-08-09\/?post_type=product&#038;p=4570"},"modified":"2026-01-05T18:42:20","modified_gmt":"2026-01-05T17:42:20","slug":"auf-den-spuren-von-franz-kraus-bahndienstwagen-der-oebb-1959-bis-1969","status":"publish","type":"product","link":"https:\/\/www.bahnmedien.at\/new_2017-08-09\/produkt\/auf-den-spuren-von-franz-kraus-bahndienstwagen-der-oebb-1959-bis-1969\/","title":{"rendered":"Auf den Spuren von Franz Kraus, Bahndienstw. der \u00d6BB 1959 bis 1969"},"content":{"rendered":"<p>Franz Kraus hat zeit seines Lebens nicht nur Lokomotiven fotografiert und Streckenaufnahmen angefertigt, sondern er hat seine Aufmerksamkeit auch Motiven gewidmet, die andere Bildautoren nicht gew\u00fcrdigt haben. So hat er auch eine gro\u00dfe Anzahl an Bahndienstwagen auf Film gebannt. Eine kleine Auswahl davon versammeln wir in diesem Bildband. Eine ersch\u00f6pfende Behandlung dieses Themas erscheint ohnehin wegen des divergierenden Aussehens dieser Fahrzeuge \u2013 selbst wenn sie derselben Nummerngruppe angeh\u00f6rten \u2013 aussichtslos. M\u00f6ge der Betrachter der Fotos zur\u00fcckgef\u00fchrt werden zu Abstellgleisen oder zu Arbeitseins\u00e4tzen an den Schienenstr\u00e4ngen einer l\u00e4ngst vergangenen Epoche.<br \/>\n108 Seiten im Format 240 x 205 mm enthalten 103 gro\u00dfformatige Schwarzwei\u00dffotos.<\/p>\n<p><iframe scrolling=no width=\"100%\" onload=\"this.style.height=this.contentDocument.body.scrollHeight +'px';\" src=\"https:\/\/www.bahnmedien.at\/new_2017-08-09\/anhang.html\" seamless><\/iframe><\/p>\n","protected":false},"excerpt":{"rendered":"<p>Auf den Spuren von Franz Kraus &#8211; Bahndienstwagen der \u00d6BB 1959 bis 1969<br \/>\nErscheinungsjahr: 2019<\/p>\n<p><strong>Fotos:<\/strong> Franz Kraus<br \/>\n<strong>Autoren:<\/strong> <a href=\"https:\/\/www.bahnmedien.at\/new_2017-08-09\/unsere-autoren\/josef-pospichal\/\">Josef Pospichal<\/a>, <a href=\"https:\/\/www.bahnmedien.at\/new_2017-08-09\/unsere-autoren\/hermann-heless\/\">Hermann Heless<\/a><\/p>\n","protected":false},"featured_media":4572,"template":"","meta":{"_acf_changed":false,"kt_blocks_editor_width":""},"product_brand":[],"product_cat":[29,24],"product_tag":[],"class_list":{"0":"post-4570","1":"product","2":"type-product","3":"status-publish","4":"has-post-thumbnail","6":"product_cat-bildband","7":"product_cat-fahrzeuggeschichte","9":"first","10":"instock","11":"taxable","12":"shipping-taxable","13":"purchasable","14":"product-type-simple"},"acf":[],"post_mailing_queue_ids":[],"_links":{"self":[{"href":"https:\/\/www.bahnmedien.at\/new_2017-08-09\/wp-json\/wp\/v2\/product\/4570","targetHints":{"allow":["GET"]}}],"collection":[{"href":"https:\/\/www.bahnmedien.at\/new_2017-08-09\/wp-json\/wp\/v2\/product"}],"about":[{"href":"https:\/\/www.bahnmedien.at\/new_2017-08-09\/wp-json\/wp\/v2\/types\/product"}],"wp:featuredmedia":[{"embeddable":true,"href":"https:\/\/www.bahnmedien.at\/new_2017-08-09\/wp-json\/wp\/v2\/media\/4572"}],"wp:attachment":[{"href":"https:\/\/www.bahnmedien.at\/new_2017-08-09\/wp-json\/wp\/v2\/media?parent=4570"}],"wp:term":[{"taxonomy":"product_brand","embeddable":true,"href":"https:\/\/www.bahnmedien.at\/new_2017-08-09\/wp-json\/wp\/v2\/product_brand?post=4570"},{"taxonomy":"product_cat","embeddable":true,"href":"https:\/\/www.bahnmedien.at\/new_2017-08-09\/wp-json\/wp\/v2\/product_cat?post=4570"},{"taxonomy":"product_tag","embeddable":true,"href":"https:\/\/www.bahnmedien.at\/new_2017-08-09\/wp-json\/wp\/v2\/product_tag?post=4570"}],"curies":[{"name":"wp","href":"https:\/\/api.w.org\/{rel}","templated":true}]}}