{"id":3896,"date":"2025-10-05T06:43:37","date_gmt":"2025-10-05T04:43:37","guid":{"rendered":"https:\/\/www.bahnmedien.at\/new_2017-08-09\/?post_type=product&#038;p=3896"},"modified":"2026-04-20T15:08:27","modified_gmt":"2026-04-20T13:08:27","slug":"2043","status":"publish","type":"product","link":"https:\/\/www.bahnmedien.at\/new_2017-08-09\/produkt\/2043\/","title":{"rendered":"Die Triebfahrzeugreihe 2043 der \u00d6BB"},"content":{"rendered":"<p>Dieses Buch pr\u00e4sentiert ein spannendes St\u00fcck Technikgeschichte, das in der Fachliteratur unter dem Stichwort &#8222;Strukturwandel&#8220; behandelt wird. Nach verh\u00e4ltnism\u00e4\u00dfig kleinen Serien (2045, 2050, 5045\/5145, 5046) geht es um die gro\u00dffl\u00e4chige und endg\u00fcltige Verdieselung des Streckenbetriebs in \u00d6sterreich.<\/p>\n<p>Dem Buchtitel entsprechend findet sich zun\u00e4chst eine Darstellung der Jenbacher Prototyp-Lok, die mit ihren im Drehgestell gelagerten Einzelachs-Turbogetrieben eine weltweit einzigartige Konstruktion darstellt.<\/p>\n<p>Das Kraft\u00fcbertragungskonzept der Vorserien- und Serienloks entsprach dann wieder dem technischen &#8222;Mainstream&#8220; der dieselhydraulischen Antriebstechnik, der in Zusammenarbeit der Deutschen Bundesbahn und der deutschen Lokomotiv-Industrie zu hoher technischer Perfektion und Betriebstauglichkeit entwickelt wurde. Bei der elektrischen Zugheizung hingegen z\u00e4hlte die DB zu den Nachz\u00fcglern, w\u00e4hrend die \u00d6BB zwar nicht in der Spitzengruppe, aber unter den Verfolgern zu finden war.<\/p>\n<p>Der Strukturwandel spiegelt sich auch im Vorschriftenwesen. Die Zust\u00e4ndigkeit f\u00fcr die Betriebsuntersuchung wanderte vom Lokpersonal zur Werkst\u00e4tte. Details der entsprechenden Regelungen wurden durch Dienstanweisungen versuchsweise eingef\u00fchrt und einige Male an die betrieblichen Erfahrungen angepasst, bevor sie in einer Vorschrift dauerhaft festgelegt wurden.<\/p>\n<p>Das Buch konzentriert sich auf den Zeitraum von etwa 1960 bis 1980. Von der Prototyplok bis zur letzten Serienlok gab es Weiterentwicklungen in den Lieferserien. Basis daf\u00fcr ist einerseits der regelm\u00e4\u00dfige \u00f6sterreichweite &#8222;Erfahrungsaustausch&#8220;, andererseits wird Entwicklungsarbeit zum Teil &#8212; aufgrund pers\u00f6nlichen Engagements &#8211; in den Zugf\u00f6rderungsdienststellen im Rahmen von &#8222;Verbesserungsvorschl\u00e4gen&#8220; geleistet. Mit der Zahl der gelieferten Loks w\u00e4chst auch das Einsatzgebiet, was sich speziell im Bereich der Bundesbahndirektion Villach (vereinfacht gesagt &#8222;\u00d6sterreich s\u00fcdlich des Alpenhauptkammes&#8220; gut nachvollziehen l\u00e4sst. Breiten Raum erh\u00e4lt der Steilstreckeneinsatz am Erzberg. Auch hier lassen sich anhand diverser Dienstanweisungen die verschiedenen Phasen des Probetriebs gut nachzeichnen. Abgerundet wird das Buch durch einen fotografischen Querschnitt der Planeins\u00e4tze in weiten Teilen \u00d6sterreichs sowie einen Blick auf die Nostalgiefahrzeuge.<\/p>\n<p>Das Buch hat einen Umfang von 400 Seiten im Format 280 x 215 mm und enth\u00e4lt zahlreiche Farb- und SW-Fotos.<\/p>\n<p><iframe scrolling=no width=\"100%\" onload=\"this.style.height=this.contentDocument.body.scrollHeight +'px';\" src=\"https:\/\/www.bahnmedien.at\/new_2017-08-09\/anhang.html\" seamless><\/iframe><\/p>\n","protected":false},"excerpt":{"rendered":"<p>Die Triebfahrzeugreihe 2043 der \u00d6BB<br \/>\nErscheinungsjahr: 2025<\/p>\n<p><strong>Autor:<\/strong> Georg Karner<\/p>\n","protected":false},"featured_media":4435,"template":"","meta":{"_acf_changed":false,"kt_blocks_editor_width":""},"product_brand":[],"product_cat":[24],"product_tag":[],"class_list":{"0":"post-3896","1":"product","2":"type-product","3":"status-publish","4":"has-post-thumbnail","6":"product_cat-fahrzeuggeschichte","8":"first","9":"instock","10":"featured","11":"taxable","12":"shipping-taxable","13":"purchasable","14":"product-type-simple"},"acf":[],"post_mailing_queue_ids":[],"_links":{"self":[{"href":"https:\/\/www.bahnmedien.at\/new_2017-08-09\/wp-json\/wp\/v2\/product\/3896","targetHints":{"allow":["GET"]}}],"collection":[{"href":"https:\/\/www.bahnmedien.at\/new_2017-08-09\/wp-json\/wp\/v2\/product"}],"about":[{"href":"https:\/\/www.bahnmedien.at\/new_2017-08-09\/wp-json\/wp\/v2\/types\/product"}],"wp:featuredmedia":[{"embeddable":true,"href":"https:\/\/www.bahnmedien.at\/new_2017-08-09\/wp-json\/wp\/v2\/media\/4435"}],"wp:attachment":[{"href":"https:\/\/www.bahnmedien.at\/new_2017-08-09\/wp-json\/wp\/v2\/media?parent=3896"}],"wp:term":[{"taxonomy":"product_brand","embeddable":true,"href":"https:\/\/www.bahnmedien.at\/new_2017-08-09\/wp-json\/wp\/v2\/product_brand?post=3896"},{"taxonomy":"product_cat","embeddable":true,"href":"https:\/\/www.bahnmedien.at\/new_2017-08-09\/wp-json\/wp\/v2\/product_cat?post=3896"},{"taxonomy":"product_tag","embeddable":true,"href":"https:\/\/www.bahnmedien.at\/new_2017-08-09\/wp-json\/wp\/v2\/product_tag?post=3896"}],"curies":[{"name":"wp","href":"https:\/\/api.w.org\/{rel}","templated":true}]}}