{"id":3815,"date":"2018-05-12T20:34:30","date_gmt":"2018-05-12T18:34:30","guid":{"rendered":"https:\/\/www.bahnmedien.at\/new_2017-08-09\/?post_type=product&#038;p=3815"},"modified":"2026-01-05T18:42:20","modified_gmt":"2026-01-05T17:42:20","slug":"bahnen-im-osten-oesterreichs-2","status":"publish","type":"product","link":"https:\/\/www.bahnmedien.at\/new_2017-08-09\/produkt\/bahnen-im-osten-oesterreichs-2\/","title":{"rendered":"Bahnen im Osten \u00d6sterreichs"},"content":{"rendered":"<p>Karl Wildberger ist einer der Eisenbahnfotografen, die den Dampfbetrieb noch wirklich miterlebt haben.<\/p>\n<p>Auch den Traktionswechsel auf Diesel- bzw. Elektrobetrieb, den andere Fotografen gemieden haben, hat er dokumentiert. Die ersten Eins\u00e4tze der Reihe 2143 rund um den Eisenbahnknoten Wiener Neustadt hat er genauso fotografiert, wie die letzten Eins\u00e4tze der Dieseltriebwagen der Zwischenkriegszeit in diesem Raum. Die GySEV z\u00e4hlte ebenso zu seinem Interessensgebiet wie die Aspangbahn. Alle Fotos in diesem Buch wurden in den Jahren 1963 bis 1986 von Karl Wildberger aufgenommen.<\/p>\n<p>Eine reizlose Gegend gibt es f\u00fcr Karl Wildberger nicht, er sieht den Zug bzw. das Triebfahrzeug in der Landschaft. Es gibt Landstriche, die keinen pittoresken Hintergrund bieten, und trotzdem f\u00e4hrt auch hier die Eisenbahn. F\u00fcr Karl Wildberger und f\u00fcr uns ist das Thema wesentlicher als der Hintergrund.<\/p>\n<p>120 Seiten im Format 240 x 205 mm enthalten 103 gro\u00dfformatige Schwarzwei\u00df- und 12 Farbfotos.<\/p>\n<p><iframe scrolling=no width=\"100%\" onload=\"this.style.height=this.contentDocument.body.scrollHeight +'px';\" src=\"https:\/\/www.bahnmedien.at\/new_2017-08-09\/anhang.html\" seamless><\/iframe><\/p>\n","protected":false},"excerpt":{"rendered":"<p>Bahnen im Osten \u00d6sterreichs 1963 bis 1986<br \/>\nErscheinungsjahr: 2019<\/p>\n<p><strong>Fotos:<\/strong> Karl Wildberger<br \/>\n<strong>Autor:<\/strong> <a href=\"https:\/\/www.bahnmedien.at\/new_2017-08-09\/unsere-autoren\/ludwig-zwickl\/\">Ludwig Zwickl<\/a><\/p>\n","protected":false},"featured_media":18059,"template":"","meta":{"_acf_changed":false,"kt_blocks_editor_width":""},"product_brand":[],"product_cat":[32],"product_tag":[],"class_list":{"0":"post-3815","1":"product","2":"type-product","3":"status-publish","4":"has-post-thumbnail","6":"product_cat-vergriffen","8":"first","9":"outofstock","10":"taxable","11":"shipping-taxable","12":"purchasable","13":"product-type-simple"},"acf":[],"post_mailing_queue_ids":[],"_links":{"self":[{"href":"https:\/\/www.bahnmedien.at\/new_2017-08-09\/wp-json\/wp\/v2\/product\/3815","targetHints":{"allow":["GET"]}}],"collection":[{"href":"https:\/\/www.bahnmedien.at\/new_2017-08-09\/wp-json\/wp\/v2\/product"}],"about":[{"href":"https:\/\/www.bahnmedien.at\/new_2017-08-09\/wp-json\/wp\/v2\/types\/product"}],"wp:featuredmedia":[{"embeddable":true,"href":"https:\/\/www.bahnmedien.at\/new_2017-08-09\/wp-json\/wp\/v2\/media\/18059"}],"wp:attachment":[{"href":"https:\/\/www.bahnmedien.at\/new_2017-08-09\/wp-json\/wp\/v2\/media?parent=3815"}],"wp:term":[{"taxonomy":"product_brand","embeddable":true,"href":"https:\/\/www.bahnmedien.at\/new_2017-08-09\/wp-json\/wp\/v2\/product_brand?post=3815"},{"taxonomy":"product_cat","embeddable":true,"href":"https:\/\/www.bahnmedien.at\/new_2017-08-09\/wp-json\/wp\/v2\/product_cat?post=3815"},{"taxonomy":"product_tag","embeddable":true,"href":"https:\/\/www.bahnmedien.at\/new_2017-08-09\/wp-json\/wp\/v2\/product_tag?post=3815"}],"curies":[{"name":"wp","href":"https:\/\/api.w.org\/{rel}","templated":true}]}}