{"id":3599,"date":"2018-06-08T13:00:38","date_gmt":"2018-06-08T11:00:38","guid":{"rendered":"http:\/\/www.bahnmedien.at\/new_2017-08-09\/?post_type=product&#038;p=3599"},"modified":"2026-03-21T08:22:17","modified_gmt":"2026-03-21T07:22:17","slug":"triebfahrzeuge-1918-1938-band-1","status":"publish","type":"product","link":"https:\/\/www.bahnmedien.at\/new_2017-08-09\/produkt\/triebfahrzeuge-1918-1938-band-1\/","title":{"rendered":"Triebfahrzeuge 1918 bis 1938 Band 1"},"content":{"rendered":"<p>Von Johann Blieberger und Josef Pospichal, denselben Autoren, die schon f\u00fcr die ausgezeichnete Enzyklop\u00e4dien der Triebfahrzeuge der k.k. Staatsbahnen und der \u00d6BB verantwortlich zeichnen, erscheint die Fortsetzung der Reihe \u00fcber die Triebfahrzeuge der \u00f6sterreichischen Staatsbahnen zwischen 1918 und 1938. Wie bereits bei ihren bisherigen gemeinschaftlichen Buchreihen haben sich hier die Autoren erfolgreich der Herausforderung gestellt, eine vollst\u00e4ndige Biographie aller Fahrzeuge zu schaffen und haben sich dabei wieder bew\u00e4hrter Quellen und intensiver Archivrecherche gleicherma\u00dfen bedient. Wie bei den Vorg\u00e4ngerserien konnten auch diesmal historische Irrt\u00fcmer aufgekl\u00e4rt und unbekannte Fakten ans Licht geholt werden.<\/p>\n<p>In der gleichen grafischen Aufmachung wie bei den kkStB-B\u00e4nden beschreibt diese dreib\u00e4ndige Reihe die Vielfalt an Fahrzeugen, die von den kkStB stammten, aber auch jene, die durch Verstaatlichung (S\u00fcdbahn, EWA, N\u00d6LB,\u00a0\u2026) oder durch Neuentwicklung oder Umbau dem Fahrzeugstand hinzugef\u00fcgt wurden. Au\u00dferdem gab es eine kleine Anzahl an Lokreihen, die weder in unseren kkStB- noch in den \u00d6BB-B\u00e4nden behandelt wurden, weil sie zwar von den BB\u00d6 beschafft oder im Zuge der Verstaatlichung eingereiht, aber bereits vor 1945 aus dem Stand geschieden worden waren. Dies betrifft vor allem jene Lokomotiven, die wegen Triebfahrzeugmangel von den BB\u00d6 aus der Schweiz angekauft und nach der Indienststellung neuerer Maschinen wieder ver\u00e4u\u00dfert wurden (Reihen 130 und 279), aber auch Reihen, die innerhalb weniger Jahre nach Ende des Ersten Weltkriegs an andere Nachfolgestaaten der Monarchie abgegeben wurden. Ferner waren alle Bahnen zu ber\u00fccksichtigen, auf denen die BB\u00d6 den Betrieb f\u00fchrten, also etwa auf der Salzkammergut-Lokalbahn (SKGLB). Augenmerk war aber auch auf ehemalige Fahrzeuge der k.u.k. Heeresbahnen zu legen, die zu D\u00d6StB\/\u00d6StB\/BB\u00d6 gelangten.<\/p>\n<p>Die meisten der im Betrachtungszeitraum neu entwickelten Bauarten z\u00e4hlen zu den bekanntesten \u00f6sterreichischen Dampflokomotiven, die auch noch lange nach 1945 im Einsatz gestanden sind. Dazu geh\u00f6ren etwa die BB\u00d6-Reihen 214, 113, 729, 378, 82 und DT\u00a01 (\u00d6BB-Reihen 12, 33, 78, 93, 95 und 3071).<\/p>\n<p>Dar\u00fcber hinaus machte die Entwicklung der Fotografie Anfang des 20.\u00a0Jahrhunderts gewaltige Fortschritte. Sind aus der Monarchie faktisch kaum Streckenaufnahmen \u00fcberliefert, so konnten sich zwischen 1918 und 1938 erstmals Privatpersonen Fotoapparate leisten, die auch f\u00fcr Aufnahmen von Lokomotiven und Z\u00fcgen genutzt wurden. Gleichzeitig entdeckte man Eisenbahnfahrzeuge als interessanten Hintergrund f\u00fcr Aufnahmen von Personen. \u00dcberliefert sind sowohl Fotos von Privatpersonen und Vereinen als auch von Bahnpersonal, die vor Z\u00fcgen posierten. So entstanden zahlreiche historisch interessante Foto-Dokumente der Zwischenkriegszeit.<\/p>\n<p>Waren bis 1918 nicht mit Dampf angetriebene Fahrzeuge sehr selten, so setzt mit der beginnenden Elektrifizierung von Eisenbahnstrecken in der Ersten Republik ein Wechsel der Traktionsform ein. Damit einher ging klarerweise die Entwicklung von E-Triebfahrzeugen, die neben einigen nicht besonders gegl\u00fcckten Prototypfahrzeugen schlie\u00dflich zu den noch lange im Einsatz befindlichen Loks der BB\u00d6- und \u00d6BB-Reihen 1570 und 1670, 1170 (1045), 1170.1 (1145), 1070.2 (1245), 1100 (1089) und 1100.1 (1189) f\u00fchrten. Die Entwicklung von elektrischen Triebwagen wurde von den BB\u00d6 ebenfalls vorangetrieben (sp\u00e4tere \u00d6BB-Reihen 4041, 4042 und 4060). Dasselbe galt f\u00fcr Fahrzeuge mit Verbrennungsmotoren, wo vor allem Schmalspurlokomotiven und Triebwagen in Dienst gestellt wurden, die auch lange nach 1945 noch im Einsatz standen, so zum Beispiel die sp\u00e4teren \u00d6BB-Reihen 2091, 2190 und 2093 oder die \u00d6BB-Reihe 5044.<\/p>\n<p><strong>Band 1<\/strong> ist den Reihen 1 bis 860 gewidmet. Die Fahrzeuge werden einzeln in Wort und Bild und mit ausf\u00fchrlichen Statistiken vorgestellt. Das 400 Seiten starke Werk enth\u00e4lt rund 300, gr\u00f6\u00dftenteils bislang unver\u00f6ffentlichte Fotos sowie zahlreiche Typenskizzen und Tabellen.<\/p>\n<p><strong>Band 2<\/strong> ist den Reihen 61 bis 100 gewidmet. Die Fahrzeuge werden einzeln in Wort und Bild und mit ausf\u00fchrlichen Statistiken vorgestellt. Das 384 Seiten starke Werk enth\u00e4lt rund 280, gr\u00f6\u00dftenteils bislang unver\u00f6ffentlichte Fotos sowie zahlreiche Typenskizzen und Tabellen.<\/p>\n<p><strong>Band 3<\/strong> ist den schmalspurigen Reihen und den Reihen mit Verbrennungs- und Elektromotoren gewidmet. Die Fahrzeuge werden einzeln in Wort und Bild und mit ausf\u00fchrlichen Statistiken vorgestellt. Das 320 Seiten starke Werk enth\u00e4lt ca. 200, gr\u00f6\u00dftenteils bislang unver\u00f6ffentlichte Fotos sowie zahlreiche Typenskizzen und Tabellen.<\/p>\n<p><iframe scrolling=no width=\"100%\" onload=\"this.style.height=this.contentDocument.body.scrollHeight +'px';\" src=\"https:\/\/www.bahnmedien.at\/new_2017-08-09\/anhang.html\" seamless><\/iframe><\/p>\n","protected":false},"excerpt":{"rendered":"<p>Triebfahrzeuge 1918 bis 1938<br \/>\nBand 1: Die D\u00d6StB-, \u00d6StB- und BB\u00d6-Reihen 1 bis 860<br \/>\nErscheinungsjahr: 2019<\/p>\n<p><strong>Autoren:<\/strong> <a href=\"http:\/\/www.bahnmedien.at\/new_2017-08-09\/unsere-autoren\/josef-pospichal\/\">Josef Pospichal<\/a>, <a href=\"http:\/\/www.bahnmedien.at\/new_2017-08-09\/johann-blieberger\/\">Johann Blieberger<\/a><\/p>\n","protected":false},"featured_media":3705,"template":"","meta":{"_acf_changed":false,"kt_blocks_editor_width":""},"product_brand":[],"product_cat":[24],"product_tag":[],"class_list":{"0":"post-3599","1":"product","2":"type-product","3":"status-publish","4":"has-post-thumbnail","6":"product_cat-fahrzeuggeschichte","8":"first","9":"instock","10":"taxable","11":"shipping-taxable","12":"purchasable","13":"product-type-simple"},"acf":[],"post_mailing_queue_ids":[],"_links":{"self":[{"href":"https:\/\/www.bahnmedien.at\/new_2017-08-09\/wp-json\/wp\/v2\/product\/3599","targetHints":{"allow":["GET"]}}],"collection":[{"href":"https:\/\/www.bahnmedien.at\/new_2017-08-09\/wp-json\/wp\/v2\/product"}],"about":[{"href":"https:\/\/www.bahnmedien.at\/new_2017-08-09\/wp-json\/wp\/v2\/types\/product"}],"wp:featuredmedia":[{"embeddable":true,"href":"https:\/\/www.bahnmedien.at\/new_2017-08-09\/wp-json\/wp\/v2\/media\/3705"}],"wp:attachment":[{"href":"https:\/\/www.bahnmedien.at\/new_2017-08-09\/wp-json\/wp\/v2\/media?parent=3599"}],"wp:term":[{"taxonomy":"product_brand","embeddable":true,"href":"https:\/\/www.bahnmedien.at\/new_2017-08-09\/wp-json\/wp\/v2\/product_brand?post=3599"},{"taxonomy":"product_cat","embeddable":true,"href":"https:\/\/www.bahnmedien.at\/new_2017-08-09\/wp-json\/wp\/v2\/product_cat?post=3599"},{"taxonomy":"product_tag","embeddable":true,"href":"https:\/\/www.bahnmedien.at\/new_2017-08-09\/wp-json\/wp\/v2\/product_tag?post=3599"}],"curies":[{"name":"wp","href":"https:\/\/api.w.org\/{rel}","templated":true}]}}