{"id":232,"date":"2017-08-10T19:07:11","date_gmt":"2017-08-10T17:07:11","guid":{"rendered":"http:\/\/www.bahnmedien.at\/new_2017-08-09\/?post_type=product&#038;p=232"},"modified":"2025-04-27T10:29:52","modified_gmt":"2025-04-27T08:29:52","slug":"victor-von-roell-enzyklopaedie-des-eisenbahnwesens","status":"publish","type":"product","link":"https:\/\/www.bahnmedien.at\/new_2017-08-09\/produkt\/victor-von-roell-enzyklopaedie-des-eisenbahnwesens\/","title":{"rendered":"Victor von R\u00f6ll: Enzyklop\u00e4die des Eisenbahnwesens"},"content":{"rendered":"<p>Diese DVD ist leider <strong>ausverkauft<\/strong>. Eine Nachproduktion ist nicht geplant.<\/p>\n<h4>Das Werk<\/h4>\n<p>Der Name des Alt\u00f6sterreichers Victor von R\u00f6ll gilt auch heute noch als Markenzeichen f\u00fcr qualitativ hochwertige und anspruchsvolle Eisenbahnliteratur. Der Jurist R\u00f6ll publizierte als Herausgeber in den Jahren 1890 bis 1895 eine siebenb\u00e4ndige Enzyklop\u00e4die, die keinen Aspekt des Eisenbahnwesens unbehandelt lassen sollte. Bahnsysteme fremder L\u00e4nder, G\u00fctertarife oder Lokomotivtechnik &#8211; R\u00f6ll und sein Autorenteam lie\u00dfen keinen Aspekt des Schienenverkehrs au\u00dfer Acht. Dabei gelang es R\u00f6ll, zahlreiche namhafte Experten seiner Zeit und aus aller Welt f\u00fcr sein Projekt zu gewinnen. Allerdings f\u00fchrte die gerade in dieser Epoche so rasche Entwicklung dieses Verkehrsmittels und seiner Technik dazu, dass dieses Standardwerk rasch veraltete. Daher startete R\u00f6ll ab 1911 eine zweite, stark erweiterte Auflage. Diese umfasste nun nicht mehr sieben, sondern bereits zehn B\u00e4nde. R\u00f6ll verstarb allerdings 1922, also ein Jahr vor der Publikation des zehnten und letzten Bandes.<\/p>\n<h4>Die DVD<\/h4>\n<p>Die von bahnmedien.at neu herausgebrachte Digitalausgabe als Windows-DVD umfasst alle Seiten aller B\u00e4nde der zweiten Auflage. Die DVD enth\u00e4lt nicht blo\u00df alle Seiten als gescanntes Faksimile, sondern auch eine leistungsf\u00e4hige Datenbank. Diese macht es m\u00f6glich, nach beliebigen Worten \u00fcber den gesamten Volltext aller Seiten zu suchen. Die DVD enth\u00e4lt nicht nur die Textseiten, sondern auch alle, teils gro\u00dfformatige Landkarten und andere historische Illustrationen \u2013 selbstverst\u00e4ndlich als qualitativ hochwertige Farbscans. Die auf DVD enthaltene Software l\u00e4uft nur unter Windows XP, Windows Vista sowie unter der 32-Bit-Version von Windows 7 (64-Bit-Version ist auf Anfrage m\u00f6glich). Die Seiten selbst sind ohne Datenbank aber unter allen PC-Betriebssystemen ansehbar, sofern diese ein DVD-Laufwerk ansteuern k\u00f6nnen (z.B. Windows 2000, Linux, Apple\/Mac OS). Der Verkaufspreis betr\u00e4gt \u20ac\u00a029,90 EUR.<\/p>\n<p><iframe scrolling=no width=\"100%\" onload=\"this.style.height=this.contentDocument.body.scrollHeight +'px';\" src=\"https:\/\/www.bahnmedien.at\/new_2017-08-09\/anhang.html\" seamless><\/iframe><\/p>\n","protected":false},"excerpt":{"rendered":"<p>(Windows-) DVD \u201eVictor von R\u00f6ll: Enzyklop\u00e4die des Eisenbahnwesens\u201d Digitaler Reprint eines der wichtigsten Klassiker der Eisenbahnliteratur<\/p>\n","protected":false},"featured_media":233,"template":"","meta":{"_acf_changed":false,"kt_blocks_editor_width":""},"product_brand":[],"product_cat":[32],"product_tag":[],"class_list":{"0":"post-232","1":"product","2":"type-product","3":"status-publish","4":"has-post-thumbnail","6":"product_cat-vergriffen","8":"first","9":"outofstock","10":"taxable","11":"shipping-taxable","12":"purchasable","13":"product-type-simple"},"acf":[],"post_mailing_queue_ids":[],"_links":{"self":[{"href":"https:\/\/www.bahnmedien.at\/new_2017-08-09\/wp-json\/wp\/v2\/product\/232","targetHints":{"allow":["GET"]}}],"collection":[{"href":"https:\/\/www.bahnmedien.at\/new_2017-08-09\/wp-json\/wp\/v2\/product"}],"about":[{"href":"https:\/\/www.bahnmedien.at\/new_2017-08-09\/wp-json\/wp\/v2\/types\/product"}],"wp:featuredmedia":[{"embeddable":true,"href":"https:\/\/www.bahnmedien.at\/new_2017-08-09\/wp-json\/wp\/v2\/media\/233"}],"wp:attachment":[{"href":"https:\/\/www.bahnmedien.at\/new_2017-08-09\/wp-json\/wp\/v2\/media?parent=232"}],"wp:term":[{"taxonomy":"product_brand","embeddable":true,"href":"https:\/\/www.bahnmedien.at\/new_2017-08-09\/wp-json\/wp\/v2\/product_brand?post=232"},{"taxonomy":"product_cat","embeddable":true,"href":"https:\/\/www.bahnmedien.at\/new_2017-08-09\/wp-json\/wp\/v2\/product_cat?post=232"},{"taxonomy":"product_tag","embeddable":true,"href":"https:\/\/www.bahnmedien.at\/new_2017-08-09\/wp-json\/wp\/v2\/product_tag?post=232"}],"curies":[{"name":"wp","href":"https:\/\/api.w.org\/{rel}","templated":true}]}}