{"id":230,"date":"2017-08-10T19:00:12","date_gmt":"2017-08-10T17:00:12","guid":{"rendered":"http:\/\/www.bahnmedien.at\/new_2017-08-09\/?post_type=product&#038;p=230"},"modified":"2026-02-21T19:16:11","modified_gmt":"2026-02-21T18:16:11","slug":"auf-den-spuren-von-franz-kraus-tirol-1959-1963","status":"publish","type":"product","link":"https:\/\/www.bahnmedien.at\/new_2017-08-09\/produkt\/auf-den-spuren-von-franz-kraus-tirol-1959-1963\/","title":{"rendered":"Auf den Spuren von Franz Kraus, Tirol 1959\u20131963"},"content":{"rendered":"<h4>Der Eisenbahnfotograf Franz Kraus<\/h4>\n<p>Im f\u00fcnften Band von <a href=\"http:\/\/www.bahnmedien.at\/new_2017-08-09\/produkt-kategorie\/bildband\/\">bahnmedien.at\/bild<\/a> besch\u00e4ftigen wir uns zum ersten Mal ausschlie\u00dflich mit dem Werk eines einzigen Fotografen. Franz Kraus (1901\u20131996) geh\u00f6rte zur ersten Generation namhafter \u00f6sterreichischer Eisenbahnfotografen und beeinflusste und inspirierte in seinem Schaffen zweifellos viele j\u00fcngere Kollegen der \u201eWiener Schule der Eisenbahnfotografie\u201c.<br \/>\nNach dem Ende des Zweiten Weltkrieges war er einer der ersten, die wieder mit dem Fotoapparat \u201ebewaffnet\u201c auf der Suche nach Interessantem auf \u00d6sterreichs Schienen die Gegend durchstreiften. Schon 1946 fotografierte er in Wien und Umgebung \u2013 auch in der sowjetischen Besatzungszone \u2013 Schienenfahrzeuge, die sonst niemand vor die Linse bekam. Wie er all diese Aufnahmen machen konnte, ohne behelligt zu werden, erscheint aus heutiger Sicht r\u00e4tselhaft. W\u00e4hrend sein Werk aus der Zeit vor 1945 leider kriegsbedingt verloren ging, entstanden von 1946 bis 1988 weit \u00fcber 50.000 Aufnahmen von Lokomotiven, Waggons und Z\u00fcgen in \u00d6sterreich. Etliche interessante Stra\u00dfenbahnfotos und Fotografien, die von einigen wenigen Auslandsreisen stammen, erg\u00e4nzen den umfangreichen Schatz. Aus manchen Jahren sind mehr als tausend Aufnahmen erhalten. Bis zuletzt blieb Franz Kraus der Schwarzwei\u00df-Fotografie treu.<\/p>\n<p>Bahnmedien.at hat sich vorgenommen, das reichhaltige Erbe des Fotografen in weiteren Bildb\u00e4nden mit ausgesuchten Aufnahmen der \u00d6ffentlichkeit zug\u00e4nglich zu machen. Vorgesehene Themenbereiche k\u00f6nnten z. B. der Gro\u00dfraum Wien und Umgebung, die Wiener Stra\u00dfenbahn oder die Bundesl\u00e4nder Steiermark und K\u00e4rnten sein.<\/p>\n<p>&nbsp;<\/p>\n<h4>Das Buch<\/h4>\n<p>Der erste Band stellt einen Querschnitt aus Kraus\u2019 Aufenthalten in Tirol in den Jahren 1959 bis 1963 dar. Die Fotos, die in und um Innsbruck sowie in der Umgebung von Lienz entstanden, umfassen einen weiten Bogen an elektrischen und Dieseltriebfahrzeugen vor unterschiedlichsten Z\u00fcgen. In Lienz wurde auch noch die Zeit vor dem Ende der Dampftraktion dokumentiert. Aufnahmen der Reihen 1020, 1670, 1145, 1080, 4041 sowie der Reihen 52, 2045 und 5042 stehen unter anderem im Mittelpunkt dieses Bildbandes.<\/p>\n<p>Das Buch hat einen Umfang von 96 Seiten im Format 240 x 205\u00a0mm und enth\u00e4lt 92 gro\u00dfformatige Schwarzwei\u00df-Fotografien. Es ist zum Preis von EUR 24,90 (Deutschland: EUR 26,70) hier online zu bestellen oder bei unseren Vertriebspartnern im Buchhandel erh\u00e4ltlich.<\/p>\n<p><iframe scrolling=no width=\"100%\" onload=\"this.style.height=this.contentDocument.body.scrollHeight +'px';\" src=\"https:\/\/www.bahnmedien.at\/new_2017-08-09\/anhang.html\" seamless><\/iframe><\/p>\n","protected":false},"excerpt":{"rendered":"<p>Auf den Spuren von Franz Kraus, Tirol 1959\u20131963<\/p>\n<p>Erscheinungsjahr: 2016<\/p>\n<p><strong>Autoren:<\/strong> <a href=\"http:\/\/www.bahnmedien.at\/new_2017-08-09\/unsere-autoren\/josef-pospichal\/\">Josef Pospichal<\/a>, <a href=\"http:\/\/www.bahnmedien.at\/new_2017-08-09\/johann-blieberger\/\">Johann Blieberger<\/a><\/p>\n","protected":false},"featured_media":507,"template":"","meta":{"_acf_changed":false,"kt_blocks_editor_width":""},"product_brand":[],"product_cat":[29],"product_tag":[],"class_list":{"0":"post-230","1":"product","2":"type-product","3":"status-publish","4":"has-post-thumbnail","6":"product_cat-bildband","8":"first","9":"instock","10":"taxable","11":"shipping-taxable","12":"purchasable","13":"product-type-simple"},"acf":[],"post_mailing_queue_ids":[],"_links":{"self":[{"href":"https:\/\/www.bahnmedien.at\/new_2017-08-09\/wp-json\/wp\/v2\/product\/230","targetHints":{"allow":["GET"]}}],"collection":[{"href":"https:\/\/www.bahnmedien.at\/new_2017-08-09\/wp-json\/wp\/v2\/product"}],"about":[{"href":"https:\/\/www.bahnmedien.at\/new_2017-08-09\/wp-json\/wp\/v2\/types\/product"}],"wp:featuredmedia":[{"embeddable":true,"href":"https:\/\/www.bahnmedien.at\/new_2017-08-09\/wp-json\/wp\/v2\/media\/507"}],"wp:attachment":[{"href":"https:\/\/www.bahnmedien.at\/new_2017-08-09\/wp-json\/wp\/v2\/media?parent=230"}],"wp:term":[{"taxonomy":"product_brand","embeddable":true,"href":"https:\/\/www.bahnmedien.at\/new_2017-08-09\/wp-json\/wp\/v2\/product_brand?post=230"},{"taxonomy":"product_cat","embeddable":true,"href":"https:\/\/www.bahnmedien.at\/new_2017-08-09\/wp-json\/wp\/v2\/product_cat?post=230"},{"taxonomy":"product_tag","embeddable":true,"href":"https:\/\/www.bahnmedien.at\/new_2017-08-09\/wp-json\/wp\/v2\/product_tag?post=230"}],"curies":[{"name":"wp","href":"https:\/\/api.w.org\/{rel}","templated":true}]}}