{"id":224,"date":"2017-08-10T18:45:17","date_gmt":"2017-08-10T16:45:17","guid":{"rendered":"http:\/\/www.bahnmedien.at\/new_2017-08-09\/?post_type=product&#038;p=224"},"modified":"2026-03-21T08:22:18","modified_gmt":"2026-03-21T07:22:18","slug":"zahnradbahnlokomotiven-aus-floridsdorf","status":"publish","type":"product","link":"https:\/\/www.bahnmedien.at\/new_2017-08-09\/produkt\/zahnradbahnlokomotiven-aus-floridsdorf\/","title":{"rendered":"Zahnradbahn&shy;lokomotiven aus Floridsdorf"},"content":{"rendered":"<p>Der zweite Band unserer Serie <a href=\"http:\/\/www.bahnmedien.at\/new_2017-08-09\/produkt-kategorie\/bildband\/\">bahnmedien.at\/bild<\/a>, die in modernisierter Form die Tradition \u00f6sterreichischer Bildb\u00e4nde fortsetzt, behandelt die Zahnradbahnlokomotiven, die in der traditionsreichen Wiener Lokomotivfabrik Floridsdorf gebaut wurden. Die Wiener Lokomotivfabrik Floridsdorf besass die alleinigen Patente des Zahnradbahn-Systems Abt f\u00fcr das Gebiet der \u00f6sterreichisch-ungarischen Monarchie. Sie wurde damit neben der weltweit t\u00e4tigen Schweizerischen Lokomotiv- und Maschinenfabrik (SLM), Winterthur, zur gr\u00f6\u00dften Produzentin von Zahnradbahn-Triebfahrzeugen.<\/p>\n<p>Zahnradbahnen unterschiedlicher Spurweite mit Floridsdorfer Lokomotiven finden sich auf den Territorien der sp\u00e4teren Nachfolgestaaten \u00d6sterreich, Tschechien, Slowakei, Ungarn, Rum\u00e4nien und Bosnien-Herzegowina. Mehrere Floridsdorfer Lokomotiven sind bis heute erhalten geblieben; auf der Achenseebahn in Tirol sind sie sogar noch t\u00e4glich in Betrieb.<\/p>\n<h4>Die Autoren<\/h4>\n<p>Arthur Meyer verfasste den Text.<\/p>\n<p>Der bekannte \u00f6sterreichische Eisenbahnhistoriker Josef Pospichal erstellte die detaillierte Lokomotivstatistik und w\u00e4hlte die Bilder aus.<\/p>\n<h4>Das Buch<\/h4>\n<p>Nach einer kurzen technischen Beschreibung werden die besprochenen Fahrzeuge im Bildteil mit \u00fcberwiegend gro\u00dfformatigen, weitgehend noch unver\u00f6ffentlichten Schwarzwei\u00df- und Farbfotos vorgestellt. Das Buch hat einen Umfang von 96 Seiten.<\/p>\n<p><iframe scrolling=no width=\"100%\" onload=\"this.style.height=this.contentDocument.body.scrollHeight +'px';\" src=\"https:\/\/www.bahnmedien.at\/new_2017-08-09\/anhang.html\" seamless><\/iframe><\/p>\n","protected":false},"excerpt":{"rendered":"<p>Zahnradbahnlokomotiven aus Floridsdorf<\/p>\n<p>Erscheinungsjahr: 2012<\/p>\n<p><strong>Autoren:<\/strong> Arthur Meyer, <a href=\"http:\/\/www.bahnmedien.at\/new_2017-08-09\/unsere-autoren\/josef-pospichal\/\">Josef Pospichal<\/a><\/p>\n","protected":false},"featured_media":511,"template":"","meta":{"_acf_changed":false,"kt_blocks_editor_width":""},"product_brand":[],"product_cat":[29,24],"product_tag":[],"class_list":{"0":"post-224","1":"product","2":"type-product","3":"status-publish","4":"has-post-thumbnail","6":"product_cat-bildband","7":"product_cat-fahrzeuggeschichte","9":"first","10":"instock","11":"taxable","12":"shipping-taxable","13":"purchasable","14":"product-type-simple"},"acf":[],"post_mailing_queue_ids":[],"_links":{"self":[{"href":"https:\/\/www.bahnmedien.at\/new_2017-08-09\/wp-json\/wp\/v2\/product\/224","targetHints":{"allow":["GET"]}}],"collection":[{"href":"https:\/\/www.bahnmedien.at\/new_2017-08-09\/wp-json\/wp\/v2\/product"}],"about":[{"href":"https:\/\/www.bahnmedien.at\/new_2017-08-09\/wp-json\/wp\/v2\/types\/product"}],"wp:featuredmedia":[{"embeddable":true,"href":"https:\/\/www.bahnmedien.at\/new_2017-08-09\/wp-json\/wp\/v2\/media\/511"}],"wp:attachment":[{"href":"https:\/\/www.bahnmedien.at\/new_2017-08-09\/wp-json\/wp\/v2\/media?parent=224"}],"wp:term":[{"taxonomy":"product_brand","embeddable":true,"href":"https:\/\/www.bahnmedien.at\/new_2017-08-09\/wp-json\/wp\/v2\/product_brand?post=224"},{"taxonomy":"product_cat","embeddable":true,"href":"https:\/\/www.bahnmedien.at\/new_2017-08-09\/wp-json\/wp\/v2\/product_cat?post=224"},{"taxonomy":"product_tag","embeddable":true,"href":"https:\/\/www.bahnmedien.at\/new_2017-08-09\/wp-json\/wp\/v2\/product_tag?post=224"}],"curies":[{"name":"wp","href":"https:\/\/api.w.org\/{rel}","templated":true}]}}