{"id":22047,"date":"2025-10-07T15:16:38","date_gmt":"2025-10-07T13:16:38","guid":{"rendered":"https:\/\/www.bahnmedien.at\/new_2017-08-09\/?post_type=product&#038;p=22047"},"modified":"2026-04-20T15:08:27","modified_gmt":"2026-04-20T13:08:27","slug":"die-kkstb-reisezugwagen-wagengruppe-if-bei-kkstb-und-bboe-kopie","status":"publish","type":"product","link":"https:\/\/www.bahnmedien.at\/new_2017-08-09\/produkt\/die-kkstb-reisezugwagen-wagengruppe-if-bei-kkstb-und-bboe-kopie\/","title":{"rendered":"die \u00d6BB-Spantenwagen"},"content":{"rendered":"<p>In den Jahren nach 1945 machte sich bei den \u00d6sterreichischen Staatsbahnen der Mangel an modernem Wagenmaterial extrem bemerkbar. Die noch aus der Zeit der Monarchie stammenden Holzkastenwagen waren nicht nur nicht mehr zeitgem\u00e4\u00df, sie entpuppten sich sogar bei Unf\u00e4llen als lebensgef\u00e4hrlich. Die in der Zeit zwischen 1918 und 1938 entwickelten \u201eeisernen\u201c Bauarten, zu denen auch die N28-Wagen zu z\u00e4hlen waren, waren in viel zu geringer Zahl vorhanden.<br \/>\nDa die Nachkriegszeit keine gro\u00dfen finanziellen Investitionen erlaubte, entstand ein ambitioniertes Umbauprogramm. Auf Untergestellen von Holzkasten- und Schadwagen wurde ein Ger\u00fcst aus vorgefertigten Spanten errichtet. Die Abst\u00e4nde zwischen den Spanten wurden an die Fensterbreite angepasst und das Gerippe au\u00dfen verblecht. \u00c4u\u00dferlich wurden als Vorbild die N28-Wagen gew\u00e4hlt. Holzsitze, sp\u00e4ter gepolsterte und mit gr\u00fcnem Kunststoff \u00fcberzogene Sitzb\u00e4nke, bildeten die Standardinneneinrichtung.<br \/>\nSo entstanden die in den Nachkriegsjahren allgegenw\u00e4rtigen Umbauwagentypen, denen wir diesen Band widmen.<br \/>\nEr enth\u00e4lt geschichtliche Details, technische Daten, Fotos und Typenskizzen der mehr als 2500 Wagen zusammengefasst in \u00fcber 130 unterschiedlichen Typen.<\/p>\n<p>Das Buch hat einen Umfang von 496 Seiten im Format 280 x 215 mm und enth\u00e4lt zahlreiche Farb- und SW-Fotos.<\/p>\n<p><iframe scrolling=no width=\"100%\" onload=\"this.style.height=this.contentDocument.body.scrollHeight +'px';\" src=\"https:\/\/www.bahnmedien.at\/new_2017-08-09\/anhang.html\" seamless><\/iframe><\/p>\n","protected":false},"excerpt":{"rendered":"<p>die \u00d6BB-Spantenwagen<\/p>\n<p>Erscheinungsjahr: 2025<\/p>\n<p><strong>Autoren:<\/strong> <a href=\"http:\/\/www.bahnmedien.at\/new_2017-08-09\/hermann-heless\/\">Hermann Heless<\/a>, <a href=\"http:\/\/www.bahnmedien.at\/new_2017-08-09\/johann-blieberger\/\">Johann Blieberger<\/a>, <a href=\"http:\/\/www.bahnmedien.at\/new_2017-08-09\/wolfgang-siegl\/\">Wolfgang Siegl<\/a><\/p>\n","protected":false},"featured_media":14267,"template":"","meta":{"_acf_changed":false,"kt_blocks_editor_width":""},"product_brand":[],"product_cat":[24],"product_tag":[],"class_list":{"0":"post-22047","1":"product","2":"type-product","3":"status-publish","4":"has-post-thumbnail","6":"product_cat-fahrzeuggeschichte","8":"first","9":"instock","10":"featured","11":"taxable","12":"shipping-taxable","13":"purchasable","14":"product-type-simple"},"acf":[],"post_mailing_queue_ids":[],"_links":{"self":[{"href":"https:\/\/www.bahnmedien.at\/new_2017-08-09\/wp-json\/wp\/v2\/product\/22047","targetHints":{"allow":["GET"]}}],"collection":[{"href":"https:\/\/www.bahnmedien.at\/new_2017-08-09\/wp-json\/wp\/v2\/product"}],"about":[{"href":"https:\/\/www.bahnmedien.at\/new_2017-08-09\/wp-json\/wp\/v2\/types\/product"}],"wp:featuredmedia":[{"embeddable":true,"href":"https:\/\/www.bahnmedien.at\/new_2017-08-09\/wp-json\/wp\/v2\/media\/14267"}],"wp:attachment":[{"href":"https:\/\/www.bahnmedien.at\/new_2017-08-09\/wp-json\/wp\/v2\/media?parent=22047"}],"wp:term":[{"taxonomy":"product_brand","embeddable":true,"href":"https:\/\/www.bahnmedien.at\/new_2017-08-09\/wp-json\/wp\/v2\/product_brand?post=22047"},{"taxonomy":"product_cat","embeddable":true,"href":"https:\/\/www.bahnmedien.at\/new_2017-08-09\/wp-json\/wp\/v2\/product_cat?post=22047"},{"taxonomy":"product_tag","embeddable":true,"href":"https:\/\/www.bahnmedien.at\/new_2017-08-09\/wp-json\/wp\/v2\/product_tag?post=22047"}],"curies":[{"name":"wp","href":"https:\/\/api.w.org\/{rel}","templated":true}]}}