{"id":22044,"date":"2025-10-07T15:02:40","date_gmt":"2025-10-07T13:02:40","guid":{"rendered":"https:\/\/www.bahnmedien.at\/new_2017-08-09\/?post_type=product&#038;p=22044"},"modified":"2026-03-21T08:22:19","modified_gmt":"2026-03-21T07:22:19","slug":"oebb-reihen-91-und-191","status":"publish","type":"product","link":"https:\/\/www.bahnmedien.at\/new_2017-08-09\/produkt\/oebb-reihen-91-und-191\/","title":{"rendered":"\u00d6BB-Reihen 91 und 191"},"content":{"rendered":"<p>Um den recht vielf\u00e4ltigen Lokomotivbestand der kkStB f\u00fcr Lokalbahnen zu vereinheitlichen, entwarf Karl G\u00f6lsdorf die Reihe 99. Die Loks erhielten die von G\u00f6lsdorf entwickelte Winkelhebelsteuerung, welche die kostspielige Schwinge der Heusinger-Steuerung entbehrlich machte. Die kkStB stellten 69 Exemplare in Dienst, f\u00fcnf St\u00fcck erwarben die Nieder\u00f6sterreichischen Landesbahnen (N\u00d6LB).  F\u00fcr die Bozen-Meraner Bahn modifizierte G\u00f6lsdorf die Reihe 99 und schuf so die Reihe 199. Die kkStB lie\u00dfen 19 St\u00fcck, die N\u00d6LB zehn f\u00fcr ihren Bedarf bauen.<\/p>\n<p>Die N\u00d6LB lie\u00dfen f\u00fcr die Lokalbahn Retz\u2013Drosendorf die 1\u2032Ct-h2 Reihe 202 bei Krauss in Linz fertigen. Nach der Verstaatlichung der N\u00d6LB erhielten die drei Loks die Reihenbezeichnung 399.<\/p>\n<p>In das neue Nummernschema der \u00d6BB kamen 15 St\u00fcck der ehemaligen BB\u00d6-Reihe 99 als \u00d6BB-Reihe 91, neun 199er als \u00d6BB-Reihe 91.1 sowie zwei 399er als \u00d6BB-Reihe 191.<\/p>\n<p>Der Bildband enth\u00e4lt Fotos aller bei den \u00d6BB verbliebenen Loks dieser Reihen. Neben den bekannten Eins\u00e4tzen auf der Lokalbahn von M\u00fcrzzuschlag nach Neuberg werden auch Fotos von vielen anderen Stationierungen innerhalb \u00d6sterreichs dokumentiert. Der Band enth\u00e4lt Fotos von Franz Kraus, Harald Nav\u00e9, sowie Gerhard und Alfred Luft.<\/p>\n<p>96 Seiten im Format 240 x 205 mm enthalten 92 SW-Aufnahmen.<\/p>\n<p><iframe scrolling=no width=\"100%\" onload=\"this.style.height=this.contentDocument.body.scrollHeight +'px';\" src=\"https:\/\/www.bahnmedien.at\/new_2017-08-09\/anhang.html\" seamless><\/iframe><\/p>\n","protected":false},"excerpt":{"rendered":"<p>Erscheinungsjahr: 2025<br \/>\n<strong>Autoren:<\/strong> Johann Blieberger, Josef Pospichal<\/p>\n","protected":false},"featured_media":22038,"template":"","meta":{"_acf_changed":false,"kt_blocks_editor_width":""},"product_brand":[],"product_cat":[29,24],"product_tag":[],"class_list":{"0":"post-22044","1":"product","2":"type-product","3":"status-publish","4":"has-post-thumbnail","6":"product_cat-bildband","7":"product_cat-fahrzeuggeschichte","9":"first","10":"instock","11":"featured","12":"taxable","13":"shipping-taxable","14":"purchasable","15":"product-type-simple"},"acf":[],"post_mailing_queue_ids":[],"_links":{"self":[{"href":"https:\/\/www.bahnmedien.at\/new_2017-08-09\/wp-json\/wp\/v2\/product\/22044","targetHints":{"allow":["GET"]}}],"collection":[{"href":"https:\/\/www.bahnmedien.at\/new_2017-08-09\/wp-json\/wp\/v2\/product"}],"about":[{"href":"https:\/\/www.bahnmedien.at\/new_2017-08-09\/wp-json\/wp\/v2\/types\/product"}],"wp:featuredmedia":[{"embeddable":true,"href":"https:\/\/www.bahnmedien.at\/new_2017-08-09\/wp-json\/wp\/v2\/media\/22038"}],"wp:attachment":[{"href":"https:\/\/www.bahnmedien.at\/new_2017-08-09\/wp-json\/wp\/v2\/media?parent=22044"}],"wp:term":[{"taxonomy":"product_brand","embeddable":true,"href":"https:\/\/www.bahnmedien.at\/new_2017-08-09\/wp-json\/wp\/v2\/product_brand?post=22044"},{"taxonomy":"product_cat","embeddable":true,"href":"https:\/\/www.bahnmedien.at\/new_2017-08-09\/wp-json\/wp\/v2\/product_cat?post=22044"},{"taxonomy":"product_tag","embeddable":true,"href":"https:\/\/www.bahnmedien.at\/new_2017-08-09\/wp-json\/wp\/v2\/product_tag?post=22044"}],"curies":[{"name":"wp","href":"https:\/\/api.w.org\/{rel}","templated":true}]}}