{"id":218,"date":"2017-08-10T16:34:16","date_gmt":"2017-08-10T14:34:16","guid":{"rendered":"http:\/\/www.bahnmedien.at\/new_2017-08-09\/?post_type=product&#038;p=218"},"modified":"2026-01-26T18:46:27","modified_gmt":"2026-01-26T17:46:27","slug":"ybbstalbahn-dvd","status":"publish","type":"product","link":"https:\/\/www.bahnmedien.at\/new_2017-08-09\/produkt\/ybbstalbahn-dvd\/","title":{"rendered":"Ybbstalbahn &#8211; DVD"},"content":{"rendered":"<p>Mit Dieter Stanfels \u201eYbbstalbahn\u201c erscheint erstmals eine umfassende und detaillierte Monographie \u00fcber das \u00e4lteste der drei gro\u00dfen schmalspurigen Lokalbahnnetze in Nieder\u00f6sterreich. Das ist umso erstaunlicher, kann diese Bahn, deren Betrieb 2009 im wesentlichen eingestellt wurde, doch eine sehr interessante und wechselvolle Geschichte aufweisen. Bereits in den 1870er-Jahren bem\u00fchte sich die Bev\u00f6lkerung des Ybbstales um einen Anschluss an das Eisenbahnnetz. Was sie nach langem Warten letztendlich bekam, war eine typisch \u00f6sterreichische Kompromissl\u00f6sung \u2013 eine schmalspurige Verbindung zwischen zwei Normalspurstrecken, auf der Spurweite von 760 mm nach Vorgabe des Milit\u00e4rs. Visionen von einem umfangreichen nieder\u00f6sterreichischen Schmalspurnetz zerschlugen sich mit Ausbruch des Ersten Weltkrieges. Dennoch verrichtete die Ybbstalbahn jahrzehntelang vor allem unauff\u00e4llig ihren Dienst zur Zufriedenheit der Ybbstaler, von Touristen und Frachtkunden. In die Schlagzeilen kam sie erst, als man letztendlich alles daran setzte, sie gegen starkem Widerstand aus der Bev\u00f6lkerung aus dem Tal zu entfernen. Der Autor Dieter Stanfel, Verfasser zahlreicher Schriften zum \u00f6sterreichischen Lokalbahnwesen (sein Standardwerk zur Gurktalbahn ist ebenfalls bei bahnmedien.at erschienen) hat nach Jahrzehnten intensiver Quellenforschung und Archivarbeit sowie Befragung von Zeitzeugen eine Streckenmonographie vorgelegt, die das Bild einer Bahn anhand zahlreicher bislang unver\u00f6ffentlichter Dokumente aber auch lokaler Begebenheiten zeichnet. Auch bei einem regionalhistorisch interessierten Publikum wird dieser Band daher Aufmerksamkeit erregen. Das Buch bietet dem Leser eine F\u00fclle an penibel recherchierten Fakten zur Geschichte der Bahn sowie zu den verkehrspolitischen Umst\u00e4nden die zu ihrem Entstehen und ihrem Niedergang f\u00fchrten und die betriebliche Situation ma\u00dfgeblich beeinflussten. Detaillierte Beschreibungen der Strecke und des Fuhrparks, einschlie\u00dflich zahlreicher Grafiken von Fahrzeugen, Hochbauten und Gleisanlagen runden das reich illustrierte, 384 Seiten starke Werk ab. Als <strong>Leseprobe<\/strong> steht f\u00fcr Sie ein Ausschnitt aus der Streckenbeschreibung zum <a href=\"http:\/\/bahnmedien.at\/files\/bm_ybbs_leseprobe.pdf\" name=\"Leseprobe Ybbstal\">Download<\/a> bereit.<\/p>\n<h4>Die DVD zum Buch<\/h4>\n<p>Als Erg\u00e4nzung zum Buch \u201eYbbstalbahn\u201d von Dieter Stanfel pr\u00e4sentiert bahnmedien.at eine DVD mit einer Vielzahl zus\u00e4tzlicher Inhalte, die ihren Weg in das entstandene Buch nicht mehr geschafft haben, aber dennoch ihre Aufmerksamkeit verdienen. Als der Autor Dieter Stanfel und der Verlag das Buch \u00fcber die Ybbstalbahn, das innerhalb k\u00fcrzester Zeit den Ruf eines Standardwerkes erlangt hat, erarbeiteten, wurde angesichts der \u00fcberbordenden Menge an Archivalien und Illustrationen schnell klar, dass der Umfang des Werkes die Grenzen einer klassischen Streckenmonografie sprengen w\u00fcrde. M\u00f6glichkeiten, dieses Material dem interessierten Publikum zug\u00e4nglich zu machen wurden er\u00f6rtert, verworfen, wieder aufgenommen. Schlie\u00dflich setzte sich die Idee durch, in das Buch nicht alle vorhandenen Unterlagen aufzunehmen, sondern zus\u00e4tzliches Material auf einer DVD anzubieten. Sie finden auf dem nun vorliegenden Datentr\u00e4ger unter anderem: Streckenpl\u00e4ne der gesamten Strecke, Zeichnungen der Gleisanlagen von Bahnh\u00f6fen und Haltestellen sowie von Br\u00fccken, Viadukten und Schleppbahnen, Geb\u00e4udepl\u00e4ne, Typenskizzen der wichtigsten Fahrzeuge \u2013 das meiste davon aus dem Zeichenstift des Autors. Als besondere Rarit\u00e4t k\u00f6nnen wir Ihnen digitalisierte Original-Werkszeichnungen der Wagen der Ybbstalbahn, die im sprichw\u00f6rtlich letzten Augeblick aufgetaucht waren, anbieten, sowie Fahrpl\u00e4ne und mehrere digitalisierte Amateurfilme, davon zwei von der 75-Jahr-Feier der Ybbstalbahn im Jahr 1973.<\/p>\n<h4>Benutzerfreundlich und betriebssystemunabh\u00e4ngig<\/h4>\n<p>Unabh\u00e4ngig von Ihrem installierten Betriebssystem sind die Inhalte der DVD \u201eDie Ybbstalbahn\u201d denkbar einfach auf jedem Computer mit DVD-Laufwerk darstellbar: Klicken Sie auf die Datei <em>start.html<\/em> und das Navigationsmen\u00fc wird im Webbrowser ge\u00f6ffnet. Sie k\u00f6nnen die Inhalte nun wie auf einer Internetseite abrufen. Es ist keine Installaton zus\u00e4tzlicher Software notwendig.<\/p>\n<p><h4>Achtung!<\/h4>\n<p>Leider war bei der ersten Charge der DVD ein Produktionsfehler aufgetreten! Das Dateisystem dieser Datentr\u00e4ger kann unter Windows-Betriebssystemen nicht korrekt eingelesen werden. Zum Versand und in den Fachhandel kommt selbstverst\u00e4ndlich nur noch die korrigierte Fassung des Datentr\u00e4gers. Bereits erworbene fehlerhafte DVDs werden auf dem Kulanzweg kostenlos durch Zusendung eines neuen Datentr\u00e4gers ersetzt. Wir bedauern f\u00fcr allf\u00e4llige Unannehmlichkeiten und danken f\u00fcr Ihr Verst\u00e4ndnis!<\/p>\n<p><iframe scrolling=no width=\"100%\" onload=\"this.style.height=this.contentDocument.body.scrollHeight +'px';\" src=\"https:\/\/www.bahnmedien.at\/new_2017-08-09\/anhang.html\" seamless><\/iframe><\/p>\n","protected":false},"excerpt":{"rendered":"<p><strong>DVD zu:<\/strong> Ybbstalbahn Waidhofen an der Ybbs \u2014 Gstadt \u2014 Ybbsitz\/Kienberg-Gaming <strong>Autor:<\/strong> Dieter Stanfel<\/p>\n<p>Erscheinungsjahr: 2014<\/p>\n","protected":false},"featured_media":518,"template":"","meta":{"_acf_changed":false,"kt_blocks_editor_width":""},"product_brand":[],"product_cat":[27,26],"product_tag":[],"class_list":{"0":"post-218","1":"product","2":"type-product","3":"status-publish","4":"has-post-thumbnail","6":"product_cat-dvd","7":"product_cat-streckenbiografie","9":"first","10":"outofstock","11":"taxable","12":"shipping-taxable","13":"purchasable","14":"product-type-simple"},"acf":[],"post_mailing_queue_ids":[],"_links":{"self":[{"href":"https:\/\/www.bahnmedien.at\/new_2017-08-09\/wp-json\/wp\/v2\/product\/218","targetHints":{"allow":["GET"]}}],"collection":[{"href":"https:\/\/www.bahnmedien.at\/new_2017-08-09\/wp-json\/wp\/v2\/product"}],"about":[{"href":"https:\/\/www.bahnmedien.at\/new_2017-08-09\/wp-json\/wp\/v2\/types\/product"}],"wp:featuredmedia":[{"embeddable":true,"href":"https:\/\/www.bahnmedien.at\/new_2017-08-09\/wp-json\/wp\/v2\/media\/518"}],"wp:attachment":[{"href":"https:\/\/www.bahnmedien.at\/new_2017-08-09\/wp-json\/wp\/v2\/media?parent=218"}],"wp:term":[{"taxonomy":"product_brand","embeddable":true,"href":"https:\/\/www.bahnmedien.at\/new_2017-08-09\/wp-json\/wp\/v2\/product_brand?post=218"},{"taxonomy":"product_cat","embeddable":true,"href":"https:\/\/www.bahnmedien.at\/new_2017-08-09\/wp-json\/wp\/v2\/product_cat?post=218"},{"taxonomy":"product_tag","embeddable":true,"href":"https:\/\/www.bahnmedien.at\/new_2017-08-09\/wp-json\/wp\/v2\/product_tag?post=218"}],"curies":[{"name":"wp","href":"https:\/\/api.w.org\/{rel}","templated":true}]}}