{"id":21489,"date":"2025-06-22T09:26:41","date_gmt":"2025-06-22T07:26:41","guid":{"rendered":"https:\/\/www.bahnmedien.at\/new_2017-08-09\/?post_type=product&#038;p=21489"},"modified":"2026-05-14T09:25:16","modified_gmt":"2026-05-14T07:25:16","slug":"die-type-e2-der-wiener-verkehrsbetriebe","status":"publish","type":"product","link":"https:\/\/www.bahnmedien.at\/new_2017-08-09\/produkt\/die-type-e2-der-wiener-verkehrsbetriebe\/","title":{"rendered":"Die Type E<sub>2<\/sub> der Wiener Verkehrsbetriebe"},"content":{"rendered":"<p>Als Nachfolgemodell zur bew\u00e4hrten Type E<sub>1<\/sub> wurde der D\u00dcWAG Type Mannheim als Grundlage f\u00fcr den Lizenznachbau bestellt. In Summe wurden 122 Triebwagen der Type E<sub>2<\/sub> von den Firmen SGP Simmering und Bombardier-Rotax hergestellt und in den Jahren 1978 bis 1990 in Betrieb genommen.<\/p>\n<p>Die neuen Garnituren E<sub>2<\/sub> + c<sub>5<\/sub> wurden dem Betriebsbahnhof Favoriten zugeteilt, und die ersten Eins\u00e4tze begannen auf der Linie 6. Mit der Er\u00f6ffnung der Schnellstra\u00dfenbahnlinie 64 nach Alt Erlaa realisierte man den ersten typenreinen Betrieb.<\/p>\n<p>Im Laufe der Zeit wurden die Fahrzeuge immer wieder modernisiert. Die Linienanzeigen der Firma Brose wurden durch LED-Anzeigen ersetzt, eine Chopper-Steuerung eingebaut und R\u00fcckspiegel angebracht.<\/p>\n<p>Der Bildband stellt s\u00e4mtliche Triebwagen vor. Die Aufnahmen zeigen die unterschiedlichsten Erscheinungsformen in der gesamten Einsatzzeit. Ebenso sind Fotos aller Linien, auf denen die E<sub>2<\/sub> + c<sub>5<\/sub> planm\u00e4\u00dfig im Einsatz standen, enthalten.<\/p>\n<p>132 Seiten im Format 240 x 205 mm enthalten 128 Farb-Aufnahmen.<\/p>\n<p><iframe scrolling=no width=\"100%\" onload=\"this.style.height=this.contentDocument.body.scrollHeight +'px';\" src=\"https:\/\/www.bahnmedien.at\/new_2017-08-09\/anhang.html\" seamless><\/iframe><\/p>\n","protected":false},"excerpt":{"rendered":"<p>Erscheinungsjahr: 2025<br \/>\n<strong>Autoren:<\/strong> Josef Pospichal, Wolfgang Siegl<\/p>\n","protected":false},"featured_media":21543,"template":"","meta":{"_acf_changed":false,"kt_blocks_editor_width":""},"product_brand":[],"product_cat":[29,25],"product_tag":[],"class_list":{"0":"post-21489","1":"product","2":"type-product","3":"status-publish","4":"has-post-thumbnail","6":"product_cat-bildband","7":"product_cat-strassenbahn","9":"first","10":"instock","11":"taxable","12":"shipping-taxable","13":"purchasable","14":"product-type-simple"},"acf":[],"post_mailing_queue_ids":[],"_links":{"self":[{"href":"https:\/\/www.bahnmedien.at\/new_2017-08-09\/wp-json\/wp\/v2\/product\/21489","targetHints":{"allow":["GET"]}}],"collection":[{"href":"https:\/\/www.bahnmedien.at\/new_2017-08-09\/wp-json\/wp\/v2\/product"}],"about":[{"href":"https:\/\/www.bahnmedien.at\/new_2017-08-09\/wp-json\/wp\/v2\/types\/product"}],"wp:featuredmedia":[{"embeddable":true,"href":"https:\/\/www.bahnmedien.at\/new_2017-08-09\/wp-json\/wp\/v2\/media\/21543"}],"wp:attachment":[{"href":"https:\/\/www.bahnmedien.at\/new_2017-08-09\/wp-json\/wp\/v2\/media?parent=21489"}],"wp:term":[{"taxonomy":"product_brand","embeddable":true,"href":"https:\/\/www.bahnmedien.at\/new_2017-08-09\/wp-json\/wp\/v2\/product_brand?post=21489"},{"taxonomy":"product_cat","embeddable":true,"href":"https:\/\/www.bahnmedien.at\/new_2017-08-09\/wp-json\/wp\/v2\/product_cat?post=21489"},{"taxonomy":"product_tag","embeddable":true,"href":"https:\/\/www.bahnmedien.at\/new_2017-08-09\/wp-json\/wp\/v2\/product_tag?post=21489"}],"curies":[{"name":"wp","href":"https:\/\/api.w.org\/{rel}","templated":true}]}}