{"id":209,"date":"2019-11-01T16:04:47","date_gmt":"2019-11-01T15:04:47","guid":{"rendered":"http:\/\/www.bahnmedien.at\/new_2017-08-09\/?post_type=product&#038;p=209"},"modified":"2026-04-20T15:08:26","modified_gmt":"2026-04-20T13:08:26","slug":"24","status":"publish","type":"product","link":"https:\/\/www.bahnmedien.at\/new_2017-08-09\/produkt\/24\/","title":{"rendered":"Dromedar, Hy\u00e4ne und Co. &ndash; Als die Automobile noch Namen hatten"},"content":{"rendered":"<p>Die Motorisierung der k.u.k. Armee begann in den letzten Tagen des Jahres 1897: Mit einem von der deutschen Firma Daimler geliehenen Automobil. Nach und nach fasste sodann das Automobil in der Armee langsam Fu\u00df. Der Ausbruch des (Ersten) Weltkrieges sollte den Bedarf an Kraftfahrzeugen geradezu schlagartig enorm steigern. Die Beitr\u00e4ge der vier Autoren umspannen in einem weiten Themenbogen nicht nur die Entwicklung des Kraftfahrwesens in den beiden letzten Jahrzehnten der \u00f6sterreichisch-ungarischen Armee. Die pr\u00e4genden Pers\u00f6nlichkeiten werden ebenso vorgestellt wie die Geschichten der f\u00fchrenden Automobilfabriken der Donaumonarchie oder die vielf\u00e4ltigen Auswirkungen der Wirtschaftsblockade gegen die Mittelm\u00e4chte. Ein Handbuch \u00fcber Automobilismus ist jedoch ohne Bilder nicht vorstellbar. Mehr als 200 sorgf\u00e4ltig ausgesuchte Fotos wurden deshalb zur Illustration der einzelnen Kapitel des vorliegenden Buches aufgenommen.<\/p>\n<p>Das Werk umfasst 256 Seiten und mehr als 200 historische Abbildungen.<\/p>\n<p><iframe scrolling=no width=\"100%\" onload=\"this.style.height=this.contentDocument.body.scrollHeight +'px';\" src=\"https:\/\/www.bahnmedien.at\/new_2017-08-09\/anhang.html\" seamless><\/iframe><\/p>\n","protected":false},"excerpt":{"rendered":"<p>Dromedar, Hy\u00e4ne und Co. &ndash; Als die Automobile noch Namen hatten<br \/>\nDas Kraftfahrzeugwesen der k.u.k. Armee (1898&ndash;1918)<\/p>\n<p>Erscheinungsjahr: 2019<\/p>\n<p>Autoren: Gerhard Artl (Hrsg.), Walter Blasi, Stefan Reitgruber, Wilfried Schimon<\/p>\n","protected":false},"featured_media":4016,"template":"","meta":{"_acf_changed":false,"kt_blocks_editor_width":""},"product_brand":[],"product_cat":[28],"product_tag":[],"class_list":{"0":"post-209","1":"product","2":"type-product","3":"status-publish","4":"has-post-thumbnail","6":"product_cat-sonstiges","8":"first","9":"instock","10":"taxable","11":"shipping-taxable","12":"purchasable","13":"product-type-simple"},"acf":[],"post_mailing_queue_ids":[],"_links":{"self":[{"href":"https:\/\/www.bahnmedien.at\/new_2017-08-09\/wp-json\/wp\/v2\/product\/209","targetHints":{"allow":["GET"]}}],"collection":[{"href":"https:\/\/www.bahnmedien.at\/new_2017-08-09\/wp-json\/wp\/v2\/product"}],"about":[{"href":"https:\/\/www.bahnmedien.at\/new_2017-08-09\/wp-json\/wp\/v2\/types\/product"}],"wp:featuredmedia":[{"embeddable":true,"href":"https:\/\/www.bahnmedien.at\/new_2017-08-09\/wp-json\/wp\/v2\/media\/4016"}],"wp:attachment":[{"href":"https:\/\/www.bahnmedien.at\/new_2017-08-09\/wp-json\/wp\/v2\/media?parent=209"}],"wp:term":[{"taxonomy":"product_brand","embeddable":true,"href":"https:\/\/www.bahnmedien.at\/new_2017-08-09\/wp-json\/wp\/v2\/product_brand?post=209"},{"taxonomy":"product_cat","embeddable":true,"href":"https:\/\/www.bahnmedien.at\/new_2017-08-09\/wp-json\/wp\/v2\/product_cat?post=209"},{"taxonomy":"product_tag","embeddable":true,"href":"https:\/\/www.bahnmedien.at\/new_2017-08-09\/wp-json\/wp\/v2\/product_tag?post=209"}],"curies":[{"name":"wp","href":"https:\/\/api.w.org\/{rel}","templated":true}]}}