{"id":200,"date":"2018-08-10T15:38:28","date_gmt":"2018-08-10T13:38:28","guid":{"rendered":"http:\/\/www.bahnmedien.at\/new_2017-08-09\/?post_type=product&#038;p=200"},"modified":"2025-04-27T10:10:08","modified_gmt":"2025-04-27T08:10:08","slug":"strassenbahnen-der-k-u-k-donaumonarchie","status":"publish","type":"product","link":"https:\/\/www.bahnmedien.at\/new_2017-08-09\/produkt\/strassenbahnen-der-k-u-k-donaumonarchie\/","title":{"rendered":"Stra\u00dfenbahnen der k.u.k. Donaumonarchie"},"content":{"rendered":"<p>Dieser Band ist leider <strong>ausverkauft<\/strong>. Ein Nachdruck ist nicht geplant.<\/p>\n<p>Die alte \u00f6sterreichisch-ungarische Monarchie vor 1918 verf\u00fcgte nicht nur \u00fcber ein au\u00dferordentlich dichtes Eisenbahnnetz, das bis in die entferntesten Winkel des Vielv\u00f6lkerstaates reichte. Ihre St\u00e4dte und Agglomerationen besa\u00dfen auch schon fr\u00fchzeitig ausgedehnte Stra\u00dfenbahnnetze sowie Trolleybussysteme. Diese in verschiedensten Spurweiten errichteten und mit mehrerlei Traktionsarten betriebenen Bahnen dienten vielerorts nicht blo\u00df dem \u00f6ffentlichen Personennahverkehr, sondern wurden zum Teil auch zum Transport von G\u00fctern herangezogen.<\/p>\n<p>In diesem Band von Enzyklop\u00e4diecharakter werden zum ersten Mal alle 79 Stra\u00dfenbahnbetriebe \u00d6sterreich-Ungarns umfassend und mit detaillierten Pl\u00e4nen und Fahrzeugstatistiken dargestellt. Das Buch versammelt zudem eine F\u00fclle an Fotomaterial aus der Zeit vor 1918, das zu einem gro\u00dfen Teil hier zum ersten Mal publiziert wird. Autor ist der bekannte tschechische Eisenbahnpublizist Martin Har\u00e1k. Ihm zur Seite stand ein engagiertes Team aus \u00f6sterreichischen, tschechischen, ungarischen, polnischen und Schweizer Kennern des Schienenverkehrs, die ihr Fachwissen einbrachten und ihre Bildarchive und Sammlungen f\u00fcr dieses Buch zur Verf\u00fcgung stellten.<\/p>\n<p>Eine <strong>Leseprobe<\/strong> steht f\u00fcr Sie zum <a href=\"https:\/\/www.bahnmedien.at\/new_2017-08-09\/wp-content\/uploads\/2021\/12\/kukstrab_leseprobes.pdf\" target=\"_blank\" rel=\"noopener noreferrer\">Download<\/a> bereit.<\/p>\n<p>384 Seiten, 343 Abbildungen<\/p>\n<p>Ein <strong>Korrekturblatt<\/strong> steht f\u00fcr Sie zum <a href=\"https:\/\/www.bahnmedien.at\/new_2017-08-09\/wp-content\/uploads\/2021\/12\/kkStr_korr_20151026-1.pdf\" target=\"_blank\" rel=\"noopener noreferrer\">Download<\/a> zur Verf\u00fcgung. Herzlichen Dank an alle aufmerksamen Leser, die uns \u00fcber Fehler und Irrt\u00fcmer benachrichtigt und Informationen zur Verf\u00fcgung gestellt haben!<\/p>\n<p><iframe scrolling=no width=\"100%\" onload=\"this.style.height=this.contentDocument.body.scrollHeight +'px';\" src=\"https:\/\/www.bahnmedien.at\/new_2017-08-09\/anhang.html\" seamless><\/iframe><\/p>\n","protected":false},"excerpt":{"rendered":"<p>Tramway- und Trolleybusbetriebe in \u00d6sterreich-Ungarn<\/p>\n<p>Erscheinungsjahr: 2015<\/p>\n<p><strong>Autor:<\/strong> Martin Har\u00e1k<\/p>\n","protected":false},"featured_media":201,"template":"","meta":{"_acf_changed":false,"kt_blocks_editor_width":""},"product_brand":[],"product_cat":[32],"product_tag":[],"class_list":{"0":"post-200","1":"product","2":"type-product","3":"status-publish","4":"has-post-thumbnail","6":"product_cat-vergriffen","8":"first","9":"outofstock","10":"taxable","11":"shipping-taxable","12":"purchasable","13":"product-type-simple"},"acf":[],"post_mailing_queue_ids":[],"_links":{"self":[{"href":"https:\/\/www.bahnmedien.at\/new_2017-08-09\/wp-json\/wp\/v2\/product\/200","targetHints":{"allow":["GET"]}}],"collection":[{"href":"https:\/\/www.bahnmedien.at\/new_2017-08-09\/wp-json\/wp\/v2\/product"}],"about":[{"href":"https:\/\/www.bahnmedien.at\/new_2017-08-09\/wp-json\/wp\/v2\/types\/product"}],"wp:featuredmedia":[{"embeddable":true,"href":"https:\/\/www.bahnmedien.at\/new_2017-08-09\/wp-json\/wp\/v2\/media\/201"}],"wp:attachment":[{"href":"https:\/\/www.bahnmedien.at\/new_2017-08-09\/wp-json\/wp\/v2\/media?parent=200"}],"wp:term":[{"taxonomy":"product_brand","embeddable":true,"href":"https:\/\/www.bahnmedien.at\/new_2017-08-09\/wp-json\/wp\/v2\/product_brand?post=200"},{"taxonomy":"product_cat","embeddable":true,"href":"https:\/\/www.bahnmedien.at\/new_2017-08-09\/wp-json\/wp\/v2\/product_cat?post=200"},{"taxonomy":"product_tag","embeddable":true,"href":"https:\/\/www.bahnmedien.at\/new_2017-08-09\/wp-json\/wp\/v2\/product_tag?post=200"}],"curies":[{"name":"wp","href":"https:\/\/api.w.org\/{rel}","templated":true}]}}