{"id":193,"date":"2017-08-10T14:24:11","date_gmt":"2017-08-10T12:24:11","guid":{"rendered":"http:\/\/www.bahnmedien.at\/new_2017-08-09\/?post_type=product&#038;p=193"},"modified":"2026-03-31T08:07:39","modified_gmt":"2026-03-31T06:07:39","slug":"dampfgetriebene-triebfahrzeuge-band-1","status":"publish","type":"product","link":"https:\/\/www.bahnmedien.at\/new_2017-08-09\/produkt\/dampfgetriebene-triebfahrzeuge-band-1\/","title":{"rendered":"Dampfgetriebene Triebfahrzeuge Band 1"},"content":{"rendered":"<p>Von Johann Blieberger und Josef Pospichal, denselben Autoren, die schon f\u00fcr die ausgezeichnete Enzyklop\u00e4die der Triebfahrzeuge der k.k. Staatsbahnen verantwortlich zeichnen, erscheint diese mit Spannung erwartete Reihe \u00fcber die dampfgetriebenen Triebfahrzeuge der \u00f6sterreichischen Staatsbahnen ab 1945. Wie bereits bei ihrem ersten gemeinschaftlichen Werk haben sich hier die Autoren erfolgreich der Herausforderung gestellt, eine vollst\u00e4ndige Biographie aller Fahrzeuge zu schaffen und haben sich dabei wieder bew\u00e4hrter Quellen und intensiver Archivrecherche gleicherma\u00dfen bedient. Wie beim Vorg\u00e4nger konnten auch diesmal historische Irrt\u00fcmer aufgekl\u00e4rt und unbekannte Fakten ans Licht geholt werden.<\/p>\n<p>In der gleichen grafischen Aufmachung wie bei den kkStB-B\u00e4nden beschreibt diese Reihe die Vielfalt an Fahrzeugen, die sich nach dem Zweiten Weltkrieg auf den Schienen der Republik \u00d6sterreich fanden: Sie stammten nicht nur aus ehemaligen Best\u00e4nden der Habsburgermonarchie und der Ersten Republik der Zwischenkriegszeit, sondern auch von der Deutschen Reichsbahn und aus vielen anderen europ\u00e4ischen Staaten. In den Wirren des Zweiten Weltkriegs hatte es zahlreiche interessante Maschinen hierher verschlagen. Viele von ihnen waren Einzelst\u00fccke, manche Reihen aber waren in gro\u00dfer St\u00fcckzahl oder sogar vollst\u00e4ndig in \u00d6sterreich geblieben. Viele der nicht-\u00f6sterreichischen Lokomotiven kehrten bald in ihre Heimat zur\u00fcck, andere blieben einige Jahre l\u00e4nger oder sogar f\u00fcr immer.<\/p>\n<p>&nbsp;<\/p>\n<p>&nbsp;<\/p>\n<p><strong>Band 1<\/strong> ist den Schnell- und Personenzuglokomotiven der \u00d6StB und der \u00d6BB nach 1945 gewidmet. Die Fahrzeuge werden einzeln in Wort und Bild und mit ausf\u00fchrlichen Statistiken vorgestellt. Das 384 Seiten starke Werk enth\u00e4lt rund 420, gr\u00f6\u00dftenteils bislang unver\u00f6ffentlichte Farb- und Schwarzwei\u00dffotos \u2013 fast alle in den unmittelbaren Nachkriegsjahren aufgenommen &#8211; sowie zahlreiche Typenskizzen und Tabellen.<\/p>\n<p>Als <em>Leseprobe<\/em> (pdf-Format) zu Band 1 finden Sie hier das Kapiel zur <a href=\"http:\/\/www.bahnmedien.at\/files\/leseprobe_bahnmedien_424.pdf\" target=\"_blank\" rel=\"noopener noreferrer\">M\u00c1V 424 bei den \u00d6BB<\/a>.<\/p>\n<p>&nbsp;<\/p>\n<p><strong>Band 2<\/strong> im Herbst 2015 erschienen, ist 304 Seiten stark, enth\u00e4lt 316 Abbildungen (Fotos, Typenskizzen) und behandelt die Reihen 42 bis 55. Dementspechend machen die Kriegslokomotiven der Reihe 52 einen Schwerpunkt dieses Bandes aus.<\/p>\n<p>Als <em>Leseprobe<\/em> (pdf-Format) zu Band 2 finden Sie hier das Kapiel zur <a href=\"http:\/\/www.bahnmedien.at\/files\/leseprobe_bahnmedien_655.pdf\" target=\"_blank\" rel=\"noopener noreferrer\">KPEV G7.1 bei den \u00d6BB<\/a>.<\/p>\n<p>&nbsp;<\/p>\n<p><strong>Band 3<\/strong> erschienen im Herbst 2016. Das Buch ist 352 Seiten stark und hat \u00fcber 380 Farb- und SW-Fotos. Die Autoren widmen sich in diesem Band den G\u00fcterzuglokomotiven von \u00d6StB und \u00d6BB mit den Reihenbezeichnungen von 56 bis 659 sowie den Schnell- und Personenzugtenderlokomotiven der Reihen 64 bis 78.<\/p>\n<p>&nbsp;<\/p>\n<p><strong>Band 4<\/strong> hat im Herbst 2017 die Reihe fortgesetzt. Das Buch ist 288 Seiten stark und hat \u00fcber 360 Abbildungen. Die Autoren behandeln in diesem Band die G\u00fcterzug- und Verschub-Tenderlokomotiven von \u00d6StB und \u00d6BB mit den Reihenbezeichnungen von 86 bis 93.<\/p>\n<p>&nbsp;<\/p>\n<p><strong>Band 5 <\/strong>schlie\u00dft die Reihe im Herbst 2018 ab. Das Buch ist 352 Seiten stark und hat \u00fcber 430 Abbildungen. Die Autoren behandeln in diesem Band die Normalspurfahrzeuge von \u00d6StB\/\u00d6BB ab der Reihennummer 94 aufw\u00e4rts, also etwa die beliebte Reihe 95, aber auch den Dampftriebwagen 3041.01 und die Erzbergbahnlokomotiven. Das Gros bilden jedoch die Schmalspurfahrzeuge, wobei nicht nur die ehemaligen BB\u00d6-Reihen, sondern auch die von der Heeresfeldbahn stammenden Maschinen detailliert behandelt werden. Abgerundet wird Band 5 mit den meterspurigen Zahnradloks der Schneeberg- und Schafbergbahn.<\/p>\n<p><iframe scrolling=no width=\"100%\" onload=\"this.style.height=this.contentDocument.body.scrollHeight +'px';\" src=\"https:\/\/www.bahnmedien.at\/new_2017-08-09\/anhang.html\" seamless><\/iframe><\/p>\n","protected":false},"excerpt":{"rendered":"<p>Dampfgetriebene Triebfahrzeuge der \u00f6sterreichischen Staatsbahnen ab 1945<\/p>\n<p>Erscheinungsjahr: 2014<\/p>\n<p><strong>Autoren:<\/strong> <a href=\"http:\/\/www.bahnmedien.at\/new_2017-08-09\/johann-blieberger\/\">Johann Blieberger<\/a>, <a href=\"http:\/\/www.bahnmedien.at\/new_2017-08-09\/unsere-autoren\/josef-pospichal\/\">Josef Pospichal<\/a><\/p>\n","protected":false},"featured_media":194,"template":"","meta":{"_acf_changed":false,"kt_blocks_editor_width":""},"product_brand":[],"product_cat":[24],"product_tag":[],"class_list":{"0":"post-193","1":"product","2":"type-product","3":"status-publish","4":"has-post-thumbnail","6":"product_cat-fahrzeuggeschichte","8":"first","9":"instock","10":"taxable","11":"shipping-taxable","12":"purchasable","13":"product-type-simple"},"acf":[],"post_mailing_queue_ids":[],"_links":{"self":[{"href":"https:\/\/www.bahnmedien.at\/new_2017-08-09\/wp-json\/wp\/v2\/product\/193","targetHints":{"allow":["GET"]}}],"collection":[{"href":"https:\/\/www.bahnmedien.at\/new_2017-08-09\/wp-json\/wp\/v2\/product"}],"about":[{"href":"https:\/\/www.bahnmedien.at\/new_2017-08-09\/wp-json\/wp\/v2\/types\/product"}],"wp:featuredmedia":[{"embeddable":true,"href":"https:\/\/www.bahnmedien.at\/new_2017-08-09\/wp-json\/wp\/v2\/media\/194"}],"wp:attachment":[{"href":"https:\/\/www.bahnmedien.at\/new_2017-08-09\/wp-json\/wp\/v2\/media?parent=193"}],"wp:term":[{"taxonomy":"product_brand","embeddable":true,"href":"https:\/\/www.bahnmedien.at\/new_2017-08-09\/wp-json\/wp\/v2\/product_brand?post=193"},{"taxonomy":"product_cat","embeddable":true,"href":"https:\/\/www.bahnmedien.at\/new_2017-08-09\/wp-json\/wp\/v2\/product_cat?post=193"},{"taxonomy":"product_tag","embeddable":true,"href":"https:\/\/www.bahnmedien.at\/new_2017-08-09\/wp-json\/wp\/v2\/product_tag?post=193"}],"curies":[{"name":"wp","href":"https:\/\/api.w.org\/{rel}","templated":true}]}}