{"id":18930,"date":"2024-09-22T08:59:34","date_gmt":"2024-09-22T06:59:34","guid":{"rendered":"https:\/\/www.bahnmedien.at\/new_2017-08-09\/?post_type=product&#038;p=18930"},"modified":"2026-04-17T08:32:57","modified_gmt":"2026-04-17T06:32:57","slug":"die-oebb-diesellokomotiven-i","status":"publish","type":"product","link":"https:\/\/www.bahnmedien.at\/new_2017-08-09\/produkt\/die-oebb-diesellokomotiven-i\/","title":{"rendered":"Die \u00d6BB-Diesellokomotiven I"},"content":{"rendered":"<p>Dieser Bildband behandelt die \u00d6BB-Streckendiesellokomotiven der Reihen 2016, 2020, 2041, 2043, 2043.5, 2143, 2045, 2048 und 2050.<br \/>\nNeben einer technisch fundierten Einleitung \u00fcber die Entstehungsgeschichte der Triebfahrzeuge mit Verbrennungsmotoren in \u00d6sterreich von G\u00fcnter Kettler werden die einzelnen \u00d6BB-Reihen durch Typenskizzen von Erwin Hauke und zahlreichen Fotos von renommierten Eisenbahnfotografen vorgestellt. Der Leser kann die wesentlichen Umgestaltungen, welche die Fahrzeuge im Laufe ihres Einsatzzeitraumes erfahren haben, nachvollziehen.<\/p>\n<p>144 Seiten im Format 240 x 205 mm enthalten 98 Farb- und SW-Aufnahmen.<\/p>\n<p><iframe scrolling=no width=\"100%\" onload=\"this.style.height=this.contentDocument.body.scrollHeight +'px';\" src=\"https:\/\/www.bahnmedien.at\/new_2017-08-09\/anhang.html\" seamless><\/iframe><\/p>\n","protected":false},"excerpt":{"rendered":"<p>Erscheinungsjahr: 2024<\/p>\n<p><strong>Autoren:<\/strong>  G\u00fcnter Kettler, Johann Blieberger, Josef Pospichal<\/p>\n","protected":false},"featured_media":19026,"template":"","meta":{"_acf_changed":false,"kt_blocks_editor_width":""},"product_brand":[],"product_cat":[29,24],"product_tag":[],"class_list":{"0":"post-18930","1":"product","2":"type-product","3":"status-publish","4":"has-post-thumbnail","6":"product_cat-bildband","7":"product_cat-fahrzeuggeschichte","9":"first","10":"instock","11":"taxable","12":"shipping-taxable","13":"purchasable","14":"product-type-simple"},"acf":[],"post_mailing_queue_ids":[],"_links":{"self":[{"href":"https:\/\/www.bahnmedien.at\/new_2017-08-09\/wp-json\/wp\/v2\/product\/18930","targetHints":{"allow":["GET"]}}],"collection":[{"href":"https:\/\/www.bahnmedien.at\/new_2017-08-09\/wp-json\/wp\/v2\/product"}],"about":[{"href":"https:\/\/www.bahnmedien.at\/new_2017-08-09\/wp-json\/wp\/v2\/types\/product"}],"wp:featuredmedia":[{"embeddable":true,"href":"https:\/\/www.bahnmedien.at\/new_2017-08-09\/wp-json\/wp\/v2\/media\/19026"}],"wp:attachment":[{"href":"https:\/\/www.bahnmedien.at\/new_2017-08-09\/wp-json\/wp\/v2\/media?parent=18930"}],"wp:term":[{"taxonomy":"product_brand","embeddable":true,"href":"https:\/\/www.bahnmedien.at\/new_2017-08-09\/wp-json\/wp\/v2\/product_brand?post=18930"},{"taxonomy":"product_cat","embeddable":true,"href":"https:\/\/www.bahnmedien.at\/new_2017-08-09\/wp-json\/wp\/v2\/product_cat?post=18930"},{"taxonomy":"product_tag","embeddable":true,"href":"https:\/\/www.bahnmedien.at\/new_2017-08-09\/wp-json\/wp\/v2\/product_tag?post=18930"}],"curies":[{"name":"wp","href":"https:\/\/api.w.org\/{rel}","templated":true}]}}