{"id":189,"date":"2017-08-10T14:10:17","date_gmt":"2017-08-10T12:10:17","guid":{"rendered":"http:\/\/www.bahnmedien.at\/new_2017-08-09\/?post_type=product&#038;p=189"},"modified":"2025-04-27T10:39:50","modified_gmt":"2025-04-27T08:39:50","slug":"selection","status":"publish","type":"product","link":"https:\/\/www.bahnmedien.at\/new_2017-08-09\/produkt\/selection\/","title":{"rendered":"Selection"},"content":{"rendered":"<h4>Die Autoren<\/h4>\n<p>In \u201eSelection\u201c pr\u00e4sentiert sich die Gruppe jetzt mit einer Auswahl (\u201eselection\u201c) an Eisenbahn-Geschichte und (teilweise pers\u00f6nlichen) Eisenbahn-Geschichten. Im Zuge ihrer Recherchen zu neuen Buchprojekten waren die Autoren n\u00e4mlich immer wieder auf Themen und Fakten gesto\u00dfen, die sie gerne einem breiteren Publikum weitergegeben h\u00e4tten, die sich aufgrund des Umfangs aber nicht f\u00fcr eine Einzelpublikation eigneten. Die einzelnen Beitr\u00e4ge sind also sozusagen am Rande der Verlagst\u00e4tigkeit entstanden, deswegen aber nicht weniger lesenswert als die bisher erschienen Enzyklop\u00e4dien und Monographien.<\/p>\n<p>&nbsp;<\/p>\n<h4>Die Themen<\/h4>\n<p>Der kleine Almanach berichtet unter anderem \u00fcber die Erlebnisse eines jungen Fahrdienstleiters nach dem Zweiten Weltkrieg, beschreibt Anton\u00edn Dvor\u00e1ks Liebe zur Eisenbahn und die R\u00fcckkehr Europas nach Prag in den 1980er Jahren. Weitere Aufs\u00e4tze sind den Diesellokomotiven mit Lentz-Getriebe aus der Grazer Wagenfabrik Weitzer, der ersten, bescheidenen Elektrolokomotive der Schweiz oder fremden Triebfahrzeugen im Dienste der GySEV gewidmet. Eine nie gebaute Eisenbahn in K\u00e4rnten wird vorgestellt. Triest und das ferne Vorarlberg wachsen auf dem Schienenweg mit Wien zusammen. Eine k.u.k.Milit\u00e4rbahn erschlie\u00dft Bosnien, und ein bahnmedien-Autor wird \u201eEhrenlokf\u00fchrer\u201c der Harzer Schmalspurbahn.<\/p>\n<p>Kurz: Wer vieles bringt, wird manchem etwas bringen, und jeder Leser wird in dem 150 Seiten starken Sammelwerk etwas finden, das den Erwerb des Buchs \u2013 zur eigenen Lekt\u00fcre oder als Geschenk f\u00fcr einen Eisenbahnfreund \u2013 lohnt.<\/p>\n<p>&nbsp;<\/p>\n<p><strong>Arthur Meyer:<\/strong> <i>Anton\u00edn Dvo\u0159\u00e1k und die Eisenbahn oder die Heimreise Europas nach Prag<\/i><br \/>\n<strong>Alfred Moser:<\/strong> <i>Die Diesellokomotiven mit Lentz-Getriebe aus der Grazer Waggon- und Maschinenfabrik, vorm. Joh. Weitzer<\/i><br \/>\n<strong><a href=\"http:\/\/www.bahnmedien.at\/new_2017-08-09\/unsere-autoren\/egbert-peinhopf\/\">Egbert Peinhopf<\/a>:<\/strong> <i>Vortrag von Gustav Gerstel \u00fcber die Arlbergbahn<\/i><br \/>\n<strong><a href=\"http:\/\/www.bahnmedien.at\/new_2017-08-09\/unsere-autoren\/michael-weininger\/\">Michael Weininger<\/a>:<\/strong> <i>Lehrjahre eines Fahrdienstleiters<\/i><br \/>\n<strong>Arthur Meyer:<\/strong> <i>\u201eSG No. 1\u201c \u2013 die erste Elektrolok der Schweiz<\/i><br \/>\n<strong>Mladen Bogi\u010d:<\/strong> <i>Als man uns die eiserne Bahn baute \u2013 auf Schienen von Wien nach Triest<\/i><br \/>\n<strong>Hermann Heless:<\/strong> <i>US-G\u00fcterwagen bei den \u00d6BB<\/i><br \/>\n<strong>Erwin Hauke:<\/strong> <i>Die Neusiedler Kleinbahn<\/i><br \/>\n<strong>Keith Chester:<\/strong> <i>On the road to nowhere \u2026 \u2013 The k.u.k. Milit\u00e4rbahn Simin Han \u2013 Bulatovci<\/i> (Englisch mit deutschsprachiger Zusammenfassung)<br \/>\n<strong>S\u00e1ndor T\u00f3th:<\/strong> <i>Fremde Lokomotiven im Dienst der GySEV 1944 \u2013 1953. Ein Beitrag zur Lokomotivgeschichte \u00d6sterreichs<\/i><br \/>\n<strong>Wilhelm Kurdiovsky:<\/strong> <i>Einsatz der Feldbahn beim Bau der Reichsautobahn im Bezirk M\u00f6dling<\/i><br \/>\n<strong>Klaus Matzka:<\/strong> <i>Durch Chaco, Pampa und Mesopotamien<\/i><br \/>\n<strong>Dieter Stanfel:<\/strong> <i>Die nie gebaute Liesertalbahn Spittal \u2013 Millst\u00e4ttersee \u2013 Gm\u00fcnd<\/i><br \/>\n<strong>Ferdinand Felix:<\/strong> <i>Dampf im Goldenen Herbst \u2013 Ehrenlokf\u00fchrerausbildung bei der Harzer Schmalspurbahn<\/i><\/p>\n<p>Dieses Buch hat einen Umfang von 160 Seiten und enth\u00e4lt zahlreiche bisher unver\u00f6ffentlichte Fotos.<\/p>\n<p><iframe scrolling=no width=\"100%\" onload=\"this.style.height=this.contentDocument.body.scrollHeight +'px';\" src=\"https:\/\/www.bahnmedien.at\/new_2017-08-09\/anhang.html\" seamless><\/iframe><\/p>\n","protected":false},"excerpt":{"rendered":"<p>Eisenbahngeschichte(n)<\/p>\n<p>\u201eSelection\u201c ist ein Lesebuch f\u00fcr Eisenbahnfreunde und -kenner. Es ist in einem ganz besonderen Verlag erschienen: bahnmedien.at ist n\u00e4mlich (auch) ein Verein. Seine Mitglieder haben sich zusammengeschlossen, um gemeinsam anspruchsvolle technisch-historische Werke zum Schienenverkehr in \u00d6sterreich und den Nachfolgestaaten der Donaumonarchie herauszubringen. Alle \u2013 Autoren, Fotografen, Archivare, Layouter \u2013 arbeiten als ehrenamtliche Buchproduzenten.<\/p>\n<p>Erscheinungsjahr: 2014<\/p>\n<p><strong>Herausgeber:<\/strong> Christoph Wallisch-Pertl (Leitung), <a href=\"http:\/\/www.bahnmedien.at\/new_2017-08-09\/unsere-autoren\/walter-kollerits\/\">Walter Kollerits<\/a>, <a href=\"http:\/\/www.bahnmedien.at\/new_2017-08-09\/unsere-autoren\/michael-weininger\/\">Michael Weininger<\/a><\/p>\n","protected":false},"featured_media":3121,"template":"","meta":{"_acf_changed":false,"kt_blocks_editor_width":""},"product_brand":[],"product_cat":[28],"product_tag":[],"class_list":{"0":"post-189","1":"product","2":"type-product","3":"status-publish","4":"has-post-thumbnail","6":"product_cat-sonstiges","8":"first","9":"instock","10":"taxable","11":"shipping-taxable","12":"purchasable","13":"product-type-simple"},"acf":[],"post_mailing_queue_ids":[],"_links":{"self":[{"href":"https:\/\/www.bahnmedien.at\/new_2017-08-09\/wp-json\/wp\/v2\/product\/189","targetHints":{"allow":["GET"]}}],"collection":[{"href":"https:\/\/www.bahnmedien.at\/new_2017-08-09\/wp-json\/wp\/v2\/product"}],"about":[{"href":"https:\/\/www.bahnmedien.at\/new_2017-08-09\/wp-json\/wp\/v2\/types\/product"}],"wp:featuredmedia":[{"embeddable":true,"href":"https:\/\/www.bahnmedien.at\/new_2017-08-09\/wp-json\/wp\/v2\/media\/3121"}],"wp:attachment":[{"href":"https:\/\/www.bahnmedien.at\/new_2017-08-09\/wp-json\/wp\/v2\/media?parent=189"}],"wp:term":[{"taxonomy":"product_brand","embeddable":true,"href":"https:\/\/www.bahnmedien.at\/new_2017-08-09\/wp-json\/wp\/v2\/product_brand?post=189"},{"taxonomy":"product_cat","embeddable":true,"href":"https:\/\/www.bahnmedien.at\/new_2017-08-09\/wp-json\/wp\/v2\/product_cat?post=189"},{"taxonomy":"product_tag","embeddable":true,"href":"https:\/\/www.bahnmedien.at\/new_2017-08-09\/wp-json\/wp\/v2\/product_tag?post=189"}],"curies":[{"name":"wp","href":"https:\/\/api.w.org\/{rel}","templated":true}]}}