{"id":181,"date":"2017-08-10T13:28:00","date_gmt":"2017-08-10T11:28:00","guid":{"rendered":"http:\/\/www.bahnmedien.at\/new_2017-08-09\/?post_type=product&#038;p=181"},"modified":"2026-04-22T01:48:58","modified_gmt":"2026-04-21T23:48:58","slug":"strassenbahn-und-trolleybus-in-sarajevo","status":"publish","type":"product","link":"https:\/\/www.bahnmedien.at\/new_2017-08-09\/produkt\/strassenbahn-und-trolleybus-in-sarajevo\/","title":{"rendered":"Stra\u00dfenbahn und Trolleybus in Sarajevo"},"content":{"rendered":"<h4>Autor und Werk<\/h4>\n<p>Obwohl der Stra\u00dfenbahnbetrieb in Sarajevo seit seiner Etablierung immer sehr enge Beziehungen zu \u00d6sterreich hatte, gab es bisher kaum brauchbare Literatur \u00fcber die Stra\u00dfenbahn und den Obusbetrieb dieser Stadt. bahnmedien.at schlie\u00dft mit dem Erstlingswerk des jungen tschechischen Autors Jan \u010cih\u00e1k hier eine L\u00fccke im Bereich der europ\u00e4ischen Stra\u00dfenbahnliteratur.<\/p>\n<p>Das Buch beschreibt alle vier Betriebe des kommunalen Schienenverkehrs: Die im Jahr 1885 in Betrieb genommene schmalspurige Pferdebahn. Diese wurde im Jahr 1895 elektrifiziert und wurde fortan als alt\u00f6sterreichischer Schmalspurstra\u00dfenbahnbetrieb in 760 mm-Spur betrieben. Erst lange nach dem zweiten Weltkrieg entschloss man sich, in Sarajevo das Stra\u00dfenbahnsystem auf Normalspur umzubauen. Parallel kam es zur Errichtung eines Obusnetzes.<br \/>\nDas ca. 230 Seiten umfassende Buch enth\u00e4lt ca. 180 Aufnahmen in Schwarzweiss und Farbe.<\/p>\n<p>Erstmalig bei bahnmedien.at ist dieses Buch vollst\u00e4ndig bilingual deutsch und englisch. Die \u00dcbersetzung des Buchmanuskriptes ins Englische stammt von den bekannten britischen Bahnjournalisten Dr. Walter Rothschild und Keith Chester.<\/p>\n<p><iframe scrolling=no width=\"100%\" onload=\"this.style.height=this.contentDocument.body.scrollHeight +'px';\" src=\"https:\/\/www.bahnmedien.at\/new_2017-08-09\/anhang.html\" seamless><\/iframe><\/p>\n<p>&nbsp;<\/p>\n<h5>English Version:<\/h5>\n<p>\u2018The Trams and Trolleybuses of Sarajevo\u2019, written by Czech author, Jan \u010cih\u00e1k, is the first comprehensive work to appear on the subject and fills a major gap in the literature on the history of European tramways.<\/p>\n<p>This bi-lingual book describes in great detail all the phases of the development of the tramways and trolleybuses in the Bosnian capital. The story began in 1885 with the opening of a 760 mm gauge horse tramway, which was electrified ten years later. This retained much of its original character until replaced by a standard-gauge system in 1960. Two decades later, as Sarajevo prepared for the 1984 Winter Olympics, trolleybuses were introduced.<\/p>\n<p>\u2018The Trams and Trolleybuses of Sarajevo\u2019 is published in English and German, a bahnmedien.at premier. The English translations of the text are by the well known railway authors, Dr Walter Rothschild and Keith Chester.<\/p>\n<p>This 240-page book is profusely illustrated in both black and white and colour, and contains numerous maps and diagrams, as well as full statistical details on all of Sarajevo\u2019s trams and trolleybuses. The recommended retail price is \u20ac 34.90, plus postage and packing.<\/p>\n","protected":false},"excerpt":{"rendered":"<p>Stra\u00dfenbahn und Trolleybus in Sarajevo<\/p>\n<p>Erscheinungsjahr: 2013<\/p>\n<p><strong>Autor:<\/strong> Jan \u010cih\u00e1k<\/p>\n","protected":false},"featured_media":182,"template":"","meta":{"_acf_changed":false,"kt_blocks_editor_width":""},"product_brand":[],"product_cat":[25],"product_tag":[],"class_list":{"0":"post-181","1":"product","2":"type-product","3":"status-publish","4":"has-post-thumbnail","6":"product_cat-strassenbahn","8":"first","9":"instock","10":"taxable","11":"shipping-taxable","12":"purchasable","13":"product-type-simple"},"acf":[],"post_mailing_queue_ids":[],"_links":{"self":[{"href":"https:\/\/www.bahnmedien.at\/new_2017-08-09\/wp-json\/wp\/v2\/product\/181","targetHints":{"allow":["GET"]}}],"collection":[{"href":"https:\/\/www.bahnmedien.at\/new_2017-08-09\/wp-json\/wp\/v2\/product"}],"about":[{"href":"https:\/\/www.bahnmedien.at\/new_2017-08-09\/wp-json\/wp\/v2\/types\/product"}],"wp:featuredmedia":[{"embeddable":true,"href":"https:\/\/www.bahnmedien.at\/new_2017-08-09\/wp-json\/wp\/v2\/media\/182"}],"wp:attachment":[{"href":"https:\/\/www.bahnmedien.at\/new_2017-08-09\/wp-json\/wp\/v2\/media?parent=181"}],"wp:term":[{"taxonomy":"product_brand","embeddable":true,"href":"https:\/\/www.bahnmedien.at\/new_2017-08-09\/wp-json\/wp\/v2\/product_brand?post=181"},{"taxonomy":"product_cat","embeddable":true,"href":"https:\/\/www.bahnmedien.at\/new_2017-08-09\/wp-json\/wp\/v2\/product_cat?post=181"},{"taxonomy":"product_tag","embeddable":true,"href":"https:\/\/www.bahnmedien.at\/new_2017-08-09\/wp-json\/wp\/v2\/product_tag?post=181"}],"curies":[{"name":"wp","href":"https:\/\/api.w.org\/{rel}","templated":true}]}}