{"id":17918,"date":"2024-04-15T14:15:26","date_gmt":"2024-04-15T12:15:26","guid":{"rendered":"https:\/\/www.bahnmedien.at\/new_2017-08-09\/?post_type=product&#038;p=17918"},"modified":"2026-01-05T18:42:22","modified_gmt":"2026-01-05T17:42:22","slug":"bahnen-im-suedwesten-niederoesterreichs-1964-1979","status":"publish","type":"product","link":"https:\/\/www.bahnmedien.at\/new_2017-08-09\/produkt\/bahnen-im-suedwesten-niederoesterreichs-1964-1979\/","title":{"rendered":"Bahnen im S\u00fcdwesten Nieder\u00f6sterreichs 1964 &#8211; 1979"},"content":{"rendered":"<p>Karl Wildberger, geboren in Gutenstein, wohnhaft in Berndorf, hat sein Interesse an der Eisenbahn und seine Leidenschaft am Fotografieren wenig \u00fcberraschend auch in seiner unmittelbaren Umgebung ausgelebt. Daher entstanden viele seiner fotografischen Aufnahmen im Triesting- und Piestingtal sowie entlang der Schneebergbahn.<\/p>\n<p>In diesem Band begleiten wir Karl Wildberger bei seinen Ausfl\u00fcgen entlang der Bahn im Triestingtal von Leobersdorf bis zur Wasserscheide am Gerichtsberg. Die Bahn ins Piestingtal wird in ihrer vollen damaligen L\u00e4nge von Leobersdorf bis Gutenstein dokumentiert, die Schneebergbahn von Leobersdorf \u00fcber Steinabr\u00fcckl bis Puchberg am Schneeberg.<\/p>\n<p>Unser Fotograf hat sich nicht nur auf Z\u00fcge mit Dampflokomotiven beschr\u00e4nkt, sondern auch den Betrieb mit Diesellokomotiven und Dieseltriebwagen im Bild festgehalten.<\/p>\n<p>120 Seiten im Format 240 x 205 mm enthalten 117 SW-Aufnahmen.<\/p>\n<p><iframe scrolling=no width=\"100%\" onload=\"this.style.height=this.contentDocument.body.scrollHeight +'px';\" src=\"https:\/\/www.bahnmedien.at\/new_2017-08-09\/anhang.html\" seamless><\/iframe><\/p>\n","protected":false},"excerpt":{"rendered":"<p>Erscheinungsjahr: 2024<\/p>\n<p><strong>Autor:<\/strong>  Johann Blieberger<\/p>\n","protected":false},"featured_media":17919,"template":"","meta":{"_acf_changed":false,"kt_blocks_editor_width":""},"product_brand":[],"product_cat":[29,26],"product_tag":[],"class_list":{"0":"post-17918","1":"product","2":"type-product","3":"status-publish","4":"has-post-thumbnail","6":"product_cat-bildband","7":"product_cat-streckenbiografie","9":"first","10":"instock","11":"taxable","12":"shipping-taxable","13":"purchasable","14":"product-type-simple"},"acf":[],"post_mailing_queue_ids":[],"_links":{"self":[{"href":"https:\/\/www.bahnmedien.at\/new_2017-08-09\/wp-json\/wp\/v2\/product\/17918","targetHints":{"allow":["GET"]}}],"collection":[{"href":"https:\/\/www.bahnmedien.at\/new_2017-08-09\/wp-json\/wp\/v2\/product"}],"about":[{"href":"https:\/\/www.bahnmedien.at\/new_2017-08-09\/wp-json\/wp\/v2\/types\/product"}],"wp:featuredmedia":[{"embeddable":true,"href":"https:\/\/www.bahnmedien.at\/new_2017-08-09\/wp-json\/wp\/v2\/media\/17919"}],"wp:attachment":[{"href":"https:\/\/www.bahnmedien.at\/new_2017-08-09\/wp-json\/wp\/v2\/media?parent=17918"}],"wp:term":[{"taxonomy":"product_brand","embeddable":true,"href":"https:\/\/www.bahnmedien.at\/new_2017-08-09\/wp-json\/wp\/v2\/product_brand?post=17918"},{"taxonomy":"product_cat","embeddable":true,"href":"https:\/\/www.bahnmedien.at\/new_2017-08-09\/wp-json\/wp\/v2\/product_cat?post=17918"},{"taxonomy":"product_tag","embeddable":true,"href":"https:\/\/www.bahnmedien.at\/new_2017-08-09\/wp-json\/wp\/v2\/product_tag?post=17918"}],"curies":[{"name":"wp","href":"https:\/\/api.w.org\/{rel}","templated":true}]}}