{"id":17401,"date":"2024-02-16T10:05:32","date_gmt":"2024-02-16T09:05:32","guid":{"rendered":"https:\/\/www.bahnmedien.at\/new_2017-08-09\/?post_type=product&#038;p=17401"},"modified":"2026-03-21T08:22:18","modified_gmt":"2026-03-21T07:22:18","slug":"die-type-k-der-wiener-verkehrsbetriebe-1952-1972","status":"publish","type":"product","link":"https:\/\/www.bahnmedien.at\/new_2017-08-09\/produkt\/die-type-k-der-wiener-verkehrsbetriebe-1952-1972\/","title":{"rendered":"Die Type K der Wiener Verkehrsbetriebe 1952 &#8211; 1972"},"content":{"rendered":"<p>Noch w\u00e4hrend der Auslieferung der Triebwagen der Type H wurden Fahrzeuge dieser neuen Bauart bestellt. Von 1912 bis 1914 wurden 263 Wagen der Type K geliefert. Die Wagenkasten der Type K unterschieden sich kaum von jenen der Type H, jedoch wurden statt des Laternendaches Ventilationsklappen \u00fcber den Seitenwandfenstern eingebaut, was zu einem stark ver\u00e4nderten Aussehen f\u00fchrte.<br \/>\nBis zu ihrer Ausmusterung in den Siebziger Jahren erhielten die Wagen der Type K noch eine Reihe von Verbesserungen wie gummigerahmte Stirnwandfenster aus Sicherheitsglas und Schienenbremsen. Mehrere Wagen wurden mit Abblendscheinwerfern ausgestattet, bei einigen weiteren Wagen wurden Fahrschalter und Motoren getauscht. Die Type K wurde auf nahezu allen Wiener Linien eingesetzt.<br \/>\nDem Autor ist es gelungen, Fotos vom Alltagsbetrieb dieser Wagen auf 72 verschiedenen Linien im Buch zu zeigen.<\/p>\n<p>144 Seiten im Format 240 x 205 mm enthalten 140 Farb- und SW-Aufnahmen.<\/p>\n<p><iframe scrolling=no width=\"100%\" onload=\"this.style.height=this.contentDocument.body.scrollHeight +'px';\" src=\"https:\/\/www.bahnmedien.at\/new_2017-08-09\/anhang.html\" seamless><\/iframe><\/p>\n","protected":false},"excerpt":{"rendered":"<p>Erscheinungsjahr: 2024<\/p>\n<p><strong>Autor:<\/strong>  Josef Pospichal<\/p>\n","protected":false},"featured_media":17293,"template":"","meta":{"_acf_changed":false,"kt_blocks_editor_width":""},"product_brand":[],"product_cat":[29,25],"product_tag":[],"class_list":{"0":"post-17401","1":"product","2":"type-product","3":"status-publish","4":"has-post-thumbnail","6":"product_cat-bildband","7":"product_cat-strassenbahn","9":"first","10":"instock","11":"taxable","12":"shipping-taxable","13":"purchasable","14":"product-type-simple"},"acf":[],"post_mailing_queue_ids":[],"_links":{"self":[{"href":"https:\/\/www.bahnmedien.at\/new_2017-08-09\/wp-json\/wp\/v2\/product\/17401","targetHints":{"allow":["GET"]}}],"collection":[{"href":"https:\/\/www.bahnmedien.at\/new_2017-08-09\/wp-json\/wp\/v2\/product"}],"about":[{"href":"https:\/\/www.bahnmedien.at\/new_2017-08-09\/wp-json\/wp\/v2\/types\/product"}],"wp:featuredmedia":[{"embeddable":true,"href":"https:\/\/www.bahnmedien.at\/new_2017-08-09\/wp-json\/wp\/v2\/media\/17293"}],"wp:attachment":[{"href":"https:\/\/www.bahnmedien.at\/new_2017-08-09\/wp-json\/wp\/v2\/media?parent=17401"}],"wp:term":[{"taxonomy":"product_brand","embeddable":true,"href":"https:\/\/www.bahnmedien.at\/new_2017-08-09\/wp-json\/wp\/v2\/product_brand?post=17401"},{"taxonomy":"product_cat","embeddable":true,"href":"https:\/\/www.bahnmedien.at\/new_2017-08-09\/wp-json\/wp\/v2\/product_cat?post=17401"},{"taxonomy":"product_tag","embeddable":true,"href":"https:\/\/www.bahnmedien.at\/new_2017-08-09\/wp-json\/wp\/v2\/product_tag?post=17401"}],"curies":[{"name":"wp","href":"https:\/\/api.w.org\/{rel}","templated":true}]}}