{"id":172,"date":"2017-08-10T11:44:49","date_gmt":"2017-08-10T09:44:49","guid":{"rendered":"http:\/\/www.bahnmedien.at\/new_2017-08-09\/?post_type=product&#038;p=172"},"modified":"2026-04-20T15:08:25","modified_gmt":"2026-04-20T13:08:25","slug":"die-gurktalbahn","status":"publish","type":"product","link":"https:\/\/www.bahnmedien.at\/new_2017-08-09\/produkt\/die-gurktalbahn\/","title":{"rendered":"Die Gurktalbahn \u2013 Eine Schmalspurbahn in K\u00e4rnten"},"content":{"rendered":"<h4>Das Werk<\/h4>\n<p>Die Gurktalbahn war vielleicht nicht die spektakul\u00e4rste Schmalspurbahn \u00d6sterreichs \u2013 und dennoch ist sie einer der Bekanntesten. Einer der Gr\u00fcnde mag sein, dass sie als erste Museumsbahn der Alpenrepublik Vorbild f\u00fcr viele weitere \u00e4hnliche Projekte sein konnte.<\/p>\n<p>&nbsp;<\/p>\n<h4>Das Buch<\/h4>\n<p>Dieter Stanfel, der bekannte Autor bahnhistorischer Publikationen l\u00e4sst uns in seinen neuesten Werk am Reiz der Schmalspurbahn im l\u00e4ndlichen K\u00e4rnten miterleben und zeigt uns Bahnh\u00f6fe und Lokomotiven, Streckenszenen sowie auch Land und Leute. Auf den 304 Seiten des Buches gibt es \u2013 wie immer bei bahnmedien.at \u2013 zahlreiche Tabellen und viele viele Fotos, darunter erstmals auch zahlreiche Farbaufnahmen bekannter \u00f6sterreichischer Eisenbahnfotografen.<\/p>\n<p>10. 2. 2010: Ein Korrekturblatt im pdf-Format konnen Sie hier <a href=\"http:\/\/www.bahnmedien.at\/download\/GTB_korrektur.pdf\">LADEN<\/a><\/p>\n<p><iframe scrolling=no width=\"100%\" onload=\"this.style.height=this.contentDocument.body.scrollHeight +'px';\" src=\"https:\/\/www.bahnmedien.at\/new_2017-08-09\/anhang.html\" seamless><\/iframe><\/p>\n","protected":false},"excerpt":{"rendered":"<p>Die Gurktalbahn \u2013 Eine Schmalspurbahn in K\u00e4rnten<\/p>\n<p>Erscheinungsjahr: 2009<\/p>\n<p><strong>Autor:<\/strong> Dieter Stanfel<\/p>\n","protected":false},"featured_media":173,"template":"","meta":{"_acf_changed":false,"kt_blocks_editor_width":""},"product_brand":[],"product_cat":[26],"product_tag":[],"class_list":{"0":"post-172","1":"product","2":"type-product","3":"status-publish","4":"has-post-thumbnail","6":"product_cat-streckenbiografie","8":"first","9":"instock","10":"taxable","11":"shipping-taxable","12":"purchasable","13":"product-type-simple"},"acf":[],"post_mailing_queue_ids":[],"_links":{"self":[{"href":"https:\/\/www.bahnmedien.at\/new_2017-08-09\/wp-json\/wp\/v2\/product\/172","targetHints":{"allow":["GET"]}}],"collection":[{"href":"https:\/\/www.bahnmedien.at\/new_2017-08-09\/wp-json\/wp\/v2\/product"}],"about":[{"href":"https:\/\/www.bahnmedien.at\/new_2017-08-09\/wp-json\/wp\/v2\/types\/product"}],"wp:featuredmedia":[{"embeddable":true,"href":"https:\/\/www.bahnmedien.at\/new_2017-08-09\/wp-json\/wp\/v2\/media\/173"}],"wp:attachment":[{"href":"https:\/\/www.bahnmedien.at\/new_2017-08-09\/wp-json\/wp\/v2\/media?parent=172"}],"wp:term":[{"taxonomy":"product_brand","embeddable":true,"href":"https:\/\/www.bahnmedien.at\/new_2017-08-09\/wp-json\/wp\/v2\/product_brand?post=172"},{"taxonomy":"product_cat","embeddable":true,"href":"https:\/\/www.bahnmedien.at\/new_2017-08-09\/wp-json\/wp\/v2\/product_cat?post=172"},{"taxonomy":"product_tag","embeddable":true,"href":"https:\/\/www.bahnmedien.at\/new_2017-08-09\/wp-json\/wp\/v2\/product_tag?post=172"}],"curies":[{"name":"wp","href":"https:\/\/api.w.org\/{rel}","templated":true}]}}