{"id":15780,"date":"2023-09-03T15:50:54","date_gmt":"2023-09-03T13:50:54","guid":{"rendered":"https:\/\/www.bahnmedien.at\/new_2017-08-09\/?post_type=product&#038;p=15780"},"modified":"2026-04-20T13:52:35","modified_gmt":"2026-04-20T11:52:35","slug":"triebfahrzeuge-der-suedbahngesellschaft","status":"publish","type":"product","link":"https:\/\/www.bahnmedien.at\/new_2017-08-09\/produkt\/triebfahrzeuge-der-suedbahngesellschaft\/","title":{"rendered":"Triebfahrzeuge der S\u00fcdbahngesellschaft"},"content":{"rendered":"<p>Die S\u00fcdbahngesellschaft (Sb) existierte als Firma von 1859 bis in die 1960er Jahre. Sie f\u00fchrte auf ihrem umfangreichen Streckennetz bis 1923 den Betrieb mit eigenen Fahrzeugen. Dieses Netz umfasste unter anderen die Strecken Wien-Triest, Pragerhof-Nagy Kanizsa-Budapest und Marburg-Franzensfeste-Innsbruck-Kufstein. Dazu kamen noch zahlreiche Lokalbahnstrecken in Normal- und Schmalspur, die sich im Eigentum der Sb befanden oder auf denen die Sb den Betrieb auf Kosten der Eigent\u00fcmer f\u00fchrte.<\/p>\n<p>Im Jahr 1864 f\u00fchrte die Sb ein neues Bezeichnungsschema ein. Kurz davor musste die Lombardei, kurze Zeit sp\u00e4ter Venezien und damit die dort gelegenen Strecken und ein Teil der Fahrzeuge an das in Entstehung begriffene Italien abgegeben werden. Behandelt werden aber auch jene Eisenbahngesellschaften, die sp\u00e4ter einen Teil der Sb bildeten, so etwa die Wien-Raaber Bahn, die Tiroler Staatsbahnen und nat\u00fcrlich die S\u00fcdliche Staatsbahn, unter deren Regie die Semmering-Bergstrecke errichtet wurde. Wir konzentrieren uns auf die Triebfahrzeuge, die das Befahren dieser Bergstrecke erst erm\u00f6glichten (Engerth-Type), aber auch auf viele andere Neuerungen. So wurde etwa die erste dreifach gekuppelte Lokserie, die FAHRAFELD-Type f\u00fcr die Wien-Raaber Bahn gefertigt. Nicht unerw\u00e4hnt soll Lok 671 bleiben, die mit ihrem Baujahr 1860 die dienst\u00e4lteste Dampflokomotive der Welt ist, welche (abgesehen von Instandsetzungsarbeiten) ohne Unterbrechung in Betrieb steht.<\/p>\n<p>Durch unerm\u00fcdliche Forschungst\u00e4tigkeit ist es gelungen, die Triebfahrzeuggeschichte dieser Fr\u00fchzeit der Sb und iher Vorg\u00e4ngerbahnen beinahe l\u00fcckenlos aufzukl\u00e4ren. Gro\u00dfer Dank geb\u00fchrt dabei den italienischen Lokomotivhistorikern.<\/p>\n<p>Nach 1864 kamen so bekannte Lokserien, wie etwa 17a,b,c,d, 32a,b,c,d,d1,f und 35a,b,c,d in den Bestand der Sb. Jedenfalls f\u00e4llt in die hier besprochene Periode auch, dass die Sb ihre neuen Fahrzeuge unter Verwendung des kkStB-Nummernschemas einreihten. Viele dieser Lokomotiven haben bis heute \u00fcberlebt und stehen bei Museumsbahnen betriebsf\u00e4hig im Einsatz. Dazu z\u00e4hlen etwa die 629.01, die 109.13 und 109.109,<\/p>\n<p>Zus\u00e4tzlich werden in diesem Band die von der Sb eingesetzten Tender besprochen.<\/p>\n<p>Wie in den vorgehenden B\u00fcchern haben wir auch in diesem Band die technischen Daten und die Tabellen statistischen Materials in bew\u00e4hrter Weise durch Typenskizzen und umfangreiches Bildmaterial erg\u00e4nzt.<\/p>\n<p>Das Buch hat einen Umfang von 512 Seiten im Format 280 x 215 mm und enth\u00e4lt umfangreiches Statistikmaterial sowie 296 SW-Abbildungen.<\/p>\n<p>Dieses Buch wurde <a href=\"https:\/\/fpm.climatepartner.com\/tracking\/11066-2309-1006\/de\">klimaneutral produziert<\/a>.<\/p>\n<p>&nbsp;<\/p>\n<p><iframe scrolling=no width=\"100%\" onload=\"this.style.height=this.contentDocument.body.scrollHeight +'px';\" src=\"https:\/\/www.bahnmedien.at\/new_2017-08-09\/anhang.html\" seamless><\/iframe><\/p>\n","protected":false},"excerpt":{"rendered":"<p>Erscheinungstermin: 26.10.2023<\/p>\n<p><strong>Autoren:<\/strong> Johann Blieberger, Josef Pospichal<\/p>\n","protected":false},"featured_media":15733,"template":"","meta":{"_acf_changed":false,"kt_blocks_editor_width":""},"product_brand":[],"product_cat":[24],"product_tag":[],"class_list":{"0":"post-15780","1":"product","2":"type-product","3":"status-publish","4":"has-post-thumbnail","6":"product_cat-fahrzeuggeschichte","8":"first","9":"instock","10":"taxable","11":"shipping-taxable","12":"purchasable","13":"product-type-simple"},"acf":[],"post_mailing_queue_ids":[],"_links":{"self":[{"href":"https:\/\/www.bahnmedien.at\/new_2017-08-09\/wp-json\/wp\/v2\/product\/15780","targetHints":{"allow":["GET"]}}],"collection":[{"href":"https:\/\/www.bahnmedien.at\/new_2017-08-09\/wp-json\/wp\/v2\/product"}],"about":[{"href":"https:\/\/www.bahnmedien.at\/new_2017-08-09\/wp-json\/wp\/v2\/types\/product"}],"wp:featuredmedia":[{"embeddable":true,"href":"https:\/\/www.bahnmedien.at\/new_2017-08-09\/wp-json\/wp\/v2\/media\/15733"}],"wp:attachment":[{"href":"https:\/\/www.bahnmedien.at\/new_2017-08-09\/wp-json\/wp\/v2\/media?parent=15780"}],"wp:term":[{"taxonomy":"product_brand","embeddable":true,"href":"https:\/\/www.bahnmedien.at\/new_2017-08-09\/wp-json\/wp\/v2\/product_brand?post=15780"},{"taxonomy":"product_cat","embeddable":true,"href":"https:\/\/www.bahnmedien.at\/new_2017-08-09\/wp-json\/wp\/v2\/product_cat?post=15780"},{"taxonomy":"product_tag","embeddable":true,"href":"https:\/\/www.bahnmedien.at\/new_2017-08-09\/wp-json\/wp\/v2\/product_tag?post=15780"}],"curies":[{"name":"wp","href":"https:\/\/api.w.org\/{rel}","templated":true}]}}