{"id":1452,"date":"2017-09-14T16:45:19","date_gmt":"2017-09-14T14:45:19","guid":{"rendered":"http:\/\/www.bahnmedien.at\/new_2017-08-09\/?post_type=product&#038;p=1452"},"modified":"2025-04-27T10:25:35","modified_gmt":"2025-04-27T08:25:35","slug":"stern-hafferl","status":"publish","type":"product","link":"https:\/\/www.bahnmedien.at\/new_2017-08-09\/produkt\/stern-hafferl\/","title":{"rendered":"Stern &#038; Hafferl-Bahnen<br> 1976\u20131992"},"content":{"rendered":"<p>Dieser Band ist leider <strong>ausverkauft<\/strong>. Ein Nachdruck ist nicht geplant.<\/p>\n<p><strong>Werner Hardmeier<\/strong>, Pr\u00e4sident der Schweizerischen Gesellschaft f\u00fcr Eisenbahngeschichte (SGEG), hat neben vielen anderen Reisen zu interessanten Bahnen die Liebe zu den Stern &amp; Hafferl-Bahnen in Ober\u00f6sterreich entdeckt. Ab 1976 fuhr er viele Male zu den Strecken im Voralpengebiet, um die alten elektrischen Zweiachs-Triebwagen noch im t\u00e4glichen Betrieb zu sehen und im Bild festzuhalten. Erst recht waren die Bahnen ein f\u00fcr ihn wichtiges Reiseziel, als schmalspurige Triebwagen aus der Schweiz \u00fcbernommen werden konnten.<\/p>\n<p>Aus einer gro\u00dfen Anzahl von Farbfotos, die Werner Hardmeier zwischen 1976 und 1992 aufnahm, konnte nun ein Querschnitt von Z\u00fcgen und Fahrzeugen aller Stern &amp; Hafferl-Bahnen f\u00fcr diesen Bildband ausgew\u00e4hlt werden. Sie zeigen den Alltagsbetrieb dieser Jahre und versetzen den Betrachter in die Zeit vor der umfassenden Modernisierung der Bahnen. Schlie\u00dflich ist auch der mittlerweile eingestellten Strecke Lambach \u2013 Haag am Hausruck mit Fotos ein Denkmal gesetzt.<\/p>\n<p>Das Buch hat einen Umfang von 144 Seiten im Format 240 x 205 mm und enth\u00e4lt 138 gro\u00dfformatige Farb-Fotografien. <\/p>\n<p><iframe scrolling=no width=\"100%\" onload=\"this.style.height=this.contentDocument.body.scrollHeight +'px';\" src=\"https:\/\/www.bahnmedien.at\/new_2017-08-09\/anhang.html\" seamless><\/iframe><\/p>\n","protected":false},"excerpt":{"rendered":"<p>Stern &#038; Hafferl-Bahnen 1976\u20131992<\/p>\n<p>Erscheinungsjahr: 2018<\/p>\n<p><strong>Autor:<\/strong> Werner Hardmeier<\/p>\n","protected":false},"featured_media":1561,"template":"","meta":{"_acf_changed":false,"kt_blocks_editor_width":""},"product_brand":[],"product_cat":[32],"product_tag":[],"class_list":{"0":"post-1452","1":"product","2":"type-product","3":"status-publish","4":"has-post-thumbnail","6":"product_cat-vergriffen","8":"first","9":"outofstock","10":"taxable","11":"shipping-taxable","12":"purchasable","13":"product-type-simple"},"acf":[],"post_mailing_queue_ids":[],"_links":{"self":[{"href":"https:\/\/www.bahnmedien.at\/new_2017-08-09\/wp-json\/wp\/v2\/product\/1452","targetHints":{"allow":["GET"]}}],"collection":[{"href":"https:\/\/www.bahnmedien.at\/new_2017-08-09\/wp-json\/wp\/v2\/product"}],"about":[{"href":"https:\/\/www.bahnmedien.at\/new_2017-08-09\/wp-json\/wp\/v2\/types\/product"}],"wp:featuredmedia":[{"embeddable":true,"href":"https:\/\/www.bahnmedien.at\/new_2017-08-09\/wp-json\/wp\/v2\/media\/1561"}],"wp:attachment":[{"href":"https:\/\/www.bahnmedien.at\/new_2017-08-09\/wp-json\/wp\/v2\/media?parent=1452"}],"wp:term":[{"taxonomy":"product_brand","embeddable":true,"href":"https:\/\/www.bahnmedien.at\/new_2017-08-09\/wp-json\/wp\/v2\/product_brand?post=1452"},{"taxonomy":"product_cat","embeddable":true,"href":"https:\/\/www.bahnmedien.at\/new_2017-08-09\/wp-json\/wp\/v2\/product_cat?post=1452"},{"taxonomy":"product_tag","embeddable":true,"href":"https:\/\/www.bahnmedien.at\/new_2017-08-09\/wp-json\/wp\/v2\/product_tag?post=1452"}],"curies":[{"name":"wp","href":"https:\/\/api.w.org\/{rel}","templated":true}]}}