{"id":14468,"date":"2023-04-20T06:27:44","date_gmt":"2023-04-20T04:27:44","guid":{"rendered":"https:\/\/www.bahnmedien.at\/new_2017-08-09\/?post_type=product&#038;p=14468"},"modified":"2025-04-27T09:34:24","modified_gmt":"2025-04-27T07:34:24","slug":"auf-den-spuren-von-franz-kraus-die-oebb-reihen-42-50-52-und-152","status":"publish","type":"product","link":"https:\/\/www.bahnmedien.at\/new_2017-08-09\/produkt\/auf-den-spuren-von-franz-kraus-die-oebb-reihen-42-50-52-und-152\/","title":{"rendered":"Auf den Spuren von Franz Kraus &#8211; Die \u00d6BB-Reihen 42, 50, 52 und 152"},"content":{"rendered":"<p>Franz Kraus hat in der zu Ende gehenden Dampflokzeit auch die damals noch allgegenw\u00e4rtigen, relativ neuen G\u00fcterzug-Lokomotiven der Reihen 42, 50, 52 und 152 fotografiert. Von anderen Fotografen, die sich auf die alten \u00f6sterreichischen Dampfloks konzentrierten, deswegen befragt, tat er den legend\u00e4ren Ausspruch: \u201eEs werden Zeiten kommen, da werden Sie den 52ern nachlaufen.\u201c<br \/>\nDa er auch bei diesen Triebfahrzeugen auf den Ausl\u00f6ser gedr\u00fcckt hat, existieren mehr als 1000 Aufnahmen dieser Loktypen.<\/p>\n<p>120 Seiten im Format 240 x 205 mm enthalten 116 SW-Aufnahmen.<\/p>\n<p><iframe scrolling=no width=\"100%\" onload=\"this.style.height=this.contentDocument.body.scrollHeight +'px';\" src=\"https:\/\/www.bahnmedien.at\/new_2017-08-09\/anhang.html\" seamless><\/iframe><\/p>\n","protected":false},"excerpt":{"rendered":"<p>Erscheinungsjahr: 2023<\/p>\n<p><strong>Autoren:<\/strong> Johann Blieberger, Josef Pospichal<\/p>\n","protected":false},"featured_media":14202,"template":"","meta":{"_acf_changed":false,"kt_blocks_editor_width":""},"product_brand":[],"product_cat":[29,24],"product_tag":[],"class_list":{"0":"post-14468","1":"product","2":"type-product","3":"status-publish","4":"has-post-thumbnail","6":"product_cat-bildband","7":"product_cat-fahrzeuggeschichte","9":"first","10":"instock","11":"taxable","12":"shipping-taxable","13":"purchasable","14":"product-type-simple"},"acf":[],"post_mailing_queue_ids":[],"_links":{"self":[{"href":"https:\/\/www.bahnmedien.at\/new_2017-08-09\/wp-json\/wp\/v2\/product\/14468","targetHints":{"allow":["GET"]}}],"collection":[{"href":"https:\/\/www.bahnmedien.at\/new_2017-08-09\/wp-json\/wp\/v2\/product"}],"about":[{"href":"https:\/\/www.bahnmedien.at\/new_2017-08-09\/wp-json\/wp\/v2\/types\/product"}],"wp:featuredmedia":[{"embeddable":true,"href":"https:\/\/www.bahnmedien.at\/new_2017-08-09\/wp-json\/wp\/v2\/media\/14202"}],"wp:attachment":[{"href":"https:\/\/www.bahnmedien.at\/new_2017-08-09\/wp-json\/wp\/v2\/media?parent=14468"}],"wp:term":[{"taxonomy":"product_brand","embeddable":true,"href":"https:\/\/www.bahnmedien.at\/new_2017-08-09\/wp-json\/wp\/v2\/product_brand?post=14468"},{"taxonomy":"product_cat","embeddable":true,"href":"https:\/\/www.bahnmedien.at\/new_2017-08-09\/wp-json\/wp\/v2\/product_cat?post=14468"},{"taxonomy":"product_tag","embeddable":true,"href":"https:\/\/www.bahnmedien.at\/new_2017-08-09\/wp-json\/wp\/v2\/product_tag?post=14468"}],"curies":[{"name":"wp","href":"https:\/\/api.w.org\/{rel}","templated":true}]}}