{"id":13096,"date":"2022-11-02T06:44:45","date_gmt":"2022-11-02T05:44:45","guid":{"rendered":"https:\/\/www.bahnmedien.at\/new_2017-08-09\/?post_type=product&#038;p=13096"},"modified":"2025-04-27T09:36:12","modified_gmt":"2025-04-27T07:36:12","slug":"die-kkstb-reisezugwagen-wagengruppe-if-bei-kkstb-und-bboe-nachfolgebauarten-dvd","status":"publish","type":"product","link":"https:\/\/www.bahnmedien.at\/new_2017-08-09\/produkt\/die-kkstb-reisezugwagen-wagengruppe-if-bei-kkstb-und-bboe-nachfolgebauarten-dvd\/","title":{"rendered":"die kkStB Reise&shy;zug&shy;wagen, Wagen&shy;grup&shy;pe If &#8211; DVD"},"content":{"rendered":"<h3>Die 5. DVD<\/h3>\n<p>Fahrbetriebsmittel von Eisenbahnunternehmungen bestehen nicht nur aus Lokomotiven und Triebwagen, sondern zum weit gr\u00f6\u00dferen Teil aus Wagen. Dennoch ist dieses Thema in der \u00f6sterreichischen Eisenbahnliteratur bis dato nur in geringem Umfang behandelt worden. Mit diesem Werk hat sich erstmals ein Autorenteam der Herausforderung gestellt, den Wagenpark einer gro\u00dfen \u00f6sterreichischen Eisenbahngesellschaft mit gr\u00f6\u00dftm\u00f6glichem Anspruch auf Vollst\u00e4ndigkeit zu dokumentieren.<\/p>\n<p>Die Autoren \u2013 Hermann Heless, der \u00f6sterreichische Waggonexperte, und Johann Blieberger als Statistiker\u00a0 \u2013 behandeln in dieser Reihe die Reisezugwagen der kkStB. Genauer gesagt, stellen sie in diesem Band die Baugruppe If von kkStB und BB\u00d6 in den Mittelpunkt ihrer Betrachtungen. Weiters werden die von 1918 bis 1938 von den BB\u00d6 beschafften Wagen behandelt. Diese umfassen die Bauarten N28, N33, N37 sowie die eisernen Bauarten, die durch Umbau aus Wagen mit h\u00f6lzernen Wagenkasten entstanden<\/p>\n<p>Da das zugeh\u00f6rige Buch mehr als 3000 Einzelfahrzeuge behandelt, war ein Einzelnummernverzeichnis in gedruckter Form nicht unterzubringen. Die DVD enth\u00e4lt ein solches Verzeichnis im PDF-Format, das \u2013 soweit ermittelbar \u2013 Aufschluss \u00fcber den weiteren Lebenslauf, Verbleib und Ausmusterung jedes einzelnen Fahrzeuges gibt.<br \/>\nSo ist etwa die Herkunft jedes aus einem Wagen der Gruppe If umgebauten <strong>Spantenwagens<\/strong> genau angegeben.<br \/>\nDar\u00fcber hinaus sind die Typenzeichnungen enthalten, sodass diese detailreichen Grafiken in einer weit \u00fcber das Abdruckbare hinaus gehenden Aufl\u00f6sung auf dem Bildschirm betrachtet werden k\u00f6nnen.<\/p>\n<p>Unabh\u00e4ngig von Ihrem installierten Betriebssystem ist der Inhalt der DVD \u201edie Reisezugwagen der k.k. \u00f6sterreichischen Staatsbahnen \u2013 Wagen\u00adgrup\u00adpe If bei kkStB und BB\u00d6 + Nachfolgebauarten\u201c denkbar einfach auf jedem Computer mit DVD-Laufwerk darstellbar: Klicken Sie auf die Datei start.html und das Navigationsmen\u00fc wird im Webbrowser ge\u00f6ffnet. Sie k\u00f6nnen die Inhalte nun wie auf einer Internetseite abrufen. Es ist keine Installation zus\u00e4tzlicher Software notwendig.<\/p>\n<p><iframe src=\"https:\/\/www.bahnmedien.at\/new_2017-08-09\/anhang.html\" width=\"100%\" scrolling=\"no\" seamless=\"\"><\/iframe><\/p>\n","protected":false},"excerpt":{"rendered":"<p><strong>DVD zu: die kkStB Reise\u00adzug\u00adwagen, Wagen\u00adgrup\u00adpe If &#8211; DVD<\/strong><br \/>\nErscheinungsjahr: 2022<\/p>\n<p><strong>Autoren:<\/strong> Hermann Heless, <a href=\"http:\/\/www.bahnmedien.at\/new_2017-08-09\/johann-blieberger\/\">Johann Blieberger<\/a><\/p>\n","protected":false},"featured_media":13099,"template":"","meta":{"_acf_changed":false,"kt_blocks_editor_width":""},"product_brand":[],"product_cat":[27,24],"product_tag":[],"class_list":{"0":"post-13096","1":"product","2":"type-product","3":"status-publish","4":"has-post-thumbnail","6":"product_cat-dvd","7":"product_cat-fahrzeuggeschichte","9":"first","10":"outofstock","11":"taxable","12":"shipping-taxable","13":"purchasable","14":"product-type-simple"},"acf":[],"post_mailing_queue_ids":[],"_links":{"self":[{"href":"https:\/\/www.bahnmedien.at\/new_2017-08-09\/wp-json\/wp\/v2\/product\/13096","targetHints":{"allow":["GET"]}}],"collection":[{"href":"https:\/\/www.bahnmedien.at\/new_2017-08-09\/wp-json\/wp\/v2\/product"}],"about":[{"href":"https:\/\/www.bahnmedien.at\/new_2017-08-09\/wp-json\/wp\/v2\/types\/product"}],"wp:featuredmedia":[{"embeddable":true,"href":"https:\/\/www.bahnmedien.at\/new_2017-08-09\/wp-json\/wp\/v2\/media\/13099"}],"wp:attachment":[{"href":"https:\/\/www.bahnmedien.at\/new_2017-08-09\/wp-json\/wp\/v2\/media?parent=13096"}],"wp:term":[{"taxonomy":"product_brand","embeddable":true,"href":"https:\/\/www.bahnmedien.at\/new_2017-08-09\/wp-json\/wp\/v2\/product_brand?post=13096"},{"taxonomy":"product_cat","embeddable":true,"href":"https:\/\/www.bahnmedien.at\/new_2017-08-09\/wp-json\/wp\/v2\/product_cat?post=13096"},{"taxonomy":"product_tag","embeddable":true,"href":"https:\/\/www.bahnmedien.at\/new_2017-08-09\/wp-json\/wp\/v2\/product_tag?post=13096"}],"curies":[{"name":"wp","href":"https:\/\/api.w.org\/{rel}","templated":true}]}}