{"id":11584,"date":"2022-04-11T06:35:26","date_gmt":"2022-04-11T04:35:26","guid":{"rendered":"https:\/\/www.bahnmedien.at\/new_2017-08-09\/?post_type=product&#038;p=11584"},"modified":"2025-04-27T09:39:37","modified_gmt":"2025-04-27T07:39:37","slug":"triebfahrzeuge-der-steg","status":"publish","type":"product","link":"https:\/\/www.bahnmedien.at\/new_2017-08-09\/produkt\/triebfahrzeuge-der-steg\/","title":{"rendered":"Triebfahrzeuge der StEG"},"content":{"rendered":"<p>Im Fokus dieses Buches stehen die Triebfahrzeuge der StEG, der k.k. privilegierten \u00f6sterreichisch-ungarischen Staats-Eisenbahn-Gesellschaft, eines trotz ihres Namens privaten Unternehmens.<br \/>\nDer Name wurde wegen ihres Entstehens gew\u00e4hlt. Die StEG entstand n\u00e4mlich durch Privatisierung zweier Staatsbahnen, der N\u00f6rdlichen (NStB) und der S\u00fcd\u00f6stlichen Staatsbahn (S\u00f6StB), sowie durch \u00dcbernahme der Wien-Raaber Bahn (WRB).<br \/>\nDer Bogen der Triebfahrzeuge der StEG spannt sich von den urt\u00fcmlichen, ungekuppelten Maschinen aus der Anfangszeit der Dampf\u00e4ra bis zu den zeitgem\u00e4\u00dfen Lokomotiven kurz vor der Verstaatlichung im Jahr 1909, wobei so manche Bauarten den franz\u00f6sischen Einfluss, unter dem das Unternehmen stand, nicht verleugnen k\u00f6nnen.<\/p>\n<p>Alle Lokomotivreihen werden in Wort und Bild vorgestellt. Lebensl\u00e4ufe der Fahrzeuge, technische Daten und Typenskizzen vervollst\u00e4ndigen das Bild. Es soll besonders darauf hingewiesen werden, dass es durch hochaufl\u00f6sende Scans gelungen ist, das Bildmaterial aus der Anfangszeit der Bahn in noch nie dagewesener Qualit\u00e4t wiederzugeben.<\/p>\n<p>Das Buch hat einen Umfang von 288 Seiten im Format 280 x 215 mm und enth\u00e4lt umfangreiches Statistikmaterial sowie 212 SW-Abbildungen.<\/p>\n<p>Dieses Buch wurde <a href=\"https:\/\/fpm.climatepartner.com\/tracking\/13996-2211-1011\/de\">klimaneutral produziert<\/a>.<\/p>\n<p>&nbsp;<\/p>\n<p><iframe scrolling=no width=\"100%\" onload=\"this.style.height=this.contentDocument.body.scrollHeight +'px';\" src=\"https:\/\/www.bahnmedien.at\/new_2017-08-09\/anhang.html\" seamless><\/iframe><\/p>\n","protected":false},"excerpt":{"rendered":"<p>Erscheinungsjahr: 2022<br \/>\n<strong>Autoren:<\/strong> Johann Blieberger, Josef Pospichal<\/p>\n","protected":false},"featured_media":11581,"template":"","meta":{"_acf_changed":false,"kt_blocks_editor_width":""},"product_brand":[],"product_cat":[24],"product_tag":[],"class_list":{"0":"post-11584","1":"product","2":"type-product","3":"status-publish","4":"has-post-thumbnail","6":"product_cat-fahrzeuggeschichte","8":"first","9":"instock","10":"taxable","11":"shipping-taxable","12":"purchasable","13":"product-type-simple"},"acf":[],"post_mailing_queue_ids":[],"_links":{"self":[{"href":"https:\/\/www.bahnmedien.at\/new_2017-08-09\/wp-json\/wp\/v2\/product\/11584","targetHints":{"allow":["GET"]}}],"collection":[{"href":"https:\/\/www.bahnmedien.at\/new_2017-08-09\/wp-json\/wp\/v2\/product"}],"about":[{"href":"https:\/\/www.bahnmedien.at\/new_2017-08-09\/wp-json\/wp\/v2\/types\/product"}],"wp:featuredmedia":[{"embeddable":true,"href":"https:\/\/www.bahnmedien.at\/new_2017-08-09\/wp-json\/wp\/v2\/media\/11581"}],"wp:attachment":[{"href":"https:\/\/www.bahnmedien.at\/new_2017-08-09\/wp-json\/wp\/v2\/media?parent=11584"}],"wp:term":[{"taxonomy":"product_brand","embeddable":true,"href":"https:\/\/www.bahnmedien.at\/new_2017-08-09\/wp-json\/wp\/v2\/product_brand?post=11584"},{"taxonomy":"product_cat","embeddable":true,"href":"https:\/\/www.bahnmedien.at\/new_2017-08-09\/wp-json\/wp\/v2\/product_cat?post=11584"},{"taxonomy":"product_tag","embeddable":true,"href":"https:\/\/www.bahnmedien.at\/new_2017-08-09\/wp-json\/wp\/v2\/product_tag?post=11584"}],"curies":[{"name":"wp","href":"https:\/\/api.w.org\/{rel}","templated":true}]}}