{"id":74,"date":"2017-06-26T15:14:46","date_gmt":"2017-06-26T13:14:46","guid":{"rendered":"http:\/\/www.bahnmedien.at\/new_2017-08-09\/?page_id=74"},"modified":"2021-12-23T16:10:16","modified_gmt":"2021-12-23T15:10:16","slug":"agb","status":"publish","type":"page","link":"https:\/\/www.bahnmedien.at\/new_2017-08-09\/agb\/","title":{"rendered":"Allgemeine Gesch\u00e4ftsbedingungen (AGB)"},"content":{"rendered":"<h4>1. Geltungsbereich<\/h4>\n<p>Diese Allgemeinen Gesch\u00e4ftsbedingungen gelten f\u00fcr alle Vertr\u00e4ge, die wir als Unternehmer unter ausschlie\u00dflicher Verwendung eines oder mehrerer Fernkommunikationsmittel wie z.B. Telefon, Brief, Fax, E-Mail oder Web-Formular mit unseren Kunden schlie\u00dfen. Abweichende Bedingungen des Bestellers werden nur im Fall unserer ausdr\u00fccklichen schriftlichen Best\u00e4tigung anerkannt.<\/p>\n<h4>2. Verk\u00e4ufer<\/h4>\n<p>2.1. Verk\u00e4ufer ist<\/p>\n<p>Name\/Firma des Unternehmers: Bahnmedien.at (im Folgenden: kurz \u201eVerk\u00e4ufer\u201c genannt)<\/p>\n<p>Rechtsform Verein, Gewerbeberechtigung als Buch-, Kunst- und Musikalienverlag<\/p>\n<p>Geografische Anschrift: 7162 Tadten, Gartenzeile 16<\/p>\n<p>E-Mail-Adresse: office (hier sollte ein Klammeraffenzeichen stehen) bahnmedien.at<\/p>\n<p>Mitglied der Wirtschaftskammer \u00d6sterreich<\/p>\n<h4>3. Preise<\/h4>\n<p>3.1. Als Kaufpreis f\u00fcr die bestellten Waren und Dienstleistungen gilt jener als vereinbart, der sich aus den aktuellen Angaben auf unserer Web-Seite oder aus unseren Prospekten, Preislisten etc. ergibt. Bei Schreib-, Druck- und\/oder Rechenfehlern sowie bei Preis\u00e4nderungen durch unseren Lieferanten und\/oder Wechselkursschwankungen von \u00fcber 5% sind wir zum R\u00fccktritt berechtigt.<\/p>\n<p>3.2. Alle Preise verstehen sich inklusive Umsatzsteuer, sofern nicht explizit anders angegeben.<\/p>\n<p>3.3. Die durch den Versand des Kaufgegenstands an die vom Kunden anzugebende Lieferadresse entstehenden Kosten sind in den Preisen nicht enthalten und kommen hinzu.<\/p>\n<p>3.4. Allf\u00e4llige Import- oder Exportspesen (z.B. Zoll) sowie Spesen des Zahlungsverkehrs (z.B. Bankspesen) gehen zu Lasten des Kunden.<\/p>\n<h4>4. Vertragsabschluss<\/h4>\n<p>4.1. Die Bestellung des Kunden gilt als bindendes Angebot auf Abschluss eines Kaufvertrags \u00fcber die bestellte Ware. Der Kaufvertrag kommt dadurch zustande, dass der Verk\u00e4ufer die Bestellung entweder ausdr\u00fccklich annimmt oder ihr durch Versenden der bestellten Ware tats\u00e4chlich entspricht, und zwar jeweils binnen 14 Tagen ab Einlangen beim Verk\u00e4ufer. Nach Ablauf dieser Frist ist der Kunde nicht mehr gebunden und gilt der Kaufvertrag als nicht zustande gekommen.<\/p>\n<h4>5. Lieferung<\/h4>\n<p>5.1. Der Verk\u00e4ufer f\u00fchrt Bestellungen ohne unn\u00f6tigen Aufschub, jedenfalls binnen drei\u00dfig Tagen aus. St\u00f6\u00dft die fristgerechte Ausf\u00fchrung einer Bestellung aus besonderen Gr\u00fcnden (z.B. bei Notwendigkeit der Beschaffung der bestellten Ware von einem ausl\u00e4ndischen Verlag) auf Schwierigkeiten, kann die Lieferfrist in Einzelf\u00e4llen drei\u00dfig Tage \u00fcbersteigen. Bei Nichtverf\u00fcgbarkeit des Kaufgegenstands wird dies dem Kunden ohne Aufschub ab Kenntnis mitgeteilt, und kann der Verk\u00e4ufer vom Vertrag zur\u00fccktreten. Anspr\u00fcche des Kunden aus der Unm\u00f6glichkeit der Vertragserf\u00fcllung sind ausgeschlossen.<\/p>\n<p>5.2. Die bestellte Ware wird ab Lager unter Inanspruchnahme verkehrs\u00fcblicher Versendungsarten nach Wahl des Verk\u00e4ufers, wie Post, Spedition, privater Zustelldienst, an die vom Kunden angegebene Lieferadresse geliefert.<\/p>\n<p>5.3. Gefahr und Zufall gehen im Zeitpunkt der \u00dcbergabe des Kaufgegenstands an den Versender auf den Kunden \u00fcber.<\/p>\n<h4>6. Zahlung, F\u00e4lligkeit und Verzug<\/h4>\n<p>6.1. Der Kunde hat den Kaufpreis spesenfrei und ohne jeden Abzug sofort zu bezahlen. Eine Aufrechnung mit Forderungen des Kunden gegen den Verk\u00e4ufer ist nicht zul\u00e4ssig. Sollte zum Zeitpunkt des Einlangens des Kaufpreises ein Produkt nicht mehr lieferbar sein, so kann der Verk\u00e4ufer deswegen nicht belangt werden. Der Kaufpreis wird in diesem Fall r\u00fcckerstattet.<\/p>\n<p>6.2. Im Fall des Verzugs mit auch nur einem Teil des Kaufpreises sind Verzugszinsen in H\u00f6he von 5\u00a0% \u00fcber dem jeweiligen Diskontsatz der Europ\u00e4ischen Zentralbank sowie Zinseszinsen in derselben H\u00f6he zu leisten. Die Geltendmachung eines die Zinsen \u00fcbersteigenden Verzugsschadens bleibt vorbehalten.<\/p>\n<p>6.3. Im Fall des Verzugs gehen alle mit der Eintreibung der Forderungen verbundenen Aufwendungen wie Mahnspesen und die Kosten einer gerichtlichen und\/oder au\u00dfergerichtlichen Rechtsvertretung zu Lasten des Kunden.<\/p>\n<h4>7. Eigentumsvorbehalt<\/h4>\n<p>7.1 Der Verk\u00e4ufer bleibt bis zur vollst\u00e4ndigen Bezahlung des Kaufpreises Eigent\u00fcmer des Kaufgegenstands. Sollte ein Dritter im Rahmen eines Exekutions- oder Insolvenzverfahrens auf den Kaufgegenstand greifen, hat der Kunde den Verk\u00e4ufer unverz\u00fcglich davon schriftlich zu benachrichtigen und den Dritten auf das Eigentum des Verk\u00e4ufers aufmerksam zu machen.<\/p>\n<h4>8. R\u00fccktrittsrecht<\/h4>\n<p>8.1. Der Kunde kann grunds\u00e4tzlich binnen 14 Werktagen nach Lieferung von einem im Fernabsatz geschlossenen Vertrag zur\u00fccktreten oder eine im Fernabsatz abgegebene Vertragserkl\u00e4rung widerrufen, wobei der Samstag (Sonnabend) nicht als Werktag z\u00e4hlt. Die Frist beginnt mit dem Tag des Eingangs des Kaufgegenstands beim Kunden zu laufen. Die fristgerechte Absendung der R\u00fccktritts- oder Widerrufserkl\u00e4rung reicht zur Fristwahrung aus. Sie hat auf dieselbe Weise zu erfolgen wie die Vertragserkl\u00e4rung bzw das Anbot zum Vertragsabschluss (Punkt 4 oben).<\/p>\n<p>8.2. F\u00fcr den Fall von Lieferschwierigkeiten des Lieferanten des Verk\u00e4ufers ist der Verk\u00e4ufer zum R\u00fccktritt berechtigt. Der R\u00fccktritt ist dem Kunden unverz\u00fcglich mitzuteilen ist.<\/p>\n<p>8.3. Im Fall des R\u00fccktritts hat der Verk\u00e4ufer die vom Kunden geleisteten Zahlungen zu erstatten und den vom Kunden auf die Sache gemachten notwendigen und n\u00fctzlichen Aufwand zu ersetzen.<\/p>\n<p>8.4. Der Kunde hat im Fall des R\u00fccktritts die empfangenen Leistungen unverz\u00fcglich zur\u00fcckzustellen und dem Unternehmer ein angemessenes Entgelt f\u00fcr die Ben\u00fctzung, einschlie\u00dflich einer Entsch\u00e4digung f\u00fcr eine damit verbundene Minderung des gemeinen Werts der Leistung, zu zahlen; die \u00dcbernahme der Leistungen in die Gewahrsame des Verbrauchers ist f\u00fcr sich allein nicht als Wertminderung anzusehen. Ein R\u00fcckbehaltungsrecht steht dem Kunden nicht zu. Weiters hat der Kunde die unmittelbaren Kosten der R\u00fccksendung des Kaufgegenstandes zu tragen.<br \/>\n<!--\n&nbsp;\n\n\n<h4>9. Sonderbestimmungen Deutschland<\/h4>\n\n\n9.1. Kunden in Deutschland werden nicht beliefert. Bestellungen mit deutschen Zustelladressen gelten als nicht zustande gekommene Vertr\u00e4ge. Ausgenommen von dieser Bestimmung sind lediglich deutsche Wiederverk\u00e4ufer nach vorheriger Vereinbarung.--><\/p>\n<h4>9. Gew\u00e4hrleistung und Haftung<\/h4>\n<p>9.1. Die Haftung f\u00fcr allf\u00e4llige M\u00e4ngel der Kaufsache richtet sich nach den gesetzlichen Gew\u00e4hrleistungsvorschriften. Der Verk\u00e4ufer ist jedoch zun\u00e4chst jedenfalls zum Austausch bzw zum Ersatz des Fehlenden berechtigt. Ein Preisminderungsanspruch kann erst nach fruchtlosem Ablauf einer angemessenen Verbesserungsfrist begehrt werden. Die mangelhafte Ware ist vom Kunden unverz\u00fcglich zur\u00fcckzusenden. F\u00fcr dar\u00fcber hinausgehende Anspr\u00fcche, insbesondere f\u00fcr Schadenersatzanspr\u00fcche jeder Art (Mangelfolgesch\u00e4den), einschlie\u00dflich des entgangenen Gewinns, eines Verz\u00f6gerungsschadens etc haftet der Verk\u00e4ufer nur im Fall des Vorsatzes oder grober Fahrl\u00e4ssigkeit.<\/p>\n<p>9.2. Der Verk\u00e4ufer haftet auch nicht f\u00fcr den Inhalt der Kaufsache, insbesondere die formelle oder inhaltliche Richtigkeit und Rechtm\u00e4\u00dfigkeit der darin enthaltenen Aussagen, Texte, Bilder, Ton- oder Bildtontr\u00e4ger, Rezepturen, Anweisungen etc.<\/p>\n<p>9.3. Dieser Haftungsausschluss gilt \u2013 im Rahmen des gesetzlich Erlaubten \u2013 auch f\u00fcr eine allf\u00e4llige Haftung nach dem Produkthaftungsgesetz sowie f\u00fcr Anspr\u00fcche gegen Mitarbeiter, Dienstnehmer, Organe oder Erf\u00fcllungsgehilfen des Verk\u00e4ufers.<\/p>\n<p>9.4. Der Verk\u00e4ufer \u00fcbernimmt keine Haftung f\u00fcr technische St\u00f6rungen beim Betrieb des Web-Shops. Er beh\u00e4lt sich auch eine Einstellung des Betriebs jederzeit vor; dies jedoch unbeschadet einer ordnungsgem\u00e4\u00dfen Abwicklung bereits erfolgter Vertragsabschl\u00fcsse.<\/p>\n<h4>10. Datenschutz und Werbung<\/h4>\n<p>10.1. Der Kunde willigt darin ein, dass der Verk\u00e4ufer und seine Erf\u00fcllungsgehilfen dessen personenbezogene Daten wie Vorname, Nachname, PLZ, Adresse, Telefon-Nummer, Fax-Nummer, E-Mail-Adresse, Internet-Adresse, Geburtsdatum, Bankverbindungen f\u00fcr Zwecke des Abschlusses und der Abwicklung des Vertragsverh\u00e4ltnisses sowie f\u00fcr eigene Werbezwecke automationsunterst\u00fctzt ermittelt, speichert, verarbeitet und sonst verwendet; der Kunde kann diese Einwilligungen jederzeit widerrufen.<\/p>\n<h4>11. Rechte Dritter (Urheberrechte)<\/h4>\n<p>11.1. Der Kunde nimmt zur Kenntnis, dass am Kaufgegenstand Rechte Dritter, insbesondere Urheberrechte und sonstige Immaterialg\u00fcterrechte bestehen. Er verpflichtet sich, den Kaufgegenstand nur im Rahmen des vertraglich und\/oder gesetzlich Erlaubten zu verwenden und allf\u00e4llige Lizenzbedingungen strikt einzuhalten. Dies gilt insbesondere f\u00fcr Sprachwerke, einschlie\u00dflich Software, Datenbanken sowie Bild- und\/oder Tontr\u00e4ger.<\/p>\n<p>11.2. Der vorstehende Punkt 10.1. gilt f\u00fcr Rechte des Verk\u00e4ufers an dessen Web-Seite und deren Inhalten wie Texte, Grafiken, Logos, Marken, Titel, Programme, Preiszusammenstellungen, Datenbanken und sonstige Leistungen entsprechend.<\/p>\n<h4>12. Erf\u00fcllungsort, anwendbares Recht, Teilnichtigkeit und Gerichtsstand<\/h4>\n<p>12.1. Erf\u00fcllungsort ist Tadten; es gilt \u00f6sterreichisches materielles Recht.<\/p>\n<p>12.2. Soweit einzelne Bestimmungen dieser AGB zwingenden gesetzlichen Vorschriften widersprechen oder nichtig sind, behalten die \u00fcbrigen Bestimmungen gleichwohl ihre Wirksamkeit.<\/p>\n","protected":false},"excerpt":{"rendered":"<p>1. Geltungsbereich Diese Allgemeinen Gesch\u00e4ftsbedingungen gelten f\u00fcr alle Vertr\u00e4ge, die wir als Unternehmer unter ausschlie\u00dflicher Verwendung eines oder mehrerer Fernkommunikationsmittel wie z.B. Telefon, Brief, Fax, E-Mail oder Web-Formular mit unseren Kunden schlie\u00dfen. Abweichende Bedingungen des Bestellers werden nur im Fall &hellip; <a href=\"https:\/\/www.bahnmedien.at\/new_2017-08-09\/agb\/\">Weiter<\/a><\/p>\n","protected":false},"author":1,"featured_media":0,"parent":0,"menu_order":0,"comment_status":"closed","ping_status":"closed","template":"page-fullwidth.php","meta":{"_acf_changed":false,"kt_blocks_editor_width":"","footnotes":""},"class_list":["post-74","page","type-page","status-publish","hentry"],"acf":[],"post_mailing_queue_ids":[],"_links":{"self":[{"href":"https:\/\/www.bahnmedien.at\/new_2017-08-09\/wp-json\/wp\/v2\/pages\/74","targetHints":{"allow":["GET"]}}],"collection":[{"href":"https:\/\/www.bahnmedien.at\/new_2017-08-09\/wp-json\/wp\/v2\/pages"}],"about":[{"href":"https:\/\/www.bahnmedien.at\/new_2017-08-09\/wp-json\/wp\/v2\/types\/page"}],"author":[{"embeddable":true,"href":"https:\/\/www.bahnmedien.at\/new_2017-08-09\/wp-json\/wp\/v2\/users\/1"}],"replies":[{"embeddable":true,"href":"https:\/\/www.bahnmedien.at\/new_2017-08-09\/wp-json\/wp\/v2\/comments?post=74"}],"version-history":[{"count":2,"href":"https:\/\/www.bahnmedien.at\/new_2017-08-09\/wp-json\/wp\/v2\/pages\/74\/revisions"}],"predecessor-version":[{"id":10996,"href":"https:\/\/www.bahnmedien.at\/new_2017-08-09\/wp-json\/wp\/v2\/pages\/74\/revisions\/10996"}],"wp:attachment":[{"href":"https:\/\/www.bahnmedien.at\/new_2017-08-09\/wp-json\/wp\/v2\/media?parent=74"}],"curies":[{"name":"wp","href":"https:\/\/api.w.org\/{rel}","templated":true}]}}