{"id":3188,"date":"2018-10-23T17:16:25","date_gmt":"2018-10-23T15:16:25","guid":{"rendered":"http:\/\/www.bahnmedien.at\/new_2017-08-09\/?page_id=3188"},"modified":"2023-12-17T06:13:23","modified_gmt":"2023-12-17T05:13:23","slug":"franz-haas","status":"publish","type":"page","link":"https:\/\/www.bahnmedien.at\/new_2017-08-09\/unsere-autoren\/franz-haas\/","title":{"rendered":"Franz Haas"},"content":{"rendered":"<p>Franz Haas, geboren 1960, Pensionist und Journalist, war hauptberuflich bei den \u00d6BB besch\u00e4ftigt, davon 34 Jahre als Fahrdienstleiter auf Bahnh\u00f6fen im n\u00f6rdlichen N\u00d6 und Wien. Nach seiner Berufung in die Regionalleitung Nord 2012 arbeitete er die letzten Berufsjahre im Themenbereich Sicherheit und Unfallerhebung.<br \/>\nDa sein Gro\u00dfvater Lokomotivf\u00fchrer war, kam er mit dem Thema Eisenbahn schon in der fr\u00fchesten Kindheit in Ber\u00fchrung. Im Zuge der Vorbereitung zur 150 Jahr-Feier der \u00d6BB im Jahr 1987, wo er auch Beitr\u00e4ge leisten durfte, vertiefte er sich ab 1983 in die \u00f6sterreichische Eisenbahngeschichte. Das besondere Interesse gilt dem Wiener Nordbahnhof, der Wiener Schnellbahn Stammstrecke, Nebenbahnen im ehemaligen BB-Direktionsbereich Wien, der Donauschifffahrt und der Wiener Stadtgeschichte.<br \/>\nEr war zwischen 2002 und 2014 Mitarbeiter im Bezirksmuseum Leopoldstadt, davon ab 2007 dessen Leiter. Er hat 2008 eine Kustoden Ausbildung erfolgreich abgeschlossen, im Jahr 2009 eine komplette Neugestaltung des Museums durchgef\u00fchrt und regelm\u00e4\u00dfig Sonderausstellungen zu Bezirksthemen ausgearbeitet und gestaltet.<br \/>\nSeit 2006 publiziert er bei verschiedenen Verlagen und gestaltet seit 2022 regelm\u00e4\u00dfig Ausstellungen im Eisenbahnmuseum Schwechat.<br \/>\n<a style=\"vertical-align: top;\" href=\"https:\/\/orcid.org\/0000-0003-4013-0291\" target=\"orcid.widget\" rel=\"noopener noreferrer\"><img decoding=\"async\" style=\"width: 1em; margin-right: .5em;\" src=\"https:\/\/orcid.org\/sites\/default\/files\/images\/orcid_16x16.png\" alt=\"ORCID iD icon\">orcid.org\/0000-0003-4013-0291<\/a><\/p>\n","protected":false},"excerpt":{"rendered":"<p>Franz Haas, geboren 1960, Pensionist und Journalist, war hauptberuflich bei den \u00d6BB besch\u00e4ftigt, davon 34 Jahre als Fahrdienstleiter auf Bahnh\u00f6fen im n\u00f6rdlichen N\u00d6 und Wien. Nach seiner Berufung in die Regionalleitung Nord 2012 arbeitete er die letzten Berufsjahre im Themenbereich &hellip; <a href=\"https:\/\/www.bahnmedien.at\/new_2017-08-09\/unsere-autoren\/franz-haas\/\">Weiter<\/a><\/p>\n","protected":false},"author":1,"featured_media":0,"parent":1476,"menu_order":0,"comment_status":"closed","ping_status":"closed","template":"page-fullwidth.php","meta":{"_acf_changed":false,"kt_blocks_editor_width":"","footnotes":""},"class_list":["post-3188","page","type-page","status-publish","hentry"],"acf":[],"post_mailing_queue_ids":[],"_links":{"self":[{"href":"https:\/\/www.bahnmedien.at\/new_2017-08-09\/wp-json\/wp\/v2\/pages\/3188","targetHints":{"allow":["GET"]}}],"collection":[{"href":"https:\/\/www.bahnmedien.at\/new_2017-08-09\/wp-json\/wp\/v2\/pages"}],"about":[{"href":"https:\/\/www.bahnmedien.at\/new_2017-08-09\/wp-json\/wp\/v2\/types\/page"}],"author":[{"embeddable":true,"href":"https:\/\/www.bahnmedien.at\/new_2017-08-09\/wp-json\/wp\/v2\/users\/1"}],"replies":[{"embeddable":true,"href":"https:\/\/www.bahnmedien.at\/new_2017-08-09\/wp-json\/wp\/v2\/comments?post=3188"}],"version-history":[{"count":3,"href":"https:\/\/www.bahnmedien.at\/new_2017-08-09\/wp-json\/wp\/v2\/pages\/3188\/revisions"}],"predecessor-version":[{"id":16876,"href":"https:\/\/www.bahnmedien.at\/new_2017-08-09\/wp-json\/wp\/v2\/pages\/3188\/revisions\/16876"}],"up":[{"embeddable":true,"href":"https:\/\/www.bahnmedien.at\/new_2017-08-09\/wp-json\/wp\/v2\/pages\/1476"}],"wp:attachment":[{"href":"https:\/\/www.bahnmedien.at\/new_2017-08-09\/wp-json\/wp\/v2\/media?parent=3188"}],"curies":[{"name":"wp","href":"https:\/\/api.w.org\/{rel}","templated":true}]}}