{"id":1542,"date":"2018-05-10T11:33:06","date_gmt":"2018-05-10T09:33:06","guid":{"rendered":"http:\/\/www.bahnmedien.at\/new_2017-08-09\/?page_id=1542"},"modified":"2025-06-22T09:09:11","modified_gmt":"2025-06-22T07:09:11","slug":"guenter-kettler","status":"publish","type":"page","link":"https:\/\/www.bahnmedien.at\/new_2017-08-09\/unsere-autoren\/guenter-kettler\/","title":{"rendered":"G\u00fcnter Kettler"},"content":{"rendered":"<p><strong>1979<\/strong> Eintritt in den Dienst der \u00d6sterreichischen Bundesbahnen, in der Folge Ablegung der damals \u00fcblichen Pr\u00fcfungen (Betriebsfachpr\u00fcfung, allgemeine Verwaltungsfachpr\u00fcfung, kommerzielle Fachpr\u00fcfung) und Einschulung bei unterschiedlichen Bereichen, sp\u00e4ter auch Ausbildungen und Pr\u00fcfungen in Sicherungstechnik, Energieversorgungstechnik, Traktions- und Fahrzeugtechnik sowie Eisenbahnbautechnik<\/p>\n<p><strong>1982<\/strong> Sachbearbeiter in der Transportabteilung der Bundesbahndirektion Wien, Mitarbeit in Projekten, wie Ausbau der Vorortelinie zur S 45, Bau des Containerterminals Wien Nordwestbahnhof, Ausbau des Nahverkehrs Liesing \u2013 Wiener Neustadt, Nebenbahnattraktivierung, Bau der S 7<\/p>\n<p><strong>1991<\/strong> Arbeitsbereichsleiter Transporttechnik, Logistik, Anschlussbahnen und kommerzielle Bauangelegenheiten G\u00fcterverkehr<\/p>\n<p><strong>1994<\/strong> Arbeitsgebietsleiter G\u00fcterverkehr der Bundesbahndirektion Wien<\/p>\n<p><strong>1996<\/strong> Leiter der Cargo-Region Wien, Nieder\u00f6sterreich Ost der \u00d6BB<\/p>\n<p><strong>1998 bis Ende 2005<\/strong> Leiter Produktion der Cargo Ost der \u00d6BB<\/p>\n<p><strong>2005 bis Ende 2017<\/strong> Eisenbahnbetriebsleiter der Rail Cargo Austria AG (G\u00fcterverkehrstochter der \u00d6BB)<\/p>\n<p><strong>2018<\/strong> Unternehmensgr\u00fcndung (Unternehmensberatung mit den Schwerpunkten Eisenbahnbetrieb, Eisenbahntechnik, Eisenbahnsicherheit und \u00f6ffentlicher Verkehr)<\/p>\n<p><strong>Nebenberufliche T\u00e4tigkeiten<\/strong><\/p>\n<p><strong>2014<\/strong> Lehrbeauftragter an der Fachhochschule St. P\u00f6lten, Department Bahntechnologie und Mobilit\u00e4t mit der Vorlesung \u201eInstandhaltung von Schienenfahrzeugen\u201c, seit 2017 zus\u00e4tzlich Vorlesung \u201eProduktion im Schieneng\u00fcterverkehr\u201c<\/p>\n<p><strong>2015<\/strong> Sachverst\u00e4ndiger Pr\u00fcfer gem. \u00a7 21c Abs. 3 Eisenbahngesetz (AT 920150011),<\/p>\n<p><a style=\"vertical-align: top;\" href=\"https:\/\/orcid.org\/0000-0002-8297-5412\" target=\"orcid.widget\" rel=\"noopener noreferrer\"><img decoding=\"async\" style=\"width: 1em; margin-right: .5em;\" src=\"https:\/\/orcid.org\/sites\/default\/files\/images\/orcid_16x16.png\" alt=\"ORCID iD icon\">orcid.org\/0000-0002-8297-5412<\/a><\/p>\n<p><strong>Ver\u00f6ffentlichungen<\/strong><br \/>\n<em> (auszugsweise)<\/em><br \/>\n\u201eDieseltriebwagen der \u00d6BB\u201c, Wien 2011, ISBN: 978-3-9502648-7-6<br \/>\n\u201eElektrotriebwagen der \u00d6BB\u201c Wien 2013, ISBN: 978-3-9503304-3-4<br \/>\n\u201eNeubaug\u00fcterwagen der Rail Cargo Austria AG mit gleisfreundlichen Laufwerken\u201c ZEVrail 137, Georg Siemens Verlag 2013<\/p>\n","protected":false},"excerpt":{"rendered":"<p>1979 Eintritt in den Dienst der \u00d6sterreichischen Bundesbahnen, in der Folge Ablegung der damals \u00fcblichen Pr\u00fcfungen (Betriebsfachpr\u00fcfung, allgemeine Verwaltungsfachpr\u00fcfung, kommerzielle Fachpr\u00fcfung) und Einschulung bei unterschiedlichen Bereichen, sp\u00e4ter auch Ausbildungen und Pr\u00fcfungen in Sicherungstechnik, Energieversorgungstechnik, Traktions- und Fahrzeugtechnik sowie Eisenbahnbautechnik 1982 &hellip; <a href=\"https:\/\/www.bahnmedien.at\/new_2017-08-09\/unsere-autoren\/guenter-kettler\/\">Weiter<\/a><\/p>\n","protected":false},"author":1,"featured_media":0,"parent":1476,"menu_order":0,"comment_status":"closed","ping_status":"closed","template":"page-fullwidth.php","meta":{"_acf_changed":false,"kt_blocks_editor_width":"","footnotes":""},"class_list":["post-1542","page","type-page","status-publish","hentry"],"acf":[],"post_mailing_queue_ids":[],"_links":{"self":[{"href":"https:\/\/www.bahnmedien.at\/new_2017-08-09\/wp-json\/wp\/v2\/pages\/1542","targetHints":{"allow":["GET"]}}],"collection":[{"href":"https:\/\/www.bahnmedien.at\/new_2017-08-09\/wp-json\/wp\/v2\/pages"}],"about":[{"href":"https:\/\/www.bahnmedien.at\/new_2017-08-09\/wp-json\/wp\/v2\/types\/page"}],"author":[{"embeddable":true,"href":"https:\/\/www.bahnmedien.at\/new_2017-08-09\/wp-json\/wp\/v2\/users\/1"}],"replies":[{"embeddable":true,"href":"https:\/\/www.bahnmedien.at\/new_2017-08-09\/wp-json\/wp\/v2\/comments?post=1542"}],"version-history":[{"count":3,"href":"https:\/\/www.bahnmedien.at\/new_2017-08-09\/wp-json\/wp\/v2\/pages\/1542\/revisions"}],"predecessor-version":[{"id":21488,"href":"https:\/\/www.bahnmedien.at\/new_2017-08-09\/wp-json\/wp\/v2\/pages\/1542\/revisions\/21488"}],"up":[{"embeddable":true,"href":"https:\/\/www.bahnmedien.at\/new_2017-08-09\/wp-json\/wp\/v2\/pages\/1476"}],"wp:attachment":[{"href":"https:\/\/www.bahnmedien.at\/new_2017-08-09\/wp-json\/wp\/v2\/media?parent=1542"}],"curies":[{"name":"wp","href":"https:\/\/api.w.org\/{rel}","templated":true}]}}