{"id":1526,"date":"2018-05-04T21:02:29","date_gmt":"2018-05-04T19:02:29","guid":{"rendered":"http:\/\/www.bahnmedien.at\/new_2017-08-09\/?page_id=1526"},"modified":"2026-04-03T19:09:26","modified_gmt":"2026-04-03T17:09:26","slug":"michael-weininger","status":"publish","type":"page","link":"https:\/\/www.bahnmedien.at\/new_2017-08-09\/unsere-autoren\/michael-weininger\/","title":{"rendered":"Michael Weininger"},"content":{"rendered":"<p>Michael Weininger (Jahrgang 1950) ist Pensionist. Er war in seiner aktiven Berufszeit Mitarbeiter bei den \u00d6sterreichischen Bundesbahnen. Hier war er zuerst 17 Jahre als Fahrdienstleiter und dann 25 Jahre in der Fahrplankonzeption und -konstruktion t\u00e4tig.<\/p>\n<p>Bedingt durch das v\u00e4terliche Hobby kam er bereits fr\u00fch mit dem Thema Eisenbahn in Ber\u00fchrung. Mittlerweile gilt sein Interesse allen, aber vor allem schienengebundenen  Verkehrsmitteln, aber auch der Wiener Stadtgeschichte oder historischer Architektur.<\/p>\n<p>Diese Interessen verband er mit dem Hobby der Fotografie und konnte damit in rund 50 Jahren ein umfangreiches Archiv historischer Aufnahmen auf all diesen Gebieten aufbauen.<\/p>\n<p>Durch die Besch\u00e4ftigung mit der Fotografie eignete er sich eine umfangreiche Praxis in der Bildbearbeitung an und ist auch bei den B\u00fcchern von bahnmedien.at f\u00fcr die Qualit\u00e4t der Illustrationen verantwortlich.<\/p>\n<p><a style=\"vertical-align: top;\" href=\"https:\/\/orcid.org\/0009-0005-4320-1771\" target=\"orcid.widget\" rel=\"noopener noreferrer\"><img decoding=\"async\" style=\"width: 1em; margin-right: .5em;\" src=\"https:\/\/orcid.org\/sites\/default\/files\/images\/orcid_16x16.png\" alt=\"ORCID iD icon\">orcid.org\/0009-0005-4320-1771<\/a><\/p>\n","protected":false},"excerpt":{"rendered":"<p>Michael Weininger (Jahrgang 1950) ist Pensionist. Er war in seiner aktiven Berufszeit Mitarbeiter bei den \u00d6sterreichischen Bundesbahnen. Hier war er zuerst 17 Jahre als Fahrdienstleiter und dann 25 Jahre in der Fahrplankonzeption und -konstruktion t\u00e4tig. Bedingt durch das v\u00e4terliche Hobby &hellip; <a href=\"https:\/\/www.bahnmedien.at\/new_2017-08-09\/unsere-autoren\/michael-weininger\/\">Weiter<\/a><\/p>\n","protected":false},"author":1,"featured_media":0,"parent":1476,"menu_order":0,"comment_status":"closed","ping_status":"closed","template":"page-fullwidth.php","meta":{"_acf_changed":false,"kt_blocks_editor_width":"","footnotes":""},"class_list":["post-1526","page","type-page","status-publish","hentry"],"acf":[],"post_mailing_queue_ids":[],"_links":{"self":[{"href":"https:\/\/www.bahnmedien.at\/new_2017-08-09\/wp-json\/wp\/v2\/pages\/1526","targetHints":{"allow":["GET"]}}],"collection":[{"href":"https:\/\/www.bahnmedien.at\/new_2017-08-09\/wp-json\/wp\/v2\/pages"}],"about":[{"href":"https:\/\/www.bahnmedien.at\/new_2017-08-09\/wp-json\/wp\/v2\/types\/page"}],"author":[{"embeddable":true,"href":"https:\/\/www.bahnmedien.at\/new_2017-08-09\/wp-json\/wp\/v2\/users\/1"}],"replies":[{"embeddable":true,"href":"https:\/\/www.bahnmedien.at\/new_2017-08-09\/wp-json\/wp\/v2\/comments?post=1526"}],"version-history":[{"count":6,"href":"https:\/\/www.bahnmedien.at\/new_2017-08-09\/wp-json\/wp\/v2\/pages\/1526\/revisions"}],"predecessor-version":[{"id":23761,"href":"https:\/\/www.bahnmedien.at\/new_2017-08-09\/wp-json\/wp\/v2\/pages\/1526\/revisions\/23761"}],"up":[{"embeddable":true,"href":"https:\/\/www.bahnmedien.at\/new_2017-08-09\/wp-json\/wp\/v2\/pages\/1476"}],"wp:attachment":[{"href":"https:\/\/www.bahnmedien.at\/new_2017-08-09\/wp-json\/wp\/v2\/media?parent=1526"}],"curies":[{"name":"wp","href":"https:\/\/api.w.org\/{rel}","templated":true}]}}