{"id":1519,"date":"2018-05-04T05:43:41","date_gmt":"2018-05-04T03:43:41","guid":{"rendered":"http:\/\/www.bahnmedien.at\/new_2017-08-09\/?page_id=1519"},"modified":"2019-11-25T14:59:13","modified_gmt":"2019-11-25T13:59:13","slug":"dieter-zoubek","status":"publish","type":"page","link":"https:\/\/www.bahnmedien.at\/new_2017-08-09\/unsere-autoren\/dieter-zoubek\/","title":{"rendered":"Dieter Zoubek"},"content":{"rendered":"<p>Dieter Zoubek, geboren 1959, verheiratet, Vater zweier erwachsener S\u00f6hne, IT-Unternehmer, Journalist und Unternehmensberater, seine hauptberuflichen Kompetenzen sind Rechtsinformatik, E-Government, Datenschutz und Medienwesen (<a href=\"http:\/\/www.diamo.at\/ueber-uns\/dipl-ing-dieter-zoubek\/\">http:\/\/www.diamo.at\/ueber-uns\/dipl-ing-dieter-zoubek\/<\/a>).<\/p>\n<p>Er ist seit seiner Kindheit mit dem Dampflokvirus befallen. Um 2002 begann er mit dem Aufbau der Austrian Steam Base (ASB, <a href=\"http:\/\/www.dampflok.at\">www.dampflok.at<\/a>), einer Online-Datenbank, in der alle erhaltenen Dampflokomomotiven in \u00d6sterreich sowie \u00f6sterreichischer Herkunft weltweit dokumentiert wurden. Aus der ASB entstand im Jahr 2004 sein erstes Buchprojekt im Bereich Eisenbahnstatistik. Eine Folge der ASB-Entwicklung war auch eine sehr gute Vernetzung mit zahlreichen Eisenbahnhistorikern in Mittel- und Osteuropa.<\/p>\n<p>Zoubek befasst sich vorwiegend mit den Themen alt\u00f6sterreichische Dampflokstatistik und internationale Eisenbahngeographie und tr\u00e4gt als Mitarbeiter bei einer Reihe von Print- und Webprojekten bei. Dieter Zoubek war Gr\u00fcndungsmitglied und als erster Gesch\u00e4ftsf\u00fchrer auch Verleger von bahnmedien.at.<\/p>\n<p>Heute sieht sich Zoubek auch als Mentor f\u00fcr andere Autoren und Onlineprojekte.<\/p>\n","protected":false},"excerpt":{"rendered":"<p>Dieter Zoubek, geboren 1959, verheiratet, Vater zweier erwachsener S\u00f6hne, IT-Unternehmer, Journalist und Unternehmensberater, seine hauptberuflichen Kompetenzen sind Rechtsinformatik, E-Government, Datenschutz und Medienwesen (http:\/\/www.diamo.at\/ueber-uns\/dipl-ing-dieter-zoubek\/). Er ist seit seiner Kindheit mit dem Dampflokvirus befallen. Um 2002 begann er mit dem Aufbau der &hellip; <a href=\"https:\/\/www.bahnmedien.at\/new_2017-08-09\/unsere-autoren\/dieter-zoubek\/\">Weiter<\/a><\/p>\n","protected":false},"author":1,"featured_media":0,"parent":1476,"menu_order":0,"comment_status":"closed","ping_status":"closed","template":"page-fullwidth.php","meta":{"_acf_changed":false,"kt_blocks_editor_width":"","footnotes":""},"class_list":["post-1519","page","type-page","status-publish","hentry"],"acf":[],"post_mailing_queue_ids":[],"_links":{"self":[{"href":"https:\/\/www.bahnmedien.at\/new_2017-08-09\/wp-json\/wp\/v2\/pages\/1519","targetHints":{"allow":["GET"]}}],"collection":[{"href":"https:\/\/www.bahnmedien.at\/new_2017-08-09\/wp-json\/wp\/v2\/pages"}],"about":[{"href":"https:\/\/www.bahnmedien.at\/new_2017-08-09\/wp-json\/wp\/v2\/types\/page"}],"author":[{"embeddable":true,"href":"https:\/\/www.bahnmedien.at\/new_2017-08-09\/wp-json\/wp\/v2\/users\/1"}],"replies":[{"embeddable":true,"href":"https:\/\/www.bahnmedien.at\/new_2017-08-09\/wp-json\/wp\/v2\/comments?post=1519"}],"version-history":[{"count":2,"href":"https:\/\/www.bahnmedien.at\/new_2017-08-09\/wp-json\/wp\/v2\/pages\/1519\/revisions"}],"predecessor-version":[{"id":1537,"href":"https:\/\/www.bahnmedien.at\/new_2017-08-09\/wp-json\/wp\/v2\/pages\/1519\/revisions\/1537"}],"up":[{"embeddable":true,"href":"https:\/\/www.bahnmedien.at\/new_2017-08-09\/wp-json\/wp\/v2\/pages\/1476"}],"wp:attachment":[{"href":"https:\/\/www.bahnmedien.at\/new_2017-08-09\/wp-json\/wp\/v2\/media?parent=1519"}],"curies":[{"name":"wp","href":"https:\/\/api.w.org\/{rel}","templated":true}]}}