{"id":1498,"date":"2018-05-01T15:21:34","date_gmt":"2018-05-01T13:21:34","guid":{"rendered":"http:\/\/www.bahnmedien.at\/new_2017-08-09\/?page_id=1498"},"modified":"2019-11-25T14:57:52","modified_gmt":"2019-11-25T13:57:52","slug":"josef-pospichal","status":"publish","type":"page","link":"https:\/\/www.bahnmedien.at\/new_2017-08-09\/unsere-autoren\/josef-pospichal\/","title":{"rendered":"Josef Pospichal"},"content":{"rendered":"<p>Josef Pospichal ist Pensionist und war w\u00e4hrend seiner aktiven Berufslaufbahn Lehrer und sp\u00e4ter Direktor einer Wiener Schule.<\/p>\n<p>Seit Jahrzehnten besch\u00e4ftigt er sich mit Stra\u00dfenbahn-&nbsp; und Eisenbahnthemen. Aus diesen Bereichen sind einige Publikationen bei bahnmedien.at erschienen. Dar\u00fcber hinaus betreibt er eine Homepage mit vorwiegend statistischer Aufbereitung von Eisenbahn- und Stra\u00dfenbahnfahrzeugen (<a href=\"http:\/\/www.pospichal.net\/lokstatistik\/\">http:\/\/www.pospichal.net\/lokstatistik\/<\/a>).<\/p>\n<p>Sein Interesse gilt vor allem den \u00f6sterreichischen Bahnen und deren Fahrzeugen. Weitere Interessensbereiche sind die Bahnen der Schweiz und des Balkans sowie interessante Stra\u00dfenbahnbetriebe europaweit.<\/p>\n<p><a style=\"vertical-align: top;\" href=\"https:\/\/orcid.org\/0000-0002-5954-6986\" target=\"orcid.widget\" rel=\"noopener noreferrer\"><img decoding=\"async\" style=\"width: 1em; margin-right: .5em;\" src=\"https:\/\/orcid.org\/sites\/default\/files\/images\/orcid_16x16.png\" alt=\"ORCID iD icon\">orcid.org\/0000-0002-5954-6986<\/a><\/p>\n","protected":false},"excerpt":{"rendered":"<p>Josef Pospichal ist Pensionist und war w\u00e4hrend seiner aktiven Berufslaufbahn Lehrer und sp\u00e4ter Direktor einer Wiener Schule. Seit Jahrzehnten besch\u00e4ftigt er sich mit Stra\u00dfenbahn-&nbsp; und Eisenbahnthemen. Aus diesen Bereichen sind einige Publikationen bei bahnmedien.at erschienen. Dar\u00fcber hinaus betreibt er eine &hellip; <a href=\"https:\/\/www.bahnmedien.at\/new_2017-08-09\/unsere-autoren\/josef-pospichal\/\">Weiter<\/a><\/p>\n","protected":false},"author":1,"featured_media":0,"parent":1476,"menu_order":0,"comment_status":"closed","ping_status":"closed","template":"page-fullwidth.php","meta":{"_acf_changed":false,"kt_blocks_editor_width":"","footnotes":""},"class_list":["post-1498","page","type-page","status-publish","hentry"],"acf":[],"post_mailing_queue_ids":[],"_links":{"self":[{"href":"https:\/\/www.bahnmedien.at\/new_2017-08-09\/wp-json\/wp\/v2\/pages\/1498","targetHints":{"allow":["GET"]}}],"collection":[{"href":"https:\/\/www.bahnmedien.at\/new_2017-08-09\/wp-json\/wp\/v2\/pages"}],"about":[{"href":"https:\/\/www.bahnmedien.at\/new_2017-08-09\/wp-json\/wp\/v2\/types\/page"}],"author":[{"embeddable":true,"href":"https:\/\/www.bahnmedien.at\/new_2017-08-09\/wp-json\/wp\/v2\/users\/1"}],"replies":[{"embeddable":true,"href":"https:\/\/www.bahnmedien.at\/new_2017-08-09\/wp-json\/wp\/v2\/comments?post=1498"}],"version-history":[{"count":2,"href":"https:\/\/www.bahnmedien.at\/new_2017-08-09\/wp-json\/wp\/v2\/pages\/1498\/revisions"}],"predecessor-version":[{"id":5000,"href":"https:\/\/www.bahnmedien.at\/new_2017-08-09\/wp-json\/wp\/v2\/pages\/1498\/revisions\/5000"}],"up":[{"embeddable":true,"href":"https:\/\/www.bahnmedien.at\/new_2017-08-09\/wp-json\/wp\/v2\/pages\/1476"}],"wp:attachment":[{"href":"https:\/\/www.bahnmedien.at\/new_2017-08-09\/wp-json\/wp\/v2\/media?parent=1498"}],"curies":[{"name":"wp","href":"https:\/\/api.w.org\/{rel}","templated":true}]}}