{"id":1476,"date":"2018-05-01T08:17:24","date_gmt":"2018-05-01T06:17:24","guid":{"rendered":"http:\/\/www.bahnmedien.at\/new_2017-08-09\/?page_id=1476"},"modified":"2025-01-24T08:38:26","modified_gmt":"2025-01-24T07:38:26","slug":"unsere-autoren","status":"publish","type":"page","link":"https:\/\/www.bahnmedien.at\/new_2017-08-09\/unsere-autoren\/","title":{"rendered":"Autoren bei bahnmedien.at"},"content":{"rendered":"<ul>\n<li>Gerhard Artl<\/li>\n<li><a href=\"https:\/\/www.bahnmedien.at\/new_2017-08-09\/unsere-autoren\/roland-beier\/\">Roland Beier<\/a><\/li>\n<li>Dra\u017een Bijeli\u0107<\/li>\n<li>Walter Blasi<\/li>\n<li><a href=\"http:\/\/www.bahnmedien.at\/new_2017-08-09\/johann-blieberger\/\">Johann Blieberger<\/a><\/li>\n<li>Mladen Bogi\u010d<\/li>\n<li>Keith Chester<\/li>\n<li>Jan \u010cih\u00e1k<\/li>\n<li>Ferdinand Felix<\/li>\n<li>Dieter Geerkens<\/li>\n<li>Herwig Gerstner<\/li>\n<li><a href=\"http:\/\/www.bahnmedien.at\/new_2017-08-09\/franz-haas\/\">Franz Haas<\/a><\/li>\n<li>\u017deljko Halambek<\/li>\n<li>Martin Har\u00e1k<\/li>\n<li>Werner Hardmeier<\/li>\n<li><a href=\"http:\/\/www.bahnmedien.at\/new_2017-08-09\/erwin-hauke\/\">Erwin Hauke<\/a><\/li>\n<li><a href=\"http:\/\/www.bahnmedien.at\/new_2017-08-09\/hermann-heless\/\">Hermann Heless<\/a><\/li>\n<li>Stefan Katzenbeisser<\/li>\n<li><a href=\"http:\/\/www.bahnmedien.at\/new_2017-08-09\/unsere-autoren\/guenter-kettler\/\">G\u00fcnter Kettler<\/a><\/li>\n<li>Attila Kirchner<\/li>\n<li><a href=\"https:\/\/www.bahnmedien.at\/new_2017-08-09\/unsere-autoren\/rudolf-koller\/\">Rudolf Koller<\/a><\/li>\n<li><a href=\"http:\/\/www.bahnmedien.at\/new_2017-08-09\/unsere-autoren\/walter-kollerits\/\">Walter Kollerits<\/a><\/li>\n<li>Helmut Kramer<\/li>\n<li>Wilhelm Kurdiovsky<\/li>\n<li>Klaus Matzka<\/li>\n<li><a href=\"http:\/\/www.bahnmedien.at\/new_2017-08-09\/unsere-autoren\/Arthur-Meyer\/\">Arthur Meyer<\/a><\/li>\n<li>Alfred Moser<\/li>\n<li>Bernhard Neuner<\/li>\n<li><a href=\"http:\/\/www.bahnmedien.at\/new_2017-08-09\/unsere-autoren\/egbert-peinhopf\/\">Egbert Peinhopf<\/a><\/li>\n<li><a href=\"http:\/\/www.bahnmedien.at\/new_2017-08-09\/unsere-autoren\/josef-pospichal\/\">Josef Pospichal<\/a><\/li>\n<li><a href=\"https:\/\/www.bahnmedien.at\/new_2017-08-09\/unsere-autoren\/franz-reichl\/\">Franz Reichl<\/a><\/li>\n<li>Stefan Reitgruber<\/li>\n<li>Wilfried Schimon<\/li>\n<li><a href=\"https:\/\/www.bahnmedien.at\/new_2017-08-09\/unsere-autoren\/stefan-semlegger\/\">Stefan Semlegger<\/a><\/li>\n<li><a href=\"https:\/\/www.bahnmedien.at\/new_2017-08-09\/unsere-autoren\/wolfgang-siegl\/?preview=true\">Wolfgang Siegl<\/a><\/li>\n<li>Filip Sirovica<\/li>\n<li><a href=\"https:\/\/www.bahnmedien.at\/new_2017-08-09\/unsere-autoren\/dieter-stanfel\/?preview=true\">Dieter Stanfe<\/a>l<\/li>\n<li>S\u00e1ndor T\u00f3th<\/li>\n<li>Gy\u00f6rgy Vill\u00e1nyi<\/li>\n<li><a href=\"https:\/\/www.bahnmedien.at\/new_2017-08-09\/unsere-autoren\/andreas-vranek\/\">Andreas Vranek<\/a><\/li>\n<li>Christoph Wallisch-Pertl<\/li>\n<li><a href=\"http:\/\/www.bahnmedien.at\/new_2017-08-09\/unsere-autoren\/michael-weininger\/\">Michael Weininger<\/a><\/li>\n<li><a href=\"http:\/\/www.bahnmedien.at\/new_2017-08-09\/unsere-autoren\/dieter-zoubek\/\">Dieter Zoubek<\/a><\/li>\n<li><a href=\"https:\/\/www.bahnmedien.at\/new_2017-08-09\/unsere-autoren\/adalbert-zronek\/\">Adalbert Zronek<\/a><\/li>\n<li><a href=\"http:\/\/www.bahnmedien.at\/new_2017-08-09\/unsere-autoren\/ludwig-zwickl\/\">Ludwig Zwickl<\/a><\/li>\n<\/ul>\n","protected":false},"excerpt":{"rendered":"<p>Gerhard Artl Roland Beier Dra\u017een Bijeli\u0107 Walter Blasi Johann Blieberger Mladen Bogi\u010d Keith Chester Jan \u010cih\u00e1k Ferdinand Felix Dieter Geerkens Herwig Gerstner Franz Haas \u017deljko Halambek Martin Har\u00e1k Werner Hardmeier Erwin Hauke Hermann Heless Stefan Katzenbeisser G\u00fcnter Kettler Attila Kirchner &hellip; <a href=\"https:\/\/www.bahnmedien.at\/new_2017-08-09\/unsere-autoren\/\">Weiter<\/a><\/p>\n","protected":false},"author":1,"featured_media":0,"parent":0,"menu_order":0,"comment_status":"closed","ping_status":"closed","template":"page-fullwidth.php","meta":{"_acf_changed":false,"kt_blocks_editor_width":"","footnotes":""},"class_list":["post-1476","page","type-page","status-publish","hentry"],"acf":[],"post_mailing_queue_ids":[],"_links":{"self":[{"href":"https:\/\/www.bahnmedien.at\/new_2017-08-09\/wp-json\/wp\/v2\/pages\/1476","targetHints":{"allow":["GET"]}}],"collection":[{"href":"https:\/\/www.bahnmedien.at\/new_2017-08-09\/wp-json\/wp\/v2\/pages"}],"about":[{"href":"https:\/\/www.bahnmedien.at\/new_2017-08-09\/wp-json\/wp\/v2\/types\/page"}],"author":[{"embeddable":true,"href":"https:\/\/www.bahnmedien.at\/new_2017-08-09\/wp-json\/wp\/v2\/users\/1"}],"replies":[{"embeddable":true,"href":"https:\/\/www.bahnmedien.at\/new_2017-08-09\/wp-json\/wp\/v2\/comments?post=1476"}],"version-history":[{"count":6,"href":"https:\/\/www.bahnmedien.at\/new_2017-08-09\/wp-json\/wp\/v2\/pages\/1476\/revisions"}],"predecessor-version":[{"id":20259,"href":"https:\/\/www.bahnmedien.at\/new_2017-08-09\/wp-json\/wp\/v2\/pages\/1476\/revisions\/20259"}],"wp:attachment":[{"href":"https:\/\/www.bahnmedien.at\/new_2017-08-09\/wp-json\/wp\/v2\/media?parent=1476"}],"curies":[{"name":"wp","href":"https:\/\/api.w.org\/{rel}","templated":true}]}}