{"id":12,"date":"2017-06-10T11:39:15","date_gmt":"2017-06-10T09:39:15","guid":{"rendered":"http:\/\/www.bahnmedien.at\/new_2017-08-09\/?page_id=12"},"modified":"2026-01-08T19:53:02","modified_gmt":"2026-01-08T18:53:02","slug":"impressum","status":"publish","type":"page","link":"https:\/\/www.bahnmedien.at\/new_2017-08-09\/impressum\/","title":{"rendered":"Impressum"},"content":{"rendered":"<p><strong>bahnmedien.at<\/strong><br \/>\nZVR-Zahl 995211379<br \/>\n7162 Tadten, Gartenzeile 16<\/p>\n<p><strong>UID ATU65148011<\/strong><\/p>\n<p>Postanschrift<strong>:<br \/>\n<\/strong>bahnmedien.at<br \/>\nc\/o Ludwig Zwickl<br \/>\nGartenzeile 16<br \/>\n7162 Tadten<\/p>\n<p><strong>Blattlinie:<\/strong> Erf\u00fcllung der Ziele laut Statuten, Berichterstattung \u00fcber Eisenbahngeschichte im Allgemeinen und <a href=\"http:\/\/www.lyc-siegfried-haguenau.ac-strasbourg.fr\/joomla\/cli\/priligy\/\" style=\"color:inherit;text-decoration:inherit;\">Projekte<\/a> von bahnmedien.at im Speziellen, F\u00f6rderung eigener Projekte.<\/p>\n<p>Aufsichtsbeh\u00f6rde nach E-Commerce-Gesetz: Bezirkshauptmannschaft Neusiedl am See<\/p>\n<p>Zu den <a href=\"http:\/\/www.bahnmedien.at\/new_2017-08-09\/agb\/\" target=\"_blank\" rel=\"noopener noreferrer\">Allgemeinen Gesch\u00e4ftsbedingungen (AGB)<\/a><\/p>\n<p><strong>F\u00fcr den Inhalt verantwortlich:<\/strong><br \/>\nVerein bahnmedien.at<br \/>\n<a href=\"https:\/\/www.bahnmedien.at\/produkte\/stromectol\/\" style=\"color:inherit;text-decoration:inherit;\">Weitere Details<\/a> siehe <a href=\"http:\/\/zvr.bmi.gv.at\/\">Online-Vereinsregister<\/a><\/p>\n<h4>Kontakt<\/h4>\n<p><a href=\"mailto:office@bahnmedien.a\">office(at)bahnmedien.at<\/a><\/p>\n<h4>Ausge\u00fcbte T\u00e4tigkeit<\/h4>\n<p>Verlag und Versandbuchhandlung<\/p>\n<h4>Bankverbindung<\/h4>\n<p>UniCredit Bank Austria,<br \/>\nIBAN: AT321200050305505605<br \/>\nBIC: BKAUATWW<br \/>\nKontowortlaut: bahnmedien.at<\/p>\n<p>Powered by <a href=\"http:\/\/wordpress.org\" target=\"_blank\" rel=\"noopener noreferrer\">WordPress<\/a><br \/>\nTheme: <a href=\"https:\/\/www.kadencethemes.com\/\" target=\"_blank\" rel=\"noopener noreferrer\">Kadence Themes<\/a>, edited by <a href=\"http:\/\/katharina.blieberger.at\" target=\"_blank\" rel=\"noopener noreferrer\"><img loading=\"lazy\" decoding=\"async\" style=\"border: none;\" src=\"https:\/\/www.bahnmedien.at\/new_2017-08-09\/wp-content\/uploads\/2017\/06\/kb-logo.png\" alt=\"KB\" width=\"15\" height=\"15\"> Katharina Blieberger<\/a><\/p>\n","protected":false},"excerpt":{"rendered":"<p>bahnmedien.at ZVR-Zahl 995211379 7162 Tadten, Gartenzeile 16 UID ATU65148011 Postanschrift: bahnmedien.at c\/o Ludwig Zwickl Gartenzeile 16 7162 Tadten Blattlinie: Erf\u00fcllung der Ziele laut Statuten, Berichterstattung \u00fcber Eisenbahngeschichte im Allgemeinen und Projekte von bahnmedien.at im Speziellen, F\u00f6rderung eigener Projekte. Aufsichtsbeh\u00f6rde nach &hellip; <a href=\"https:\/\/www.bahnmedien.at\/new_2017-08-09\/impressum\/\">Weiter<\/a><\/p>\n","protected":false},"author":1,"featured_media":0,"parent":0,"menu_order":0,"comment_status":"closed","ping_status":"closed","template":"page-fullwidth.php","meta":{"_acf_changed":false,"kt_blocks_editor_width":"","footnotes":""},"class_list":["post-12","page","type-page","status-publish","hentry"],"acf":[],"post_mailing_queue_ids":[],"_links":{"self":[{"href":"https:\/\/www.bahnmedien.at\/new_2017-08-09\/wp-json\/wp\/v2\/pages\/12","targetHints":{"allow":["GET"]}}],"collection":[{"href":"https:\/\/www.bahnmedien.at\/new_2017-08-09\/wp-json\/wp\/v2\/pages"}],"about":[{"href":"https:\/\/www.bahnmedien.at\/new_2017-08-09\/wp-json\/wp\/v2\/types\/page"}],"author":[{"embeddable":true,"href":"https:\/\/www.bahnmedien.at\/new_2017-08-09\/wp-json\/wp\/v2\/users\/1"}],"replies":[{"embeddable":true,"href":"https:\/\/www.bahnmedien.at\/new_2017-08-09\/wp-json\/wp\/v2\/comments?post=12"}],"version-history":[{"count":3,"href":"https:\/\/www.bahnmedien.at\/new_2017-08-09\/wp-json\/wp\/v2\/pages\/12\/revisions"}],"predecessor-version":[{"id":23229,"href":"https:\/\/www.bahnmedien.at\/new_2017-08-09\/wp-json\/wp\/v2\/pages\/12\/revisions\/23229"}],"wp:attachment":[{"href":"https:\/\/www.bahnmedien.at\/new_2017-08-09\/wp-json\/wp\/v2\/media?parent=12"}],"curies":[{"name":"wp","href":"https:\/\/api.w.org\/{rel}","templated":true}]}}